{"id":56167,"date":"2018-12-24T04:06:35","date_gmt":"2018-12-24T04:06:35","guid":{"rendered":"https:\/\/www.paudimodel.com\/?post_type=product&#038;p=56167"},"modified":"2025-11-28T02:32:11","modified_gmt":"2025-11-28T02:32:11","slug":"118-scale-volkswagen-cc-arteon-2018","status":"publish","type":"product","link":"https:\/\/www.paudimodel.com\/de\/produkt\/118-scale-volkswagen-cc-arteon-2018\/","title":{"rendered":"Volkswagen CC Arteon 2018 im Ma\u00dfstab 1:18"},"content":{"rendered":"<p>Der Volkswagen Arteon ist ein viert\u00fcriges Flie\u00dfheckmodell auf Basis der MQB-Plattform des Volkswagen-Konzerns. Der Arteon ist der direkte Nachfolger des CC.<\/p>\n<p>Das Druckguss-Modellauto Volkswagen CC im Ma\u00dfstab 1:18 ist mit authentischen Merkmalen und Details des Originals ausgestattet. Sehen Sie sich den ber\u00fchmten Kugelgrill an. \u00d6ffnen Sie Motorhaube, T\u00fcren und Kofferraum und sp\u00fcren Sie die au\u00dfergew\u00f6hnliche Verarbeitung. Im Inneren lassen sich die beiden Sitze nach vorne schieben. Sogar winzige Volkswagen-Logos auf jeder Radkappe! Diese Kombination mit hohem Sammlerwert sollten Sie sich nicht entgehen lassen!<\/p>\n<p>Produktcode: 2570GL, 2570R, 2570W<\/p>\n<p>Farbe: Gold, Rot, Wei\u00df<\/p>\n<p><img loading=\"lazy\" decoding=\"async\" class=\"alignnone size-full wp-image-56171\" src=\"https:\/\/www.paudimodel.com\/wp-content\/uploads\/2018\/12\/Volkswagen-CC-2018_02.jpg\" alt=\"\" width=\"900\" height=\"599\" srcset=\"https:\/\/www.paudimodel.com\/wp-content\/uploads\/2018\/12\/Volkswagen-CC-2018_02.jpg 900w, https:\/\/www.paudimodel.com\/wp-content\/uploads\/2018\/12\/Volkswagen-CC-2018_02-300x200.jpg 300w, https:\/\/www.paudimodel.com\/wp-content\/uploads\/2018\/12\/Volkswagen-CC-2018_02-450x300.jpg 450w, https:\/\/www.paudimodel.com\/wp-content\/uploads\/2018\/12\/Volkswagen-CC-2018_02-768x511.jpg 768w, https:\/\/www.paudimodel.com\/wp-content\/uploads\/2018\/12\/Volkswagen-CC-2018_02-705x469.jpg 705w\" sizes=\"auto, (max-width: 900px) 100vw, 900px\" \/> <img loading=\"lazy\" decoding=\"async\" class=\"alignnone size-full wp-image-56180\" src=\"https:\/\/www.paudimodel.com\/wp-content\/uploads\/2018\/12\/Volkswagen-CC-2018_05.jpg\" alt=\"\" width=\"900\" height=\"599\" srcset=\"https:\/\/www.paudimodel.com\/wp-content\/uploads\/2018\/12\/Volkswagen-CC-2018_05.jpg 900w, https:\/\/www.paudimodel.com\/wp-content\/uploads\/2018\/12\/Volkswagen-CC-2018_05-300x200.jpg 300w, https:\/\/www.paudimodel.com\/wp-content\/uploads\/2018\/12\/Volkswagen-CC-2018_05-450x300.jpg 450w, https:\/\/www.paudimodel.com\/wp-content\/uploads\/2018\/12\/Volkswagen-CC-2018_05-768x511.jpg 768w, https:\/\/www.paudimodel.com\/wp-content\/uploads\/2018\/12\/Volkswagen-CC-2018_05-705x469.jpg 705w\" sizes=\"auto, (max-width: 900px) 100vw, 900px\" \/> <img loading=\"lazy\" decoding=\"async\" class=\"alignnone size-full wp-image-56186\" src=\"https:\/\/www.paudimodel.com\/wp-content\/uploads\/2018\/12\/Volkswagen-CC-2018_07.jpg\" alt=\"\" width=\"900\" height=\"599\" srcset=\"https:\/\/www.paudimodel.com\/wp-content\/uploads\/2018\/12\/Volkswagen-CC-2018_07.jpg 900w, https:\/\/www.paudimodel.com\/wp-content\/uploads\/2018\/12\/Volkswagen-CC-2018_07-300x200.jpg 300w, https:\/\/www.paudimodel.com\/wp-content\/uploads\/2018\/12\/Volkswagen-CC-2018_07-450x300.jpg 450w, https:\/\/www.paudimodel.com\/wp-content\/uploads\/2018\/12\/Volkswagen-CC-2018_07-768x511.jpg 768w, https:\/\/www.paudimodel.com\/wp-content\/uploads\/2018\/12\/Volkswagen-CC-2018_07-705x469.jpg 705w\" sizes=\"auto, (max-width: 900px) 100vw, 900px\" \/> <img loading=\"lazy\" decoding=\"async\" class=\"alignnone size-full wp-image-56177\" src=\"https:\/\/www.paudimodel.com\/wp-content\/uploads\/2018\/12\/Volkswagen-CC-2018_04.jpg\" alt=\"\" width=\"900\" height=\"599\" srcset=\"https:\/\/www.paudimodel.com\/wp-content\/uploads\/2018\/12\/Volkswagen-CC-2018_04.jpg 900w, https:\/\/www.paudimodel.com\/wp-content\/uploads\/2018\/12\/Volkswagen-CC-2018_04-300x200.jpg 300w, https:\/\/www.paudimodel.com\/wp-content\/uploads\/2018\/12\/Volkswagen-CC-2018_04-450x300.jpg 450w, https:\/\/www.paudimodel.com\/wp-content\/uploads\/2018\/12\/Volkswagen-CC-2018_04-768x511.jpg 768w, https:\/\/www.paudimodel.com\/wp-content\/uploads\/2018\/12\/Volkswagen-CC-2018_04-705x469.jpg 705w\" sizes=\"auto, (max-width: 900px) 100vw, 900px\" \/> <img loading=\"lazy\" decoding=\"async\" class=\"alignnone size-full wp-image-56192\" src=\"https:\/\/www.paudimodel.com\/wp-content\/uploads\/2018\/12\/Volkswagen-CC-2018_09.jpg\" alt=\"\" width=\"900\" height=\"599\" srcset=\"https:\/\/www.paudimodel.com\/wp-content\/uploads\/2018\/12\/Volkswagen-CC-2018_09.jpg 900w, https:\/\/www.paudimodel.com\/wp-content\/uploads\/2018\/12\/Volkswagen-CC-2018_09-300x200.jpg 300w, https:\/\/www.paudimodel.com\/wp-content\/uploads\/2018\/12\/Volkswagen-CC-2018_09-450x300.jpg 450w, https:\/\/www.paudimodel.com\/wp-content\/uploads\/2018\/12\/Volkswagen-CC-2018_09-768x511.jpg 768w, https:\/\/www.paudimodel.com\/wp-content\/uploads\/2018\/12\/Volkswagen-CC-2018_09-705x469.jpg 705w\" sizes=\"auto, (max-width: 900px) 100vw, 900px\" \/> <img loading=\"lazy\" decoding=\"async\" class=\"alignnone size-full wp-image-56216\" src=\"https:\/\/www.paudimodel.com\/wp-content\/uploads\/2018\/12\/Volkswagen-CC-2018_11-1.jpg\" alt=\"\" width=\"900\" height=\"599\" srcset=\"https:\/\/www.paudimodel.com\/wp-content\/uploads\/2018\/12\/Volkswagen-CC-2018_11-1.jpg 900w, https:\/\/www.paudimodel.com\/wp-content\/uploads\/2018\/12\/Volkswagen-CC-2018_11-1-300x200.jpg 300w, https:\/\/www.paudimodel.com\/wp-content\/uploads\/2018\/12\/Volkswagen-CC-2018_11-1-450x300.jpg 450w, https:\/\/www.paudimodel.com\/wp-content\/uploads\/2018\/12\/Volkswagen-CC-2018_11-1-768x511.jpg 768w, https:\/\/www.paudimodel.com\/wp-content\/uploads\/2018\/12\/Volkswagen-CC-2018_11-1-705x469.jpg 705w\" sizes=\"auto, (max-width: 900px) 100vw, 900px\" \/> <img loading=\"lazy\" decoding=\"async\" class=\"alignnone size-full wp-image-56219\" src=\"https:\/\/www.paudimodel.com\/wp-content\/uploads\/2018\/12\/Volkswagen-CC-2018_12-1.jpg\" alt=\"\" width=\"900\" height=\"599\" srcset=\"https:\/\/www.paudimodel.com\/wp-content\/uploads\/2018\/12\/Volkswagen-CC-2018_12-1.jpg 900w, https:\/\/www.paudimodel.com\/wp-content\/uploads\/2018\/12\/Volkswagen-CC-2018_12-1-300x200.jpg 300w, https:\/\/www.paudimodel.com\/wp-content\/uploads\/2018\/12\/Volkswagen-CC-2018_12-1-450x300.jpg 450w, https:\/\/www.paudimodel.com\/wp-content\/uploads\/2018\/12\/Volkswagen-CC-2018_12-1-768x511.jpg 768w, https:\/\/www.paudimodel.com\/wp-content\/uploads\/2018\/12\/Volkswagen-CC-2018_12-1-705x469.jpg 705w\" sizes=\"auto, (max-width: 900px) 100vw, 900px\" \/> <img loading=\"lazy\" decoding=\"async\" class=\"alignnone size-full wp-image-56222\" src=\"https:\/\/www.paudimodel.com\/wp-content\/uploads\/2018\/12\/Volkswagen-CC-2018_13-1.jpg\" alt=\"\" width=\"900\" height=\"599\" srcset=\"https:\/\/www.paudimodel.com\/wp-content\/uploads\/2018\/12\/Volkswagen-CC-2018_13-1.jpg 900w, https:\/\/www.paudimodel.com\/wp-content\/uploads\/2018\/12\/Volkswagen-CC-2018_13-1-300x200.jpg 300w, https:\/\/www.paudimodel.com\/wp-content\/uploads\/2018\/12\/Volkswagen-CC-2018_13-1-450x300.jpg 450w, https:\/\/www.paudimodel.com\/wp-content\/uploads\/2018\/12\/Volkswagen-CC-2018_13-1-768x511.jpg 768w, https:\/\/www.paudimodel.com\/wp-content\/uploads\/2018\/12\/Volkswagen-CC-2018_13-1-705x469.jpg 705w\" sizes=\"auto, (max-width: 900px) 100vw, 900px\" \/> <img loading=\"lazy\" decoding=\"async\" class=\"alignnone size-full wp-image-56225\" src=\"https:\/\/www.paudimodel.com\/wp-content\/uploads\/2018\/12\/Volkswagen-CC-2018_14-1.jpg\" alt=\"\" width=\"900\" height=\"599\" srcset=\"https:\/\/www.paudimodel.com\/wp-content\/uploads\/2018\/12\/Volkswagen-CC-2018_14-1.jpg 900w, https:\/\/www.paudimodel.com\/wp-content\/uploads\/2018\/12\/Volkswagen-CC-2018_14-1-300x200.jpg 300w, https:\/\/www.paudimodel.com\/wp-content\/uploads\/2018\/12\/Volkswagen-CC-2018_14-1-450x300.jpg 450w, https:\/\/www.paudimodel.com\/wp-content\/uploads\/2018\/12\/Volkswagen-CC-2018_14-1-768x511.jpg 768w, https:\/\/www.paudimodel.com\/wp-content\/uploads\/2018\/12\/Volkswagen-CC-2018_14-1-705x469.jpg 705w\" sizes=\"auto, (max-width: 900px) 100vw, 900px\" \/> <img loading=\"lazy\" decoding=\"async\" class=\"alignnone size-full wp-image-56228\" src=\"https:\/\/www.paudimodel.com\/wp-content\/uploads\/2018\/12\/Volkswagen-CC-2018_15-1.jpg\" alt=\"\" width=\"900\" height=\"599\" srcset=\"https:\/\/www.paudimodel.com\/wp-content\/uploads\/2018\/12\/Volkswagen-CC-2018_15-1.jpg 900w, https:\/\/www.paudimodel.com\/wp-content\/uploads\/2018\/12\/Volkswagen-CC-2018_15-1-300x200.jpg 300w, https:\/\/www.paudimodel.com\/wp-content\/uploads\/2018\/12\/Volkswagen-CC-2018_15-1-450x300.jpg 450w, https:\/\/www.paudimodel.com\/wp-content\/uploads\/2018\/12\/Volkswagen-CC-2018_15-1-768x511.jpg 768w, https:\/\/www.paudimodel.com\/wp-content\/uploads\/2018\/12\/Volkswagen-CC-2018_15-1-705x469.jpg 705w\" sizes=\"auto, (max-width: 900px) 100vw, 900px\" \/> <img loading=\"lazy\" decoding=\"async\" class=\"alignnone size-full wp-image-56231\" src=\"https:\/\/www.paudimodel.com\/wp-content\/uploads\/2018\/12\/Volkswagen-CC-2018_10-1.jpg\" alt=\"\" width=\"900\" height=\"599\" srcset=\"https:\/\/www.paudimodel.com\/wp-content\/uploads\/2018\/12\/Volkswagen-CC-2018_10-1.jpg 900w, https:\/\/www.paudimodel.com\/wp-content\/uploads\/2018\/12\/Volkswagen-CC-2018_10-1-300x200.jpg 300w, https:\/\/www.paudimodel.com\/wp-content\/uploads\/2018\/12\/Volkswagen-CC-2018_10-1-450x300.jpg 450w, https:\/\/www.paudimodel.com\/wp-content\/uploads\/2018\/12\/Volkswagen-CC-2018_10-1-768x511.jpg 768w, https:\/\/www.paudimodel.com\/wp-content\/uploads\/2018\/12\/Volkswagen-CC-2018_10-1-705x469.jpg 705w\" sizes=\"auto, (max-width: 900px) 100vw, 900px\" \/><\/p>","protected":false},"excerpt":{"rendered":"<p>Der Volkswagen Arteon ist ein viert\u00fcriges Fastback-Coup\u00e9, basierend auf der MQB-Plattform des Volkswagen-Konzerns. Er ist der direkte Nachfolger des CC. Das Volkswagen CC-Modellauto im Ma\u00dfstab 1:18 ist mit authentischen Merkmalen und Details des Originals ausgestattet. Entdecken Sie den ber\u00fchmten Bullet-K\u00fchlergrill. \u00d6ffnen Sie Motorhaube, T\u00fcren und Kofferraum, um [\u2026]<\/p>","protected":false},"featured_media":56168,"comment_status":"open","ping_status":"closed","template":"","meta":[],"product_brand":[],"product_cat":[466,147],"product_tag":[2099],"class_list":{"0":"post-56167","1":"product","2":"type-product","3":"status-publish","4":"has-post-thumbnail","6":"product_cat-1-18-scale","7":"product_cat-volkswagen","8":"product_tag-vw-cc","9":"pa_color-gold","10":"pa_color-redcolor","11":"pa_color-pearl-white","12":"pa_material-diecast-model-car","13":"pa_material-zinc-alloy-abs-variety-of-composite-materials","14":"pa_scale-34","16":"first","17":"outofstock","18":"featured","19":"taxable","20":"shipping-taxable","21":"purchasable","22":"product-type-variable"},"yoast_head":"<!-- This site is optimized with the Yoast SEO Premium plugin v25.6 (Yoast SEO v26.7) - https:\/\/yoast.com\/wordpress\/plugins\/seo\/ -->\n<title>1:18 Scale Volkswagen CC Arteon 2018 - Paudi Model | High Quality Diecast Model<\/title>\n<meta name=\"robots\" content=\"index, follow, max-snippet:-1, max-image-preview:large, max-video-preview:-1\" \/>\n<link rel=\"canonical\" href=\"https:\/\/www.paudimodel.com\/de\/produkt\/118-scale-volkswagen-cc-arteon-2018\/\" \/>\n<meta property=\"og:locale\" content=\"de_DE\" \/>\n<meta property=\"og:type\" content=\"article\" \/>\n<meta property=\"og:title\" content=\"1:18 Scale Volkswagen CC Arteon 2018\" \/>\n<meta property=\"og:url\" content=\"https:\/\/www.paudimodel.com\/de\/produkt\/118-scale-volkswagen-cc-arteon-2018\/\" \/>\n<meta property=\"og:site_name\" content=\"Paudi Model | High Quality Diecast Model\" \/>\n<meta property=\"article:publisher\" content=\"https:\/\/www.facebook\/paudimodel\" \/>\n<meta property=\"article:modified_time\" content=\"2025-11-28T02:32:11+00:00\" \/>\n<meta property=\"og:image\" content=\"https:\/\/www.paudimodel.com\/wp-content\/uploads\/2018\/12\/Volkswagen-CC-2018_01.jpg\" \/>\n\t<meta property=\"og:image:width\" content=\"900\" \/>\n\t<meta property=\"og:image:height\" content=\"599\" \/>\n\t<meta property=\"og:image:type\" content=\"image\/jpeg\" \/>\n<meta name=\"twitter:card\" content=\"summary_large_image\" \/>\n<meta name=\"twitter:site\" content=\"@paudimodel\" \/>\n<meta name=\"twitter:label1\" content=\"Gesch\u00e4tzte Lesezeit\" \/>\n\t<meta name=\"twitter:data1\" content=\"3\u00a0Minuten\" \/>\n<script type=\"application\/ld+json\" class=\"yoast-schema-graph\">{\"@context\":\"https:\/\/schema.org\",\"@graph\":[{\"@type\":\"WebPage\",\"@id\":\"https:\/\/www.paudimodel.com\/product\/118-scale-volkswagen-cc-arteon-2018\/\",\"url\":\"https:\/\/www.paudimodel.com\/product\/118-scale-volkswagen-cc-arteon-2018\/\",\"name\":\"1:18 Scale Volkswagen CC Arteon 2018 - Paudi Model | High Quality Diecast Model\",\"isPartOf\":{\"@id\":\"https:\/\/www.paudimodel.com\/#website\"},\"primaryImageOfPage\":{\"@id\":\"https:\/\/www.paudimodel.com\/product\/118-scale-volkswagen-cc-arteon-2018\/#primaryimage\"},\"image\":{\"@id\":\"https:\/\/www.paudimodel.com\/product\/118-scale-volkswagen-cc-arteon-2018\/#primaryimage\"},\"thumbnailUrl\":\"https:\/\/www.paudimodel.com\/wp-content\/uploads\/2018\/12\/Volkswagen-CC-2018_01.jpg\",\"datePublished\":\"2018-12-24T04:06:35+00:00\",\"dateModified\":\"2025-11-28T02:32:11+00:00\",\"breadcrumb\":{\"@id\":\"https:\/\/www.paudimodel.com\/product\/118-scale-volkswagen-cc-arteon-2018\/#breadcrumb\"},\"inLanguage\":\"de\",\"potentialAction\":[{\"@type\":\"ReadAction\",\"target\":[\"https:\/\/www.paudimodel.com\/product\/118-scale-volkswagen-cc-arteon-2018\/\"]}]},{\"@type\":\"ImageObject\",\"inLanguage\":\"de\",\"@id\":\"https:\/\/www.paudimodel.com\/product\/118-scale-volkswagen-cc-arteon-2018\/#primaryimage\",\"url\":\"https:\/\/www.paudimodel.com\/wp-content\/uploads\/2018\/12\/Volkswagen-CC-2018_01.jpg\",\"contentUrl\":\"https:\/\/www.paudimodel.com\/wp-content\/uploads\/2018\/12\/Volkswagen-CC-2018_01.jpg\",\"width\":900,\"height\":599},{\"@type\":\"BreadcrumbList\",\"@id\":\"https:\/\/www.paudimodel.com\/product\/118-scale-volkswagen-cc-arteon-2018\/#breadcrumb\",\"itemListElement\":[{\"@type\":\"ListItem\",\"position\":1,\"name\":\"Home\",\"item\":\"https:\/\/www.paudimodel.com\/\"},{\"@type\":\"ListItem\",\"position\":2,\"name\":\"Products\",\"item\":\"https:\/\/www.paudimodel.com\/products\/\"},{\"@type\":\"ListItem\",\"position\":3,\"name\":\"1:18 Scale Volkswagen CC Arteon 2018\"}]},{\"@type\":\"WebSite\",\"@id\":\"https:\/\/www.paudimodel.com\/#website\",\"url\":\"https:\/\/www.paudimodel.com\/\",\"name\":\"Paudi Model | High Quality Diecast Model\",\"description\":\"Shop For Diecast Models From Top-Rated Brands Like Dealer Edition, Paudi, Kyosho, Autoart &amp; More. Low Online Prices. Super-Detailed Models.Find Your Make &amp; Model.Huge Selection. Satisfaction Guaranteed. Types: Diecast Model Cars, Diecast Model Trucks.\",\"publisher\":{\"@id\":\"https:\/\/www.paudimodel.com\/#organization\"},\"alternateName\":\"Scale model design, development and production\",\"potentialAction\":[{\"@type\":\"SearchAction\",\"target\":{\"@type\":\"EntryPoint\",\"urlTemplate\":\"https:\/\/www.paudimodel.com\/?s={search_term_string}\"},\"query-input\":{\"@type\":\"PropertyValueSpecification\",\"valueRequired\":true,\"valueName\":\"search_term_string\"}}],\"inLanguage\":\"de\"},{\"@type\":\"Organization\",\"@id\":\"https:\/\/www.paudimodel.com\/#organization\",\"name\":\"Guangzhou Paudi Model Technology Ltd.\",\"url\":\"https:\/\/www.paudimodel.com\/\",\"logo\":{\"@type\":\"ImageObject\",\"inLanguage\":\"de\",\"@id\":\"https:\/\/www.paudimodel.com\/#\/schema\/logo\/image\/\",\"url\":\"https:\/\/www.paudimodel.com\/wp-content\/uploads\/2023\/02\/696x696.png\",\"contentUrl\":\"https:\/\/www.paudimodel.com\/wp-content\/uploads\/2023\/02\/696x696.png\",\"width\":696,\"height\":696,\"caption\":\"Guangzhou Paudi Model Technology Ltd.\"},\"image\":{\"@id\":\"https:\/\/www.paudimodel.com\/#\/schema\/logo\/image\/\"},\"sameAs\":[\"https:\/\/www.facebook\/paudimodel\",\"https:\/\/x.com\/paudimodel\"]}]}<\/script>\n<!-- \/ Yoast SEO Premium plugin. -->","yoast_head_json":{"title":"Volkswagen CC Arteon 2018 im Ma\u00dfstab 1:18 \u2013 Paudi-Modell | Hochwertiges Diecast-Modell","robots":{"index":"index","follow":"follow","max-snippet":"max-snippet:-1","max-image-preview":"max-image-preview:large","max-video-preview":"max-video-preview:-1"},"canonical":"https:\/\/www.paudimodel.com\/de\/produkt\/118-scale-volkswagen-cc-arteon-2018\/","og_locale":"de_DE","og_type":"article","og_title":"1:18 Scale Volkswagen CC Arteon 2018","og_url":"https:\/\/www.paudimodel.com\/de\/produkt\/118-scale-volkswagen-cc-arteon-2018\/","og_site_name":"Paudi Model | High Quality Diecast Model","article_publisher":"https:\/\/www.facebook\/paudimodel","article_modified_time":"2025-11-28T02:32:11+00:00","og_image":[{"width":900,"height":599,"url":"https:\/\/www.paudimodel.com\/wp-content\/uploads\/2018\/12\/Volkswagen-CC-2018_01.jpg","type":"image\/jpeg"}],"twitter_card":"summary_large_image","twitter_site":"@paudimodel","twitter_misc":{"Gesch\u00e4tzte Lesezeit":"3\u00a0Minuten"},"schema":{"@context":"https:\/\/schema.org","@graph":[{"@type":"WebPage","@id":"https:\/\/www.paudimodel.com\/product\/118-scale-volkswagen-cc-arteon-2018\/","url":"https:\/\/www.paudimodel.com\/product\/118-scale-volkswagen-cc-arteon-2018\/","name":"Volkswagen CC Arteon 2018 im Ma\u00dfstab 1:18 \u2013 Paudi-Modell | Hochwertiges Diecast-Modell","isPartOf":{"@id":"https:\/\/www.paudimodel.com\/#website"},"primaryImageOfPage":{"@id":"https:\/\/www.paudimodel.com\/product\/118-scale-volkswagen-cc-arteon-2018\/#primaryimage"},"image":{"@id":"https:\/\/www.paudimodel.com\/product\/118-scale-volkswagen-cc-arteon-2018\/#primaryimage"},"thumbnailUrl":"https:\/\/www.paudimodel.com\/wp-content\/uploads\/2018\/12\/Volkswagen-CC-2018_01.jpg","datePublished":"2018-12-24T04:06:35+00:00","dateModified":"2025-11-28T02:32:11+00:00","breadcrumb":{"@id":"https:\/\/www.paudimodel.com\/product\/118-scale-volkswagen-cc-arteon-2018\/#breadcrumb"},"inLanguage":"de","potentialAction":[{"@type":"ReadAction","target":["https:\/\/www.paudimodel.com\/product\/118-scale-volkswagen-cc-arteon-2018\/"]}]},{"@type":"ImageObject","inLanguage":"de","@id":"https:\/\/www.paudimodel.com\/product\/118-scale-volkswagen-cc-arteon-2018\/#primaryimage","url":"https:\/\/www.paudimodel.com\/wp-content\/uploads\/2018\/12\/Volkswagen-CC-2018_01.jpg","contentUrl":"https:\/\/www.paudimodel.com\/wp-content\/uploads\/2018\/12\/Volkswagen-CC-2018_01.jpg","width":900,"height":599},{"@type":"BreadcrumbList","@id":"https:\/\/www.paudimodel.com\/product\/118-scale-volkswagen-cc-arteon-2018\/#breadcrumb","itemListElement":[{"@type":"ListItem","position":1,"name":"Home","item":"https:\/\/www.paudimodel.com\/"},{"@type":"ListItem","position":2,"name":"Products","item":"https:\/\/www.paudimodel.com\/products\/"},{"@type":"ListItem","position":3,"name":"1:18 Scale Volkswagen CC Arteon 2018"}]},{"@type":"WebSite","@id":"https:\/\/www.paudimodel.com\/#website","url":"https:\/\/www.paudimodel.com\/","name":"Paudi-Modell | Hochwertiges Druckgussmodell","description":"Kaufen Sie Druckgussmodelle von Top-Marken wie Dealer Edition, Paudi, Kyosho, Autoart und mehr. G\u00fcnstige Online-Preise. Superdetaillierte Modelle. Finden Sie Ihre Marke und Ihr Modell. Riesige Auswahl. Zufriedenheitsgarantie. Typen: Druckguss-Modellautos, Druckguss-Modell-LKWs.","publisher":{"@id":"https:\/\/www.paudimodel.com\/#organization"},"alternateName":"Scale model design, development and production","potentialAction":[{"@type":"SearchAction","target":{"@type":"EntryPoint","urlTemplate":"https:\/\/www.paudimodel.com\/?s={search_term_string}"},"query-input":{"@type":"PropertyValueSpecification","valueRequired":true,"valueName":"search_term_string"}}],"inLanguage":"de"},{"@type":"Organization","@id":"https:\/\/www.paudimodel.com\/#organization","name":"Guangzhou Paudi Model Technology Ltd.","url":"https:\/\/www.paudimodel.com\/","logo":{"@type":"ImageObject","inLanguage":"de","@id":"https:\/\/www.paudimodel.com\/#\/schema\/logo\/image\/","url":"https:\/\/www.paudimodel.com\/wp-content\/uploads\/2023\/02\/696x696.png","contentUrl":"https:\/\/www.paudimodel.com\/wp-content\/uploads\/2023\/02\/696x696.png","width":696,"height":696,"caption":"Guangzhou Paudi Model Technology Ltd."},"image":{"@id":"https:\/\/www.paudimodel.com\/#\/schema\/logo\/image\/"},"sameAs":["https:\/\/www.facebook\/paudimodel","https:\/\/x.com\/paudimodel"]}]}},"_links":{"self":[{"href":"https:\/\/www.paudimodel.com\/de\/wp-json\/wp\/v2\/product\/56167","targetHints":{"allow":["GET"]}}],"collection":[{"href":"https:\/\/www.paudimodel.com\/de\/wp-json\/wp\/v2\/product"}],"about":[{"href":"https:\/\/www.paudimodel.com\/de\/wp-json\/wp\/v2\/types\/product"}],"replies":[{"embeddable":true,"href":"https:\/\/www.paudimodel.com\/de\/wp-json\/wp\/v2\/comments?post=56167"}],"wp:featuredmedia":[{"embeddable":true,"href":"https:\/\/www.paudimodel.com\/de\/wp-json\/wp\/v2\/media\/56168"}],"wp:attachment":[{"href":"https:\/\/www.paudimodel.com\/de\/wp-json\/wp\/v2\/media?parent=56167"}],"wp:term":[{"taxonomy":"product_brand","embeddable":true,"href":"https:\/\/www.paudimodel.com\/de\/wp-json\/wp\/v2\/product_brand?post=56167"},{"taxonomy":"product_cat","embeddable":true,"href":"https:\/\/www.paudimodel.com\/de\/wp-json\/wp\/v2\/product_cat?post=56167"},{"taxonomy":"product_tag","embeddable":true,"href":"https:\/\/www.paudimodel.com\/de\/wp-json\/wp\/v2\/product_tag?post=56167"}],"curies":[{"name":"wp","href":"https:\/\/api.w.org\/{rel}","templated":true}]}}