{"id":65961,"date":"2020-03-04T02:35:23","date_gmt":"2020-03-04T02:35:23","guid":{"rendered":"https:\/\/www.paudimodel.com\/?post_type=product&#038;p=65961"},"modified":"2024-09-02T07:44:08","modified_gmt":"2024-09-02T07:44:08","slug":"118-audi-a6l-2019-diecast-model-car-wholesale","status":"publish","type":"product","link":"https:\/\/www.paudimodel.com\/de\/produkt\/118-audi-a6l-2019-diecast-model-car-wholesale\/","title":{"rendered":"1:18 Audi A6L 2019 Druckguss-Modellauto"},"content":{"rendered":"<p><img loading=\"lazy\" decoding=\"async\" class=\"alignnone size-full wp-image-67704\" src=\"https:\/\/www.paudimodel.com\/wp-content\/uploads\/2020\/03\/Audi_A6L-2019_bk_008.jpg\" alt=\"\" width=\"990\" height=\"658\" srcset=\"https:\/\/www.paudimodel.com\/wp-content\/uploads\/2020\/03\/Audi_A6L-2019_bk_008.jpg 990w, https:\/\/www.paudimodel.com\/wp-content\/uploads\/2020\/03\/Audi_A6L-2019_bk_008-300x199.jpg 300w, https:\/\/www.paudimodel.com\/wp-content\/uploads\/2020\/03\/Audi_A6L-2019_bk_008-450x299.jpg 450w, https:\/\/www.paudimodel.com\/wp-content\/uploads\/2020\/03\/Audi_A6L-2019_bk_008-768x510.jpg 768w, https:\/\/www.paudimodel.com\/wp-content\/uploads\/2020\/03\/Audi_A6L-2019_bk_008-705x469.jpg 705w\" sizes=\"auto, (max-width: 990px) 100vw, 990px\" \/> <img loading=\"lazy\" decoding=\"async\" class=\"alignnone size-full wp-image-67701\" src=\"https:\/\/www.paudimodel.com\/wp-content\/uploads\/2020\/03\/Audi_A6L-2019_bk_004.jpg\" alt=\"\" width=\"990\" height=\"658\" srcset=\"https:\/\/www.paudimodel.com\/wp-content\/uploads\/2020\/03\/Audi_A6L-2019_bk_004.jpg 990w, https:\/\/www.paudimodel.com\/wp-content\/uploads\/2020\/03\/Audi_A6L-2019_bk_004-300x199.jpg 300w, https:\/\/www.paudimodel.com\/wp-content\/uploads\/2020\/03\/Audi_A6L-2019_bk_004-450x299.jpg 450w, https:\/\/www.paudimodel.com\/wp-content\/uploads\/2020\/03\/Audi_A6L-2019_bk_004-768x510.jpg 768w, https:\/\/www.paudimodel.com\/wp-content\/uploads\/2020\/03\/Audi_A6L-2019_bk_004-705x469.jpg 705w\" sizes=\"auto, (max-width: 990px) 100vw, 990px\" \/> <img loading=\"lazy\" decoding=\"async\" class=\"alignnone size-full wp-image-67707\" src=\"https:\/\/www.paudimodel.com\/wp-content\/uploads\/2020\/03\/Audi_A6L-2019_bk_009.jpg\" alt=\"\" width=\"990\" height=\"658\" srcset=\"https:\/\/www.paudimodel.com\/wp-content\/uploads\/2020\/03\/Audi_A6L-2019_bk_009.jpg 990w, https:\/\/www.paudimodel.com\/wp-content\/uploads\/2020\/03\/Audi_A6L-2019_bk_009-300x199.jpg 300w, https:\/\/www.paudimodel.com\/wp-content\/uploads\/2020\/03\/Audi_A6L-2019_bk_009-450x299.jpg 450w, https:\/\/www.paudimodel.com\/wp-content\/uploads\/2020\/03\/Audi_A6L-2019_bk_009-768x510.jpg 768w, https:\/\/www.paudimodel.com\/wp-content\/uploads\/2020\/03\/Audi_A6L-2019_bk_009-705x469.jpg 705w\" sizes=\"auto, (max-width: 990px) 100vw, 990px\" \/> <img loading=\"lazy\" decoding=\"async\" class=\"alignnone size-full wp-image-67710\" src=\"https:\/\/www.paudimodel.com\/wp-content\/uploads\/2020\/03\/Audi_A6L-2019_bk_010.jpg\" alt=\"\" width=\"990\" height=\"658\" srcset=\"https:\/\/www.paudimodel.com\/wp-content\/uploads\/2020\/03\/Audi_A6L-2019_bk_010.jpg 990w, https:\/\/www.paudimodel.com\/wp-content\/uploads\/2020\/03\/Audi_A6L-2019_bk_010-300x199.jpg 300w, https:\/\/www.paudimodel.com\/wp-content\/uploads\/2020\/03\/Audi_A6L-2019_bk_010-450x299.jpg 450w, https:\/\/www.paudimodel.com\/wp-content\/uploads\/2020\/03\/Audi_A6L-2019_bk_010-768x510.jpg 768w, https:\/\/www.paudimodel.com\/wp-content\/uploads\/2020\/03\/Audi_A6L-2019_bk_010-705x469.jpg 705w\" sizes=\"auto, (max-width: 990px) 100vw, 990px\" \/> <img loading=\"lazy\" decoding=\"async\" class=\"alignnone size-full wp-image-67713\" src=\"https:\/\/www.paudimodel.com\/wp-content\/uploads\/2020\/03\/Audi_A6L-2019_bk_011.jpg\" alt=\"\" width=\"990\" height=\"658\" srcset=\"https:\/\/www.paudimodel.com\/wp-content\/uploads\/2020\/03\/Audi_A6L-2019_bk_011.jpg 990w, https:\/\/www.paudimodel.com\/wp-content\/uploads\/2020\/03\/Audi_A6L-2019_bk_011-300x199.jpg 300w, https:\/\/www.paudimodel.com\/wp-content\/uploads\/2020\/03\/Audi_A6L-2019_bk_011-450x299.jpg 450w, https:\/\/www.paudimodel.com\/wp-content\/uploads\/2020\/03\/Audi_A6L-2019_bk_011-768x510.jpg 768w, https:\/\/www.paudimodel.com\/wp-content\/uploads\/2020\/03\/Audi_A6L-2019_bk_011-705x469.jpg 705w\" sizes=\"auto, (max-width: 990px) 100vw, 990px\" \/><\/p>","protected":false},"excerpt":{"rendered":"<p>Dieses 1\/18 Druckgussauto akzeptiert den Gro\u00dfhandel, wird zum Gro\u00dfhandel und kann sich beim Anmelden den Gro\u00dfhandelspreis ansehen<\/p>\n<p>Produktcode: 2535BK,255GL,<\/p>\n<p>Kunst bis 150\u2013300, mit Sammlungswert, ist die beste Wahl f\u00fcr Sammlerst\u00fccke und Geschenke.<\/p>","protected":false},"featured_media":67692,"comment_status":"open","ping_status":"closed","template":"","meta":[],"product_brand":[],"product_cat":[466,36],"product_tag":[],"class_list":{"0":"post-65961","1":"product","2":"type-product","3":"status-publish","4":"has-post-thumbnail","6":"product_cat-1-18-scale","7":"product_cat-audi","8":"pa_color-blackcolor","9":"pa_color-gold","10":"pa_material-zinc-alloy-abs-variety-of-composite-materials","11":"pa_scale-34","13":"first","14":"instock","15":"taxable","16":"shipping-taxable","17":"purchasable","18":"product-type-variable"},"yoast_head":"<!-- This site is optimized with the Yoast SEO Premium plugin v25.6 (Yoast SEO v26.7) - https:\/\/yoast.com\/wordpress\/plugins\/seo\/ -->\n<title>1:18 Audi A6L 2019 Diecast Model Car - Paudi Model | High Quality Diecast Model<\/title>\n<meta name=\"robots\" content=\"index, follow, max-snippet:-1, max-image-preview:large, max-video-preview:-1\" \/>\n<link rel=\"canonical\" href=\"https:\/\/www.paudimodel.com\/de\/produkt\/118-audi-a6l-2019-diecast-model-car-wholesale\/\" \/>\n<meta property=\"og:locale\" content=\"de_DE\" \/>\n<meta property=\"og:type\" content=\"article\" \/>\n<meta property=\"og:title\" content=\"1:18 Audi A6L 2019 Diecast Model Car\" \/>\n<meta property=\"og:url\" content=\"https:\/\/www.paudimodel.com\/de\/produkt\/118-audi-a6l-2019-diecast-model-car-wholesale\/\" \/>\n<meta property=\"og:site_name\" content=\"Paudi Model | High Quality Diecast Model\" \/>\n<meta property=\"article:publisher\" content=\"https:\/\/www.facebook\/paudimodel\" \/>\n<meta property=\"article:modified_time\" content=\"2024-09-02T07:44:08+00:00\" \/>\n<meta property=\"og:image\" content=\"https:\/\/www.paudimodel.com\/wp-content\/uploads\/2020\/03\/Audi_A6L-2019_bk_001.jpg\" \/>\n\t<meta property=\"og:image:width\" content=\"990\" \/>\n\t<meta property=\"og:image:height\" content=\"658\" \/>\n\t<meta property=\"og:image:type\" content=\"image\/jpeg\" \/>\n<meta name=\"twitter:card\" content=\"summary_large_image\" \/>\n<meta name=\"twitter:site\" content=\"@paudimodel\" \/>\n<script type=\"application\/ld+json\" class=\"yoast-schema-graph\">{\"@context\":\"https:\/\/schema.org\",\"@graph\":[{\"@type\":\"WebPage\",\"@id\":\"https:\/\/www.paudimodel.com\/product\/118-audi-a6l-2019-diecast-model-car-wholesale\/\",\"url\":\"https:\/\/www.paudimodel.com\/product\/118-audi-a6l-2019-diecast-model-car-wholesale\/\",\"name\":\"1:18 Audi A6L 2019 Diecast Model Car - Paudi Model | High Quality Diecast Model\",\"isPartOf\":{\"@id\":\"https:\/\/www.paudimodel.com\/#website\"},\"primaryImageOfPage\":{\"@id\":\"https:\/\/www.paudimodel.com\/product\/118-audi-a6l-2019-diecast-model-car-wholesale\/#primaryimage\"},\"image\":{\"@id\":\"https:\/\/www.paudimodel.com\/product\/118-audi-a6l-2019-diecast-model-car-wholesale\/#primaryimage\"},\"thumbnailUrl\":\"https:\/\/www.paudimodel.com\/wp-content\/uploads\/2020\/03\/Audi_A6L-2019_bk_001.jpg\",\"datePublished\":\"2020-03-04T02:35:23+00:00\",\"dateModified\":\"2024-09-02T07:44:08+00:00\",\"breadcrumb\":{\"@id\":\"https:\/\/www.paudimodel.com\/product\/118-audi-a6l-2019-diecast-model-car-wholesale\/#breadcrumb\"},\"inLanguage\":\"de\",\"potentialAction\":[{\"@type\":\"ReadAction\",\"target\":[\"https:\/\/www.paudimodel.com\/product\/118-audi-a6l-2019-diecast-model-car-wholesale\/\"]}]},{\"@type\":\"ImageObject\",\"inLanguage\":\"de\",\"@id\":\"https:\/\/www.paudimodel.com\/product\/118-audi-a6l-2019-diecast-model-car-wholesale\/#primaryimage\",\"url\":\"https:\/\/www.paudimodel.com\/wp-content\/uploads\/2020\/03\/Audi_A6L-2019_bk_001.jpg\",\"contentUrl\":\"https:\/\/www.paudimodel.com\/wp-content\/uploads\/2020\/03\/Audi_A6L-2019_bk_001.jpg\",\"width\":990,\"height\":658},{\"@type\":\"BreadcrumbList\",\"@id\":\"https:\/\/www.paudimodel.com\/product\/118-audi-a6l-2019-diecast-model-car-wholesale\/#breadcrumb\",\"itemListElement\":[{\"@type\":\"ListItem\",\"position\":1,\"name\":\"Home\",\"item\":\"https:\/\/www.paudimodel.com\/\"},{\"@type\":\"ListItem\",\"position\":2,\"name\":\"Products\",\"item\":\"https:\/\/www.paudimodel.com\/products\/\"},{\"@type\":\"ListItem\",\"position\":3,\"name\":\"1:18 Audi A6L 2019 Diecast Model Car\"}]},{\"@type\":\"WebSite\",\"@id\":\"https:\/\/www.paudimodel.com\/#website\",\"url\":\"https:\/\/www.paudimodel.com\/\",\"name\":\"Paudi Model | High Quality Diecast Model\",\"description\":\"Shop For Diecast Models From Top-Rated Brands Like Dealer Edition, Paudi, Kyosho, Autoart &amp; More. Low Online Prices. Super-Detailed Models.Find Your Make &amp; Model.Huge Selection. Satisfaction Guaranteed. Types: Diecast Model Cars, Diecast Model Trucks.\",\"publisher\":{\"@id\":\"https:\/\/www.paudimodel.com\/#organization\"},\"alternateName\":\"Scale model design, development and production\",\"potentialAction\":[{\"@type\":\"SearchAction\",\"target\":{\"@type\":\"EntryPoint\",\"urlTemplate\":\"https:\/\/www.paudimodel.com\/?s={search_term_string}\"},\"query-input\":{\"@type\":\"PropertyValueSpecification\",\"valueRequired\":true,\"valueName\":\"search_term_string\"}}],\"inLanguage\":\"de\"},{\"@type\":\"Organization\",\"@id\":\"https:\/\/www.paudimodel.com\/#organization\",\"name\":\"Guangzhou Paudi Model Technology Ltd.\",\"url\":\"https:\/\/www.paudimodel.com\/\",\"logo\":{\"@type\":\"ImageObject\",\"inLanguage\":\"de\",\"@id\":\"https:\/\/www.paudimodel.com\/#\/schema\/logo\/image\/\",\"url\":\"https:\/\/www.paudimodel.com\/wp-content\/uploads\/2023\/02\/696x696.png\",\"contentUrl\":\"https:\/\/www.paudimodel.com\/wp-content\/uploads\/2023\/02\/696x696.png\",\"width\":696,\"height\":696,\"caption\":\"Guangzhou Paudi Model Technology Ltd.\"},\"image\":{\"@id\":\"https:\/\/www.paudimodel.com\/#\/schema\/logo\/image\/\"},\"sameAs\":[\"https:\/\/www.facebook\/paudimodel\",\"https:\/\/x.com\/paudimodel\"]}]}<\/script>\n<!-- \/ Yoast SEO Premium plugin. -->","yoast_head_json":{"title":"Audi A6L 2019 Modellauto im Ma\u00dfstab 1:18 \u2013 Paudi-Modell | Hochwertiges Modellauto","robots":{"index":"index","follow":"follow","max-snippet":"max-snippet:-1","max-image-preview":"max-image-preview:large","max-video-preview":"max-video-preview:-1"},"canonical":"https:\/\/www.paudimodel.com\/de\/produkt\/118-audi-a6l-2019-diecast-model-car-wholesale\/","og_locale":"de_DE","og_type":"article","og_title":"1:18 Audi A6L 2019 Diecast Model Car","og_url":"https:\/\/www.paudimodel.com\/de\/produkt\/118-audi-a6l-2019-diecast-model-car-wholesale\/","og_site_name":"Paudi Model | High Quality Diecast Model","article_publisher":"https:\/\/www.facebook\/paudimodel","article_modified_time":"2024-09-02T07:44:08+00:00","og_image":[{"width":990,"height":658,"url":"https:\/\/www.paudimodel.com\/wp-content\/uploads\/2020\/03\/Audi_A6L-2019_bk_001.jpg","type":"image\/jpeg"}],"twitter_card":"summary_large_image","twitter_site":"@paudimodel","schema":{"@context":"https:\/\/schema.org","@graph":[{"@type":"WebPage","@id":"https:\/\/www.paudimodel.com\/product\/118-audi-a6l-2019-diecast-model-car-wholesale\/","url":"https:\/\/www.paudimodel.com\/product\/118-audi-a6l-2019-diecast-model-car-wholesale\/","name":"Audi A6L 2019 Modellauto im Ma\u00dfstab 1:18 \u2013 Paudi-Modell | Hochwertiges Modellauto","isPartOf":{"@id":"https:\/\/www.paudimodel.com\/#website"},"primaryImageOfPage":{"@id":"https:\/\/www.paudimodel.com\/product\/118-audi-a6l-2019-diecast-model-car-wholesale\/#primaryimage"},"image":{"@id":"https:\/\/www.paudimodel.com\/product\/118-audi-a6l-2019-diecast-model-car-wholesale\/#primaryimage"},"thumbnailUrl":"https:\/\/www.paudimodel.com\/wp-content\/uploads\/2020\/03\/Audi_A6L-2019_bk_001.jpg","datePublished":"2020-03-04T02:35:23+00:00","dateModified":"2024-09-02T07:44:08+00:00","breadcrumb":{"@id":"https:\/\/www.paudimodel.com\/product\/118-audi-a6l-2019-diecast-model-car-wholesale\/#breadcrumb"},"inLanguage":"de","potentialAction":[{"@type":"ReadAction","target":["https:\/\/www.paudimodel.com\/product\/118-audi-a6l-2019-diecast-model-car-wholesale\/"]}]},{"@type":"ImageObject","inLanguage":"de","@id":"https:\/\/www.paudimodel.com\/product\/118-audi-a6l-2019-diecast-model-car-wholesale\/#primaryimage","url":"https:\/\/www.paudimodel.com\/wp-content\/uploads\/2020\/03\/Audi_A6L-2019_bk_001.jpg","contentUrl":"https:\/\/www.paudimodel.com\/wp-content\/uploads\/2020\/03\/Audi_A6L-2019_bk_001.jpg","width":990,"height":658},{"@type":"BreadcrumbList","@id":"https:\/\/www.paudimodel.com\/product\/118-audi-a6l-2019-diecast-model-car-wholesale\/#breadcrumb","itemListElement":[{"@type":"ListItem","position":1,"name":"Home","item":"https:\/\/www.paudimodel.com\/"},{"@type":"ListItem","position":2,"name":"Products","item":"https:\/\/www.paudimodel.com\/products\/"},{"@type":"ListItem","position":3,"name":"1:18 Audi A6L 2019 Diecast Model Car"}]},{"@type":"WebSite","@id":"https:\/\/www.paudimodel.com\/#website","url":"https:\/\/www.paudimodel.com\/","name":"Paudi-Modell | Hochwertiges Druckgussmodell","description":"Kaufen Sie Druckgussmodelle von Top-Marken wie Dealer Edition, Paudi, Kyosho, Autoart und mehr. G\u00fcnstige Online-Preise. Superdetaillierte Modelle. Finden Sie Ihre Marke und Ihr Modell. Riesige Auswahl. Zufriedenheitsgarantie. Typen: Druckguss-Modellautos, Druckguss-Modell-LKWs.","publisher":{"@id":"https:\/\/www.paudimodel.com\/#organization"},"alternateName":"Scale model design, development and production","potentialAction":[{"@type":"SearchAction","target":{"@type":"EntryPoint","urlTemplate":"https:\/\/www.paudimodel.com\/?s={search_term_string}"},"query-input":{"@type":"PropertyValueSpecification","valueRequired":true,"valueName":"search_term_string"}}],"inLanguage":"de"},{"@type":"Organization","@id":"https:\/\/www.paudimodel.com\/#organization","name":"Guangzhou Paudi Model Technology Ltd.","url":"https:\/\/www.paudimodel.com\/","logo":{"@type":"ImageObject","inLanguage":"de","@id":"https:\/\/www.paudimodel.com\/#\/schema\/logo\/image\/","url":"https:\/\/www.paudimodel.com\/wp-content\/uploads\/2023\/02\/696x696.png","contentUrl":"https:\/\/www.paudimodel.com\/wp-content\/uploads\/2023\/02\/696x696.png","width":696,"height":696,"caption":"Guangzhou Paudi Model Technology Ltd."},"image":{"@id":"https:\/\/www.paudimodel.com\/#\/schema\/logo\/image\/"},"sameAs":["https:\/\/www.facebook\/paudimodel","https:\/\/x.com\/paudimodel"]}]}},"_links":{"self":[{"href":"https:\/\/www.paudimodel.com\/de\/wp-json\/wp\/v2\/product\/65961","targetHints":{"allow":["GET"]}}],"collection":[{"href":"https:\/\/www.paudimodel.com\/de\/wp-json\/wp\/v2\/product"}],"about":[{"href":"https:\/\/www.paudimodel.com\/de\/wp-json\/wp\/v2\/types\/product"}],"replies":[{"embeddable":true,"href":"https:\/\/www.paudimodel.com\/de\/wp-json\/wp\/v2\/comments?post=65961"}],"wp:featuredmedia":[{"embeddable":true,"href":"https:\/\/www.paudimodel.com\/de\/wp-json\/wp\/v2\/media\/67692"}],"wp:attachment":[{"href":"https:\/\/www.paudimodel.com\/de\/wp-json\/wp\/v2\/media?parent=65961"}],"wp:term":[{"taxonomy":"product_brand","embeddable":true,"href":"https:\/\/www.paudimodel.com\/de\/wp-json\/wp\/v2\/product_brand?post=65961"},{"taxonomy":"product_cat","embeddable":true,"href":"https:\/\/www.paudimodel.com\/de\/wp-json\/wp\/v2\/product_cat?post=65961"},{"taxonomy":"product_tag","embeddable":true,"href":"https:\/\/www.paudimodel.com\/de\/wp-json\/wp\/v2\/product_tag?post=65961"}],"curies":[{"name":"wp","href":"https:\/\/api.w.org\/{rel}","templated":true}]}}