{"id":66106,"date":"2020-03-05T02:33:03","date_gmt":"2020-03-05T02:33:03","guid":{"rendered":"https:\/\/www.paudimodel.com\/?post_type=product&#038;p=66106"},"modified":"2022-04-19T02:15:26","modified_gmt":"2022-04-19T02:15:26","slug":"118-volkswagen-polo-plus-diecast-model-car-wholesale","status":"publish","type":"product","link":"https:\/\/www.paudimodel.com\/de\/produkt\/118-volkswagen-polo-plus-diecast-model-car-wholesale\/","title":{"rendered":"Volkswagen Polo Plus Druckguss-Modellauto im Ma\u00dfstab 1:18"},"content":{"rendered":"<p>Das Modellauto hat den Ma\u00dfstab 1:18 des Originalautos, das Material besteht aus Zinklegierungen + ABS + anderen Verbundwerkstoffen. Die Lackoberfl\u00e4che wird durch dreischichtige elektrostatische Spr\u00fchlackierung hergestellt, die Montageteile haben einen Wert von bis zu 150\u2013300 und sind mit Sammelwert die beste Wahl f\u00fcr Sammlerst\u00fccke und Geschenke.<\/p>\n<p>&nbsp;<\/p>\n<p><img loading=\"lazy\" decoding=\"async\" class=\"alignnone size-full wp-image-66129\" src=\"https:\/\/www.paudimodel.com\/wp-content\/uploads\/2020\/03\/Polo-Plusl-2019-Gold-02.jpg\" alt=\"\" width=\"990\" height=\"658\" srcset=\"https:\/\/www.paudimodel.com\/wp-content\/uploads\/2020\/03\/Polo-Plusl-2019-Gold-02.jpg 990w, https:\/\/www.paudimodel.com\/wp-content\/uploads\/2020\/03\/Polo-Plusl-2019-Gold-02-300x199.jpg 300w, https:\/\/www.paudimodel.com\/wp-content\/uploads\/2020\/03\/Polo-Plusl-2019-Gold-02-450x299.jpg 450w, https:\/\/www.paudimodel.com\/wp-content\/uploads\/2020\/03\/Polo-Plusl-2019-Gold-02-768x510.jpg 768w, https:\/\/www.paudimodel.com\/wp-content\/uploads\/2020\/03\/Polo-Plusl-2019-Gold-02-705x469.jpg 705w\" sizes=\"auto, (max-width: 990px) 100vw, 990px\" \/><img loading=\"lazy\" decoding=\"async\" class=\"alignnone size-full wp-image-66114\" src=\"https:\/\/www.paudimodel.com\/wp-content\/uploads\/2020\/03\/Polo-Plusl-2019-Gold-010.jpg\" alt=\"\" width=\"990\" height=\"658\" srcset=\"https:\/\/www.paudimodel.com\/wp-content\/uploads\/2020\/03\/Polo-Plusl-2019-Gold-010.jpg 990w, https:\/\/www.paudimodel.com\/wp-content\/uploads\/2020\/03\/Polo-Plusl-2019-Gold-010-300x199.jpg 300w, https:\/\/www.paudimodel.com\/wp-content\/uploads\/2020\/03\/Polo-Plusl-2019-Gold-010-450x299.jpg 450w, https:\/\/www.paudimodel.com\/wp-content\/uploads\/2020\/03\/Polo-Plusl-2019-Gold-010-768x510.jpg 768w, https:\/\/www.paudimodel.com\/wp-content\/uploads\/2020\/03\/Polo-Plusl-2019-Gold-010-705x469.jpg 705w\" sizes=\"auto, (max-width: 990px) 100vw, 990px\" \/><img loading=\"lazy\" decoding=\"async\" class=\"alignnone size-full wp-image-66108\" src=\"https:\/\/www.paudimodel.com\/wp-content\/uploads\/2020\/03\/Polo-Plusl-2019-Gold-04.jpg\" alt=\"\" width=\"990\" height=\"658\" srcset=\"https:\/\/www.paudimodel.com\/wp-content\/uploads\/2020\/03\/Polo-Plusl-2019-Gold-04.jpg 990w, https:\/\/www.paudimodel.com\/wp-content\/uploads\/2020\/03\/Polo-Plusl-2019-Gold-04-300x199.jpg 300w, https:\/\/www.paudimodel.com\/wp-content\/uploads\/2020\/03\/Polo-Plusl-2019-Gold-04-450x299.jpg 450w, https:\/\/www.paudimodel.com\/wp-content\/uploads\/2020\/03\/Polo-Plusl-2019-Gold-04-768x510.jpg 768w, https:\/\/www.paudimodel.com\/wp-content\/uploads\/2020\/03\/Polo-Plusl-2019-Gold-04-705x469.jpg 705w\" sizes=\"auto, (max-width: 990px) 100vw, 990px\" \/><img loading=\"lazy\" decoding=\"async\" class=\"alignnone size-full wp-image-66120\" src=\"https:\/\/www.paudimodel.com\/wp-content\/uploads\/2020\/03\/Polo-Plusl-2019-Gold-016.jpg\" alt=\"\" width=\"990\" height=\"658\" srcset=\"https:\/\/www.paudimodel.com\/wp-content\/uploads\/2020\/03\/Polo-Plusl-2019-Gold-016.jpg 990w, https:\/\/www.paudimodel.com\/wp-content\/uploads\/2020\/03\/Polo-Plusl-2019-Gold-016-300x199.jpg 300w, https:\/\/www.paudimodel.com\/wp-content\/uploads\/2020\/03\/Polo-Plusl-2019-Gold-016-450x299.jpg 450w, https:\/\/www.paudimodel.com\/wp-content\/uploads\/2020\/03\/Polo-Plusl-2019-Gold-016-768x510.jpg 768w, https:\/\/www.paudimodel.com\/wp-content\/uploads\/2020\/03\/Polo-Plusl-2019-Gold-016-705x469.jpg 705w\" sizes=\"auto, (max-width: 990px) 100vw, 990px\" \/> <img loading=\"lazy\" decoding=\"async\" class=\"alignnone size-full wp-image-66123\" src=\"https:\/\/www.paudimodel.com\/wp-content\/uploads\/2020\/03\/Polo-Plusl-2019-Gold-017.jpg\" alt=\"\" width=\"990\" height=\"658\" srcset=\"https:\/\/www.paudimodel.com\/wp-content\/uploads\/2020\/03\/Polo-Plusl-2019-Gold-017.jpg 990w, https:\/\/www.paudimodel.com\/wp-content\/uploads\/2020\/03\/Polo-Plusl-2019-Gold-017-300x199.jpg 300w, https:\/\/www.paudimodel.com\/wp-content\/uploads\/2020\/03\/Polo-Plusl-2019-Gold-017-450x299.jpg 450w, https:\/\/www.paudimodel.com\/wp-content\/uploads\/2020\/03\/Polo-Plusl-2019-Gold-017-768x510.jpg 768w, https:\/\/www.paudimodel.com\/wp-content\/uploads\/2020\/03\/Polo-Plusl-2019-Gold-017-705x469.jpg 705w\" sizes=\"auto, (max-width: 990px) 100vw, 990px\" \/><\/p>","protected":false},"excerpt":{"rendered":"<p>Die Gr\u00f6\u00dfe des Miniaturmodells betr\u00e4gt 225 x 96,6 x 80,5 mm. Motorhaube und Kofferraum lassen sich \u00f6ffnen, alle vier T\u00fcren sind beweglich, das Lenkrad dreht die Vorderr\u00e4der, der Motorraum ist detailgetreu gestaltet und die Formen von Konsole und Sitzen sind dem Originalfahrzeug exakt nachempfunden.<\/p>","protected":false},"featured_media":66126,"comment_status":"open","ping_status":"closed","template":"","meta":[],"product_brand":[],"product_cat":[466,147],"product_tag":[790],"class_list":{"0":"post-66106","1":"product","2":"type-product","3":"status-publish","4":"has-post-thumbnail","6":"product_cat-1-18-scale","7":"product_cat-volkswagen","8":"product_tag-polo","9":"pa_color-gold","10":"pa_material-zinc-alloy-abs-variety-of-composite-materials","11":"pa_scale-34","13":"first","14":"instock","15":"sale","16":"taxable","17":"shipping-taxable","18":"purchasable","19":"product-type-simple"},"yoast_head":"<!-- This site is optimized with the Yoast SEO Premium plugin v25.6 (Yoast SEO v26.7) - https:\/\/yoast.com\/wordpress\/plugins\/seo\/ -->\n<title>1:18 Scale Volkswagen Polo Plus Diecast Model Car - Paudi Model | High Quality Diecast Model<\/title>\n<meta name=\"description\" content=\"The model car is the 1\/18 scale of the original car, the material for zinc alloys +ABS+ other composites . Paint surface using three-layer electrostatic spray painting, assembly parts up to 150-300, with collection value, is the best choice for collectibles and gifts.\" \/>\n<meta name=\"robots\" content=\"index, follow, max-snippet:-1, max-image-preview:large, max-video-preview:-1\" \/>\n<link rel=\"canonical\" href=\"https:\/\/www.paudimodel.com\/de\/produkt\/118-volkswagen-polo-plus-diecast-model-car-wholesale\/\" \/>\n<meta property=\"og:locale\" content=\"de_DE\" \/>\n<meta property=\"og:type\" content=\"article\" \/>\n<meta property=\"og:title\" content=\"1:18 Scale Volkswagen Polo Plus Diecast Model Car\" \/>\n<meta property=\"og:description\" content=\"The model car is the 1\/18 scale of the original car, the material for zinc alloys +ABS+ other composites . Paint surface using three-layer electrostatic spray painting, assembly parts up to 150-300, with collection value, is the best choice for collectibles and gifts.\" \/>\n<meta property=\"og:url\" content=\"https:\/\/www.paudimodel.com\/de\/produkt\/118-volkswagen-polo-plus-diecast-model-car-wholesale\/\" \/>\n<meta property=\"og:site_name\" content=\"Paudi Model | High Quality Diecast Model\" \/>\n<meta property=\"article:publisher\" content=\"https:\/\/www.facebook\/paudimodel\" \/>\n<meta property=\"article:modified_time\" content=\"2022-04-19T02:15:26+00:00\" \/>\n<meta property=\"og:image\" content=\"https:\/\/www.paudimodel.com\/wp-content\/uploads\/2020\/03\/Polo-Plusl-2019-Gold-01.jpg\" \/>\n\t<meta property=\"og:image:width\" content=\"990\" \/>\n\t<meta property=\"og:image:height\" content=\"658\" \/>\n\t<meta property=\"og:image:type\" content=\"image\/jpeg\" \/>\n<meta name=\"twitter:card\" content=\"summary_large_image\" \/>\n<meta name=\"twitter:site\" content=\"@paudimodel\" \/>\n<meta name=\"twitter:label1\" content=\"Gesch\u00e4tzte Lesezeit\" \/>\n\t<meta name=\"twitter:data1\" content=\"2\u00a0Minuten\" \/>\n<script type=\"application\/ld+json\" class=\"yoast-schema-graph\">{\"@context\":\"https:\/\/schema.org\",\"@graph\":[{\"@type\":\"WebPage\",\"@id\":\"https:\/\/www.paudimodel.com\/product\/118-volkswagen-polo-plus-diecast-model-car-wholesale\/\",\"url\":\"https:\/\/www.paudimodel.com\/product\/118-volkswagen-polo-plus-diecast-model-car-wholesale\/\",\"name\":\"1:18 Scale Volkswagen Polo Plus Diecast Model Car - Paudi Model | High Quality Diecast Model\",\"isPartOf\":{\"@id\":\"https:\/\/www.paudimodel.com\/#website\"},\"primaryImageOfPage\":{\"@id\":\"https:\/\/www.paudimodel.com\/product\/118-volkswagen-polo-plus-diecast-model-car-wholesale\/#primaryimage\"},\"image\":{\"@id\":\"https:\/\/www.paudimodel.com\/product\/118-volkswagen-polo-plus-diecast-model-car-wholesale\/#primaryimage\"},\"thumbnailUrl\":\"https:\/\/www.paudimodel.com\/wp-content\/uploads\/2020\/03\/Polo-Plusl-2019-Gold-01.jpg\",\"datePublished\":\"2020-03-05T02:33:03+00:00\",\"dateModified\":\"2022-04-19T02:15:26+00:00\",\"description\":\"The model car is the 1\/18 scale of the original car, the material for zinc alloys +ABS+ other composites . Paint surface using three-layer electrostatic spray painting, assembly parts up to 150-300, with collection value, is the best choice for collectibles and gifts.\",\"breadcrumb\":{\"@id\":\"https:\/\/www.paudimodel.com\/product\/118-volkswagen-polo-plus-diecast-model-car-wholesale\/#breadcrumb\"},\"inLanguage\":\"de\",\"potentialAction\":[{\"@type\":\"ReadAction\",\"target\":[\"https:\/\/www.paudimodel.com\/product\/118-volkswagen-polo-plus-diecast-model-car-wholesale\/\"]}]},{\"@type\":\"ImageObject\",\"inLanguage\":\"de\",\"@id\":\"https:\/\/www.paudimodel.com\/product\/118-volkswagen-polo-plus-diecast-model-car-wholesale\/#primaryimage\",\"url\":\"https:\/\/www.paudimodel.com\/wp-content\/uploads\/2020\/03\/Polo-Plusl-2019-Gold-01.jpg\",\"contentUrl\":\"https:\/\/www.paudimodel.com\/wp-content\/uploads\/2020\/03\/Polo-Plusl-2019-Gold-01.jpg\",\"width\":990,\"height\":658},{\"@type\":\"BreadcrumbList\",\"@id\":\"https:\/\/www.paudimodel.com\/product\/118-volkswagen-polo-plus-diecast-model-car-wholesale\/#breadcrumb\",\"itemListElement\":[{\"@type\":\"ListItem\",\"position\":1,\"name\":\"Home\",\"item\":\"https:\/\/www.paudimodel.com\/\"},{\"@type\":\"ListItem\",\"position\":2,\"name\":\"Products\",\"item\":\"https:\/\/www.paudimodel.com\/products\/\"},{\"@type\":\"ListItem\",\"position\":3,\"name\":\"1:18 Scale Volkswagen Polo Plus Diecast Model Car\"}]},{\"@type\":\"WebSite\",\"@id\":\"https:\/\/www.paudimodel.com\/#website\",\"url\":\"https:\/\/www.paudimodel.com\/\",\"name\":\"Paudi Model | High Quality Diecast Model\",\"description\":\"Shop For Diecast Models From Top-Rated Brands Like Dealer Edition, Paudi, Kyosho, Autoart &amp; More. Low Online Prices. Super-Detailed Models.Find Your Make &amp; Model.Huge Selection. Satisfaction Guaranteed. Types: Diecast Model Cars, Diecast Model Trucks.\",\"publisher\":{\"@id\":\"https:\/\/www.paudimodel.com\/#organization\"},\"alternateName\":\"Scale model design, development and production\",\"potentialAction\":[{\"@type\":\"SearchAction\",\"target\":{\"@type\":\"EntryPoint\",\"urlTemplate\":\"https:\/\/www.paudimodel.com\/?s={search_term_string}\"},\"query-input\":{\"@type\":\"PropertyValueSpecification\",\"valueRequired\":true,\"valueName\":\"search_term_string\"}}],\"inLanguage\":\"de\"},{\"@type\":\"Organization\",\"@id\":\"https:\/\/www.paudimodel.com\/#organization\",\"name\":\"Guangzhou Paudi Model Technology Ltd.\",\"url\":\"https:\/\/www.paudimodel.com\/\",\"logo\":{\"@type\":\"ImageObject\",\"inLanguage\":\"de\",\"@id\":\"https:\/\/www.paudimodel.com\/#\/schema\/logo\/image\/\",\"url\":\"https:\/\/www.paudimodel.com\/wp-content\/uploads\/2023\/02\/696x696.png\",\"contentUrl\":\"https:\/\/www.paudimodel.com\/wp-content\/uploads\/2023\/02\/696x696.png\",\"width\":696,\"height\":696,\"caption\":\"Guangzhou Paudi Model Technology Ltd.\"},\"image\":{\"@id\":\"https:\/\/www.paudimodel.com\/#\/schema\/logo\/image\/\"},\"sameAs\":[\"https:\/\/www.facebook\/paudimodel\",\"https:\/\/x.com\/paudimodel\"]}]}<\/script>\n<!-- \/ Yoast SEO Premium plugin. -->","yoast_head_json":{"title":"Volkswagen Polo Plus Modellauto im Ma\u00dfstab 1:18 \u2013 Paudi-Modell | Hochwertiges Diecast-Modell","description":"Das Modellauto hat den Ma\u00dfstab 1:18 des Originalautos, das Material besteht aus Zinklegierungen + ABS + anderen Verbundwerkstoffen. Die Lackoberfl\u00e4che wird durch dreischichtige elektrostatische Spr\u00fchlackierung hergestellt, die Montageteile haben einen Wert von bis zu 150\u2013300 und sind mit Sammelwert die beste Wahl f\u00fcr Sammlerst\u00fccke und Geschenke.","robots":{"index":"index","follow":"follow","max-snippet":"max-snippet:-1","max-image-preview":"max-image-preview:large","max-video-preview":"max-video-preview:-1"},"canonical":"https:\/\/www.paudimodel.com\/de\/produkt\/118-volkswagen-polo-plus-diecast-model-car-wholesale\/","og_locale":"de_DE","og_type":"article","og_title":"1:18 Scale Volkswagen Polo Plus Diecast Model Car","og_description":"The model car is the 1\/18 scale of the original car, the material for zinc alloys +ABS+ other composites . Paint surface using three-layer electrostatic spray painting, assembly parts up to 150-300, with collection value, is the best choice for collectibles and gifts.","og_url":"https:\/\/www.paudimodel.com\/de\/produkt\/118-volkswagen-polo-plus-diecast-model-car-wholesale\/","og_site_name":"Paudi Model | High Quality Diecast Model","article_publisher":"https:\/\/www.facebook\/paudimodel","article_modified_time":"2022-04-19T02:15:26+00:00","og_image":[{"width":990,"height":658,"url":"https:\/\/www.paudimodel.com\/wp-content\/uploads\/2020\/03\/Polo-Plusl-2019-Gold-01.jpg","type":"image\/jpeg"}],"twitter_card":"summary_large_image","twitter_site":"@paudimodel","twitter_misc":{"Gesch\u00e4tzte Lesezeit":"2\u00a0Minuten"},"schema":{"@context":"https:\/\/schema.org","@graph":[{"@type":"WebPage","@id":"https:\/\/www.paudimodel.com\/product\/118-volkswagen-polo-plus-diecast-model-car-wholesale\/","url":"https:\/\/www.paudimodel.com\/product\/118-volkswagen-polo-plus-diecast-model-car-wholesale\/","name":"Volkswagen Polo Plus Modellauto im Ma\u00dfstab 1:18 \u2013 Paudi-Modell | Hochwertiges Diecast-Modell","isPartOf":{"@id":"https:\/\/www.paudimodel.com\/#website"},"primaryImageOfPage":{"@id":"https:\/\/www.paudimodel.com\/product\/118-volkswagen-polo-plus-diecast-model-car-wholesale\/#primaryimage"},"image":{"@id":"https:\/\/www.paudimodel.com\/product\/118-volkswagen-polo-plus-diecast-model-car-wholesale\/#primaryimage"},"thumbnailUrl":"https:\/\/www.paudimodel.com\/wp-content\/uploads\/2020\/03\/Polo-Plusl-2019-Gold-01.jpg","datePublished":"2020-03-05T02:33:03+00:00","dateModified":"2022-04-19T02:15:26+00:00","description":"Das Modellauto hat den Ma\u00dfstab 1:18 des Originalautos, das Material besteht aus Zinklegierungen + ABS + anderen Verbundwerkstoffen. Die Lackoberfl\u00e4che wird durch dreischichtige elektrostatische Spr\u00fchlackierung hergestellt, die Montageteile haben einen Wert von bis zu 150\u2013300 und sind mit Sammelwert die beste Wahl f\u00fcr Sammlerst\u00fccke und Geschenke.","breadcrumb":{"@id":"https:\/\/www.paudimodel.com\/product\/118-volkswagen-polo-plus-diecast-model-car-wholesale\/#breadcrumb"},"inLanguage":"de","potentialAction":[{"@type":"ReadAction","target":["https:\/\/www.paudimodel.com\/product\/118-volkswagen-polo-plus-diecast-model-car-wholesale\/"]}]},{"@type":"ImageObject","inLanguage":"de","@id":"https:\/\/www.paudimodel.com\/product\/118-volkswagen-polo-plus-diecast-model-car-wholesale\/#primaryimage","url":"https:\/\/www.paudimodel.com\/wp-content\/uploads\/2020\/03\/Polo-Plusl-2019-Gold-01.jpg","contentUrl":"https:\/\/www.paudimodel.com\/wp-content\/uploads\/2020\/03\/Polo-Plusl-2019-Gold-01.jpg","width":990,"height":658},{"@type":"BreadcrumbList","@id":"https:\/\/www.paudimodel.com\/product\/118-volkswagen-polo-plus-diecast-model-car-wholesale\/#breadcrumb","itemListElement":[{"@type":"ListItem","position":1,"name":"Home","item":"https:\/\/www.paudimodel.com\/"},{"@type":"ListItem","position":2,"name":"Products","item":"https:\/\/www.paudimodel.com\/products\/"},{"@type":"ListItem","position":3,"name":"1:18 Scale Volkswagen Polo Plus Diecast Model Car"}]},{"@type":"WebSite","@id":"https:\/\/www.paudimodel.com\/#website","url":"https:\/\/www.paudimodel.com\/","name":"Paudi-Modell | Hochwertiges Druckgussmodell","description":"Kaufen Sie Druckgussmodelle von Top-Marken wie Dealer Edition, Paudi, Kyosho, Autoart und mehr. G\u00fcnstige Online-Preise. Superdetaillierte Modelle. Finden Sie Ihre Marke und Ihr Modell. Riesige Auswahl. Zufriedenheitsgarantie. Typen: Druckguss-Modellautos, Druckguss-Modell-LKWs.","publisher":{"@id":"https:\/\/www.paudimodel.com\/#organization"},"alternateName":"Scale model design, development and production","potentialAction":[{"@type":"SearchAction","target":{"@type":"EntryPoint","urlTemplate":"https:\/\/www.paudimodel.com\/?s={search_term_string}"},"query-input":{"@type":"PropertyValueSpecification","valueRequired":true,"valueName":"search_term_string"}}],"inLanguage":"de"},{"@type":"Organization","@id":"https:\/\/www.paudimodel.com\/#organization","name":"Guangzhou Paudi Model Technology Ltd.","url":"https:\/\/www.paudimodel.com\/","logo":{"@type":"ImageObject","inLanguage":"de","@id":"https:\/\/www.paudimodel.com\/#\/schema\/logo\/image\/","url":"https:\/\/www.paudimodel.com\/wp-content\/uploads\/2023\/02\/696x696.png","contentUrl":"https:\/\/www.paudimodel.com\/wp-content\/uploads\/2023\/02\/696x696.png","width":696,"height":696,"caption":"Guangzhou Paudi Model Technology Ltd."},"image":{"@id":"https:\/\/www.paudimodel.com\/#\/schema\/logo\/image\/"},"sameAs":["https:\/\/www.facebook\/paudimodel","https:\/\/x.com\/paudimodel"]}]}},"_links":{"self":[{"href":"https:\/\/www.paudimodel.com\/de\/wp-json\/wp\/v2\/product\/66106","targetHints":{"allow":["GET"]}}],"collection":[{"href":"https:\/\/www.paudimodel.com\/de\/wp-json\/wp\/v2\/product"}],"about":[{"href":"https:\/\/www.paudimodel.com\/de\/wp-json\/wp\/v2\/types\/product"}],"replies":[{"embeddable":true,"href":"https:\/\/www.paudimodel.com\/de\/wp-json\/wp\/v2\/comments?post=66106"}],"wp:featuredmedia":[{"embeddable":true,"href":"https:\/\/www.paudimodel.com\/de\/wp-json\/wp\/v2\/media\/66126"}],"wp:attachment":[{"href":"https:\/\/www.paudimodel.com\/de\/wp-json\/wp\/v2\/media?parent=66106"}],"wp:term":[{"taxonomy":"product_brand","embeddable":true,"href":"https:\/\/www.paudimodel.com\/de\/wp-json\/wp\/v2\/product_brand?post=66106"},{"taxonomy":"product_cat","embeddable":true,"href":"https:\/\/www.paudimodel.com\/de\/wp-json\/wp\/v2\/product_cat?post=66106"},{"taxonomy":"product_tag","embeddable":true,"href":"https:\/\/www.paudimodel.com\/de\/wp-json\/wp\/v2\/product_tag?post=66106"}],"curies":[{"name":"wp","href":"https:\/\/api.w.org\/{rel}","templated":true}]}}