{"id":67360,"date":"2020-05-27T09:44:56","date_gmt":"2020-05-27T09:44:56","guid":{"rendered":"https:\/\/www.paudimodel.com\/?post_type=product&#038;p=67360"},"modified":"2021-04-30T14:07:28","modified_gmt":"2021-04-30T14:07:28","slug":"1-18-mitsubishi-asx-2020-diecast-model-car","status":"publish","type":"product","link":"https:\/\/www.paudimodel.com\/de\/produkt\/1-18-mitsubishi-asx-2020-diecast-model-car\/","title":{"rendered":"1\/18 Mitsubishi ASX 2020 Druckguss-Modellauto"},"content":{"rendered":"<p><img loading=\"lazy\" decoding=\"async\" class=\"size-full wp-image-70406 aligncenter\" src=\"https:\/\/www.paudimodel.com\/wp-content\/uploads\/2020\/05\/Mitsubishi_ASX_2020_02.jpg\" alt=\"\" width=\"990\" height=\"658\" srcset=\"https:\/\/www.paudimodel.com\/wp-content\/uploads\/2020\/05\/Mitsubishi_ASX_2020_02.jpg 990w, https:\/\/www.paudimodel.com\/wp-content\/uploads\/2020\/05\/Mitsubishi_ASX_2020_02-300x199.jpg 300w, https:\/\/www.paudimodel.com\/wp-content\/uploads\/2020\/05\/Mitsubishi_ASX_2020_02-450x299.jpg 450w, https:\/\/www.paudimodel.com\/wp-content\/uploads\/2020\/05\/Mitsubishi_ASX_2020_02-768x510.jpg 768w, https:\/\/www.paudimodel.com\/wp-content\/uploads\/2020\/05\/Mitsubishi_ASX_2020_02-705x469.jpg 705w\" sizes=\"auto, (max-width: 990px) 100vw, 990px\" \/> <img loading=\"lazy\" decoding=\"async\" class=\"size-full wp-image-70421 aligncenter\" src=\"https:\/\/www.paudimodel.com\/wp-content\/uploads\/2020\/05\/Mitsubishi_ASX_2020_010.jpg\" alt=\"\" width=\"990\" height=\"658\" srcset=\"https:\/\/www.paudimodel.com\/wp-content\/uploads\/2020\/05\/Mitsubishi_ASX_2020_010.jpg 990w, https:\/\/www.paudimodel.com\/wp-content\/uploads\/2020\/05\/Mitsubishi_ASX_2020_010-300x199.jpg 300w, https:\/\/www.paudimodel.com\/wp-content\/uploads\/2020\/05\/Mitsubishi_ASX_2020_010-450x299.jpg 450w, https:\/\/www.paudimodel.com\/wp-content\/uploads\/2020\/05\/Mitsubishi_ASX_2020_010-768x510.jpg 768w, https:\/\/www.paudimodel.com\/wp-content\/uploads\/2020\/05\/Mitsubishi_ASX_2020_010-705x469.jpg 705w\" sizes=\"auto, (max-width: 990px) 100vw, 990px\" \/> <img loading=\"lazy\" decoding=\"async\" class=\"size-full wp-image-70403 aligncenter\" src=\"https:\/\/www.paudimodel.com\/wp-content\/uploads\/2020\/05\/Mitsubishi_ASX_2020_018.jpg\" alt=\"\" width=\"990\" height=\"658\" srcset=\"https:\/\/www.paudimodel.com\/wp-content\/uploads\/2020\/05\/Mitsubishi_ASX_2020_018.jpg 990w, https:\/\/www.paudimodel.com\/wp-content\/uploads\/2020\/05\/Mitsubishi_ASX_2020_018-300x199.jpg 300w, https:\/\/www.paudimodel.com\/wp-content\/uploads\/2020\/05\/Mitsubishi_ASX_2020_018-450x299.jpg 450w, https:\/\/www.paudimodel.com\/wp-content\/uploads\/2020\/05\/Mitsubishi_ASX_2020_018-768x510.jpg 768w, https:\/\/www.paudimodel.com\/wp-content\/uploads\/2020\/05\/Mitsubishi_ASX_2020_018-705x469.jpg 705w\" sizes=\"auto, (max-width: 990px) 100vw, 990px\" \/> <img loading=\"lazy\" decoding=\"async\" class=\"size-full wp-image-70400 aligncenter\" src=\"https:\/\/www.paudimodel.com\/wp-content\/uploads\/2020\/05\/Mitsubishi_ASX_2020_017.jpg\" alt=\"\" width=\"990\" height=\"658\" srcset=\"https:\/\/www.paudimodel.com\/wp-content\/uploads\/2020\/05\/Mitsubishi_ASX_2020_017.jpg 990w, https:\/\/www.paudimodel.com\/wp-content\/uploads\/2020\/05\/Mitsubishi_ASX_2020_017-300x199.jpg 300w, https:\/\/www.paudimodel.com\/wp-content\/uploads\/2020\/05\/Mitsubishi_ASX_2020_017-450x299.jpg 450w, https:\/\/www.paudimodel.com\/wp-content\/uploads\/2020\/05\/Mitsubishi_ASX_2020_017-768x510.jpg 768w, https:\/\/www.paudimodel.com\/wp-content\/uploads\/2020\/05\/Mitsubishi_ASX_2020_017-705x469.jpg 705w\" sizes=\"auto, (max-width: 990px) 100vw, 990px\" \/><img loading=\"lazy\" decoding=\"async\" class=\"alignnone size-full wp-image-70424\" src=\"https:\/\/www.paudimodel.com\/wp-content\/uploads\/2020\/05\/Mitsubishi_ASX_2020_Brown_10.jpg\" alt=\"\" width=\"990\" height=\"658\" srcset=\"https:\/\/www.paudimodel.com\/wp-content\/uploads\/2020\/05\/Mitsubishi_ASX_2020_Brown_10.jpg 990w, https:\/\/www.paudimodel.com\/wp-content\/uploads\/2020\/05\/Mitsubishi_ASX_2020_Brown_10-300x199.jpg 300w, https:\/\/www.paudimodel.com\/wp-content\/uploads\/2020\/05\/Mitsubishi_ASX_2020_Brown_10-450x299.jpg 450w, https:\/\/www.paudimodel.com\/wp-content\/uploads\/2020\/05\/Mitsubishi_ASX_2020_Brown_10-768x510.jpg 768w, https:\/\/www.paudimodel.com\/wp-content\/uploads\/2020\/05\/Mitsubishi_ASX_2020_Brown_10-705x469.jpg 705w\" sizes=\"auto, (max-width: 990px) 100vw, 990px\" \/> <img loading=\"lazy\" decoding=\"async\" class=\"alignnone size-full wp-image-70427\" src=\"https:\/\/www.paudimodel.com\/wp-content\/uploads\/2020\/05\/Mitsubishi_ASX_2020_Brown_02.jpg\" alt=\"\" width=\"990\" height=\"658\" srcset=\"https:\/\/www.paudimodel.com\/wp-content\/uploads\/2020\/05\/Mitsubishi_ASX_2020_Brown_02.jpg 990w, https:\/\/www.paudimodel.com\/wp-content\/uploads\/2020\/05\/Mitsubishi_ASX_2020_Brown_02-300x199.jpg 300w, https:\/\/www.paudimodel.com\/wp-content\/uploads\/2020\/05\/Mitsubishi_ASX_2020_Brown_02-450x299.jpg 450w, https:\/\/www.paudimodel.com\/wp-content\/uploads\/2020\/05\/Mitsubishi_ASX_2020_Brown_02-768x510.jpg 768w, https:\/\/www.paudimodel.com\/wp-content\/uploads\/2020\/05\/Mitsubishi_ASX_2020_Brown_02-705x469.jpg 705w\" sizes=\"auto, (max-width: 990px) 100vw, 990px\" \/> <img loading=\"lazy\" decoding=\"async\" class=\"alignnone size-full wp-image-70430\" src=\"https:\/\/www.paudimodel.com\/wp-content\/uploads\/2020\/05\/Mitsubishi_ASX_2020_Brown_07.jpg\" alt=\"\" width=\"990\" height=\"658\" srcset=\"https:\/\/www.paudimodel.com\/wp-content\/uploads\/2020\/05\/Mitsubishi_ASX_2020_Brown_07.jpg 990w, https:\/\/www.paudimodel.com\/wp-content\/uploads\/2020\/05\/Mitsubishi_ASX_2020_Brown_07-300x199.jpg 300w, https:\/\/www.paudimodel.com\/wp-content\/uploads\/2020\/05\/Mitsubishi_ASX_2020_Brown_07-450x299.jpg 450w, https:\/\/www.paudimodel.com\/wp-content\/uploads\/2020\/05\/Mitsubishi_ASX_2020_Brown_07-768x510.jpg 768w, https:\/\/www.paudimodel.com\/wp-content\/uploads\/2020\/05\/Mitsubishi_ASX_2020_Brown_07-705x469.jpg 705w\" sizes=\"auto, (max-width: 990px) 100vw, 990px\" \/><\/p>","protected":false},"excerpt":{"rendered":"<p>Dieses 1\/18 Druckgussauto akzeptiert den Gro\u00dfhandel, wird zum Gro\u00dfhandel und kann sich beim Anmelden den Gro\u00dfhandelspreis ansehen<\/p>\n<p>Produktcode: 2588BL, 2588OR, 2588W<\/p>\n<p>Farben: Blau, Orange, Wei\u00df<\/p>\n<p>Das Modellauto ist im Ma\u00dfstab 1:18 des Originals gefertigt und besteht aus Zinklegierungen, ABS und weiteren Verbundwerkstoffen. Die Lackierung erfolgte in drei Schichten mittels elektrostatischer Spritzlackierung. Das Modell besteht aus 150 bis 300 Einzelteilen und ist aufgrund seines Sammlerwerts die ideale Wahl f\u00fcr Sammler und als Geschenk.<\/p>","protected":false},"featured_media":70394,"comment_status":"open","ping_status":"closed","template":"","meta":[],"product_brand":[],"product_cat":[466,657],"product_tag":[2478,817],"class_list":{"0":"post-67360","1":"product","2":"type-product","3":"status-publish","4":"has-post-thumbnail","6":"product_cat-1-18-scale","7":"product_cat-mitsubishi","8":"product_tag-1-18","9":"product_tag-mitsubishi","10":"pa_color-bluecolor","11":"pa_color-brown","12":"pa_color-whitecolor","13":"pa_material-zinc-alloy-abs-variety-of-composite-materials","14":"pa_scale-34","16":"first","17":"instock","18":"taxable","19":"shipping-taxable","20":"purchasable","21":"product-type-variable"},"yoast_head":"<!-- This site is optimized with the Yoast SEO Premium plugin v25.6 (Yoast SEO v26.7) - https:\/\/yoast.com\/wordpress\/plugins\/seo\/ -->\n<title>1\/18 Mitsubishi ASX 2020 Diecast Model Car - Paudi Model | High Quality Diecast Model<\/title>\n<meta name=\"robots\" content=\"index, follow, max-snippet:-1, max-image-preview:large, max-video-preview:-1\" \/>\n<link rel=\"canonical\" href=\"https:\/\/www.paudimodel.com\/de\/produkt\/1-18-mitsubishi-asx-2020-diecast-model-car\/\" \/>\n<meta property=\"og:locale\" content=\"de_DE\" \/>\n<meta property=\"og:type\" content=\"article\" \/>\n<meta property=\"og:title\" content=\"1\/18 Mitsubishi ASX 2020 Diecast Model Car\" \/>\n<meta property=\"og:url\" content=\"https:\/\/www.paudimodel.com\/de\/produkt\/1-18-mitsubishi-asx-2020-diecast-model-car\/\" \/>\n<meta property=\"og:site_name\" content=\"Paudi Model | High Quality Diecast Model\" \/>\n<meta property=\"article:publisher\" content=\"https:\/\/www.facebook\/paudimodel\" \/>\n<meta property=\"article:modified_time\" content=\"2021-04-30T14:07:28+00:00\" \/>\n<meta property=\"og:image\" content=\"https:\/\/www.paudimodel.com\/wp-content\/uploads\/2020\/05\/Mitsubishi_ASX_2020_01.jpg\" \/>\n\t<meta property=\"og:image:width\" content=\"990\" \/>\n\t<meta property=\"og:image:height\" content=\"658\" \/>\n\t<meta property=\"og:image:type\" content=\"image\/jpeg\" \/>\n<meta name=\"twitter:card\" content=\"summary_large_image\" \/>\n<meta name=\"twitter:site\" content=\"@paudimodel\" \/>\n<script type=\"application\/ld+json\" class=\"yoast-schema-graph\">{\"@context\":\"https:\/\/schema.org\",\"@graph\":[{\"@type\":\"WebPage\",\"@id\":\"https:\/\/www.paudimodel.com\/product\/1-18-mitsubishi-asx-2020-diecast-model-car\/\",\"url\":\"https:\/\/www.paudimodel.com\/product\/1-18-mitsubishi-asx-2020-diecast-model-car\/\",\"name\":\"1\/18 Mitsubishi ASX 2020 Diecast Model Car - Paudi Model | High Quality Diecast Model\",\"isPartOf\":{\"@id\":\"https:\/\/www.paudimodel.com\/#website\"},\"primaryImageOfPage\":{\"@id\":\"https:\/\/www.paudimodel.com\/product\/1-18-mitsubishi-asx-2020-diecast-model-car\/#primaryimage\"},\"image\":{\"@id\":\"https:\/\/www.paudimodel.com\/product\/1-18-mitsubishi-asx-2020-diecast-model-car\/#primaryimage\"},\"thumbnailUrl\":\"https:\/\/www.paudimodel.com\/wp-content\/uploads\/2020\/05\/Mitsubishi_ASX_2020_01.jpg\",\"datePublished\":\"2020-05-27T09:44:56+00:00\",\"dateModified\":\"2021-04-30T14:07:28+00:00\",\"breadcrumb\":{\"@id\":\"https:\/\/www.paudimodel.com\/product\/1-18-mitsubishi-asx-2020-diecast-model-car\/#breadcrumb\"},\"inLanguage\":\"de\",\"potentialAction\":[{\"@type\":\"ReadAction\",\"target\":[\"https:\/\/www.paudimodel.com\/product\/1-18-mitsubishi-asx-2020-diecast-model-car\/\"]}]},{\"@type\":\"ImageObject\",\"inLanguage\":\"de\",\"@id\":\"https:\/\/www.paudimodel.com\/product\/1-18-mitsubishi-asx-2020-diecast-model-car\/#primaryimage\",\"url\":\"https:\/\/www.paudimodel.com\/wp-content\/uploads\/2020\/05\/Mitsubishi_ASX_2020_01.jpg\",\"contentUrl\":\"https:\/\/www.paudimodel.com\/wp-content\/uploads\/2020\/05\/Mitsubishi_ASX_2020_01.jpg\",\"width\":990,\"height\":658},{\"@type\":\"BreadcrumbList\",\"@id\":\"https:\/\/www.paudimodel.com\/product\/1-18-mitsubishi-asx-2020-diecast-model-car\/#breadcrumb\",\"itemListElement\":[{\"@type\":\"ListItem\",\"position\":1,\"name\":\"Home\",\"item\":\"https:\/\/www.paudimodel.com\/\"},{\"@type\":\"ListItem\",\"position\":2,\"name\":\"Products\",\"item\":\"https:\/\/www.paudimodel.com\/products\/\"},{\"@type\":\"ListItem\",\"position\":3,\"name\":\"1\/18 Mitsubishi ASX 2020 Diecast Model Car\"}]},{\"@type\":\"WebSite\",\"@id\":\"https:\/\/www.paudimodel.com\/#website\",\"url\":\"https:\/\/www.paudimodel.com\/\",\"name\":\"Paudi Model | High Quality Diecast Model\",\"description\":\"Shop For Diecast Models From Top-Rated Brands Like Dealer Edition, Paudi, Kyosho, Autoart &amp; More. Low Online Prices. Super-Detailed Models.Find Your Make &amp; Model.Huge Selection. Satisfaction Guaranteed. Types: Diecast Model Cars, Diecast Model Trucks.\",\"publisher\":{\"@id\":\"https:\/\/www.paudimodel.com\/#organization\"},\"alternateName\":\"Scale model design, development and production\",\"potentialAction\":[{\"@type\":\"SearchAction\",\"target\":{\"@type\":\"EntryPoint\",\"urlTemplate\":\"https:\/\/www.paudimodel.com\/?s={search_term_string}\"},\"query-input\":{\"@type\":\"PropertyValueSpecification\",\"valueRequired\":true,\"valueName\":\"search_term_string\"}}],\"inLanguage\":\"de\"},{\"@type\":\"Organization\",\"@id\":\"https:\/\/www.paudimodel.com\/#organization\",\"name\":\"Guangzhou Paudi Model Technology Ltd.\",\"url\":\"https:\/\/www.paudimodel.com\/\",\"logo\":{\"@type\":\"ImageObject\",\"inLanguage\":\"de\",\"@id\":\"https:\/\/www.paudimodel.com\/#\/schema\/logo\/image\/\",\"url\":\"https:\/\/www.paudimodel.com\/wp-content\/uploads\/2023\/02\/696x696.png\",\"contentUrl\":\"https:\/\/www.paudimodel.com\/wp-content\/uploads\/2023\/02\/696x696.png\",\"width\":696,\"height\":696,\"caption\":\"Guangzhou Paudi Model Technology Ltd.\"},\"image\":{\"@id\":\"https:\/\/www.paudimodel.com\/#\/schema\/logo\/image\/\"},\"sameAs\":[\"https:\/\/www.facebook\/paudimodel\",\"https:\/\/x.com\/paudimodel\"]}]}<\/script>\n<!-- \/ Yoast SEO Premium plugin. -->","yoast_head_json":{"title":"Mitsubishi ASX 2020 Modellauto im Ma\u00dfstab 1:18 \u2013 Paudi-Modell | Hochwertiges Modellauto","robots":{"index":"index","follow":"follow","max-snippet":"max-snippet:-1","max-image-preview":"max-image-preview:large","max-video-preview":"max-video-preview:-1"},"canonical":"https:\/\/www.paudimodel.com\/de\/produkt\/1-18-mitsubishi-asx-2020-diecast-model-car\/","og_locale":"de_DE","og_type":"article","og_title":"1\/18 Mitsubishi ASX 2020 Diecast Model Car","og_url":"https:\/\/www.paudimodel.com\/de\/produkt\/1-18-mitsubishi-asx-2020-diecast-model-car\/","og_site_name":"Paudi Model | High Quality Diecast Model","article_publisher":"https:\/\/www.facebook\/paudimodel","article_modified_time":"2021-04-30T14:07:28+00:00","og_image":[{"width":990,"height":658,"url":"https:\/\/www.paudimodel.com\/wp-content\/uploads\/2020\/05\/Mitsubishi_ASX_2020_01.jpg","type":"image\/jpeg"}],"twitter_card":"summary_large_image","twitter_site":"@paudimodel","schema":{"@context":"https:\/\/schema.org","@graph":[{"@type":"WebPage","@id":"https:\/\/www.paudimodel.com\/product\/1-18-mitsubishi-asx-2020-diecast-model-car\/","url":"https:\/\/www.paudimodel.com\/product\/1-18-mitsubishi-asx-2020-diecast-model-car\/","name":"Mitsubishi ASX 2020 Modellauto im Ma\u00dfstab 1:18 \u2013 Paudi-Modell | Hochwertiges Modellauto","isPartOf":{"@id":"https:\/\/www.paudimodel.com\/#website"},"primaryImageOfPage":{"@id":"https:\/\/www.paudimodel.com\/product\/1-18-mitsubishi-asx-2020-diecast-model-car\/#primaryimage"},"image":{"@id":"https:\/\/www.paudimodel.com\/product\/1-18-mitsubishi-asx-2020-diecast-model-car\/#primaryimage"},"thumbnailUrl":"https:\/\/www.paudimodel.com\/wp-content\/uploads\/2020\/05\/Mitsubishi_ASX_2020_01.jpg","datePublished":"2020-05-27T09:44:56+00:00","dateModified":"2021-04-30T14:07:28+00:00","breadcrumb":{"@id":"https:\/\/www.paudimodel.com\/product\/1-18-mitsubishi-asx-2020-diecast-model-car\/#breadcrumb"},"inLanguage":"de","potentialAction":[{"@type":"ReadAction","target":["https:\/\/www.paudimodel.com\/product\/1-18-mitsubishi-asx-2020-diecast-model-car\/"]}]},{"@type":"ImageObject","inLanguage":"de","@id":"https:\/\/www.paudimodel.com\/product\/1-18-mitsubishi-asx-2020-diecast-model-car\/#primaryimage","url":"https:\/\/www.paudimodel.com\/wp-content\/uploads\/2020\/05\/Mitsubishi_ASX_2020_01.jpg","contentUrl":"https:\/\/www.paudimodel.com\/wp-content\/uploads\/2020\/05\/Mitsubishi_ASX_2020_01.jpg","width":990,"height":658},{"@type":"BreadcrumbList","@id":"https:\/\/www.paudimodel.com\/product\/1-18-mitsubishi-asx-2020-diecast-model-car\/#breadcrumb","itemListElement":[{"@type":"ListItem","position":1,"name":"Home","item":"https:\/\/www.paudimodel.com\/"},{"@type":"ListItem","position":2,"name":"Products","item":"https:\/\/www.paudimodel.com\/products\/"},{"@type":"ListItem","position":3,"name":"1\/18 Mitsubishi ASX 2020 Diecast Model Car"}]},{"@type":"WebSite","@id":"https:\/\/www.paudimodel.com\/#website","url":"https:\/\/www.paudimodel.com\/","name":"Paudi-Modell | Hochwertiges Druckgussmodell","description":"Kaufen Sie Druckgussmodelle von Top-Marken wie Dealer Edition, Paudi, Kyosho, Autoart und mehr. G\u00fcnstige Online-Preise. Superdetaillierte Modelle. Finden Sie Ihre Marke und Ihr Modell. Riesige Auswahl. Zufriedenheitsgarantie. Typen: Druckguss-Modellautos, Druckguss-Modell-LKWs.","publisher":{"@id":"https:\/\/www.paudimodel.com\/#organization"},"alternateName":"Scale model design, development and production","potentialAction":[{"@type":"SearchAction","target":{"@type":"EntryPoint","urlTemplate":"https:\/\/www.paudimodel.com\/?s={search_term_string}"},"query-input":{"@type":"PropertyValueSpecification","valueRequired":true,"valueName":"search_term_string"}}],"inLanguage":"de"},{"@type":"Organization","@id":"https:\/\/www.paudimodel.com\/#organization","name":"Guangzhou Paudi Model Technology Ltd.","url":"https:\/\/www.paudimodel.com\/","logo":{"@type":"ImageObject","inLanguage":"de","@id":"https:\/\/www.paudimodel.com\/#\/schema\/logo\/image\/","url":"https:\/\/www.paudimodel.com\/wp-content\/uploads\/2023\/02\/696x696.png","contentUrl":"https:\/\/www.paudimodel.com\/wp-content\/uploads\/2023\/02\/696x696.png","width":696,"height":696,"caption":"Guangzhou Paudi Model Technology Ltd."},"image":{"@id":"https:\/\/www.paudimodel.com\/#\/schema\/logo\/image\/"},"sameAs":["https:\/\/www.facebook\/paudimodel","https:\/\/x.com\/paudimodel"]}]}},"_links":{"self":[{"href":"https:\/\/www.paudimodel.com\/de\/wp-json\/wp\/v2\/product\/67360","targetHints":{"allow":["GET"]}}],"collection":[{"href":"https:\/\/www.paudimodel.com\/de\/wp-json\/wp\/v2\/product"}],"about":[{"href":"https:\/\/www.paudimodel.com\/de\/wp-json\/wp\/v2\/types\/product"}],"replies":[{"embeddable":true,"href":"https:\/\/www.paudimodel.com\/de\/wp-json\/wp\/v2\/comments?post=67360"}],"wp:featuredmedia":[{"embeddable":true,"href":"https:\/\/www.paudimodel.com\/de\/wp-json\/wp\/v2\/media\/70394"}],"wp:attachment":[{"href":"https:\/\/www.paudimodel.com\/de\/wp-json\/wp\/v2\/media?parent=67360"}],"wp:term":[{"taxonomy":"product_brand","embeddable":true,"href":"https:\/\/www.paudimodel.com\/de\/wp-json\/wp\/v2\/product_brand?post=67360"},{"taxonomy":"product_cat","embeddable":true,"href":"https:\/\/www.paudimodel.com\/de\/wp-json\/wp\/v2\/product_cat?post=67360"},{"taxonomy":"product_tag","embeddable":true,"href":"https:\/\/www.paudimodel.com\/de\/wp-json\/wp\/v2\/product_tag?post=67360"}],"curies":[{"name":"wp","href":"https:\/\/api.w.org\/{rel}","templated":true}]}}