{"id":70134,"date":"2021-03-13T07:43:44","date_gmt":"2021-03-13T07:43:44","guid":{"rendered":"https:\/\/www.paudimodel.com\/?post_type=product&#038;p=70134"},"modified":"2021-05-08T11:19:13","modified_gmt":"2021-05-08T11:19:13","slug":"vw-volkswagen-phideon-2020-1-18-scale-diecast-model-car-wholesale","status":"publish","type":"product","link":"https:\/\/www.paudimodel.com\/de\/produkt\/vw-volkswagen-phideon-2020-1-18-scale-diecast-model-car-wholesale\/","title":{"rendered":"VW Volkswagen Phideon 2020 Druckguss-Modellauto im Ma\u00dfstab 1:18"},"content":{"rendered":"<p>Produktcode: 2536BL, 2536GL<\/p>\n<p>Farbe: Schwarz, Gold<\/p>\n<p>Dieses Produkt, das nach den VW-Modellen von Phideon gefertigt und verkleinert wurde, ist ein detailgetreues Modellauto im Ma\u00dfstab 1:18 und geh\u00f6rt zur hochwertigen Diecast-Modellreihe der VW-Modellautos. Das Modellauto besteht aus einer Zinklegierung und ist mit einer dreifachen elektrostatischen Lackierung versehen. Es verf\u00fcgt \u00fcber Hunderte von Einzelteilen und ist aufgrund seines Sammlerwerts die ideale Wahl f\u00fcr Sammler und als Geschenk.<br \/>\n<img loading=\"lazy\" decoding=\"async\" class=\"size-full wp-image-70162 aligncenter\" src=\"https:\/\/www.paudimodel.com\/wp-content\/uploads\/2021\/03\/Volkswagen_Phideon_2020_Black_08.jpg\" alt=\"\" width=\"990\" height=\"658\" srcset=\"https:\/\/www.paudimodel.com\/wp-content\/uploads\/2021\/03\/Volkswagen_Phideon_2020_Black_08.jpg 990w, https:\/\/www.paudimodel.com\/wp-content\/uploads\/2021\/03\/Volkswagen_Phideon_2020_Black_08-300x199.jpg 300w, https:\/\/www.paudimodel.com\/wp-content\/uploads\/2021\/03\/Volkswagen_Phideon_2020_Black_08-450x299.jpg 450w, https:\/\/www.paudimodel.com\/wp-content\/uploads\/2021\/03\/Volkswagen_Phideon_2020_Black_08-768x510.jpg 768w, https:\/\/www.paudimodel.com\/wp-content\/uploads\/2021\/03\/Volkswagen_Phideon_2020_Black_08-705x469.jpg 705w\" sizes=\"auto, (max-width: 990px) 100vw, 990px\" \/> <img loading=\"lazy\" decoding=\"async\" class=\"size-full wp-image-70159 aligncenter\" src=\"https:\/\/www.paudimodel.com\/wp-content\/uploads\/2021\/03\/Volkswagen_Phideon_2020_Black_04.jpg\" alt=\"\" width=\"990\" height=\"658\" srcset=\"https:\/\/www.paudimodel.com\/wp-content\/uploads\/2021\/03\/Volkswagen_Phideon_2020_Black_04.jpg 990w, https:\/\/www.paudimodel.com\/wp-content\/uploads\/2021\/03\/Volkswagen_Phideon_2020_Black_04-300x199.jpg 300w, https:\/\/www.paudimodel.com\/wp-content\/uploads\/2021\/03\/Volkswagen_Phideon_2020_Black_04-450x299.jpg 450w, https:\/\/www.paudimodel.com\/wp-content\/uploads\/2021\/03\/Volkswagen_Phideon_2020_Black_04-768x510.jpg 768w, https:\/\/www.paudimodel.com\/wp-content\/uploads\/2021\/03\/Volkswagen_Phideon_2020_Black_04-705x469.jpg 705w\" sizes=\"auto, (max-width: 990px) 100vw, 990px\" \/> <img loading=\"lazy\" decoding=\"async\" class=\"size-full wp-image-70153 aligncenter\" src=\"https:\/\/www.paudimodel.com\/wp-content\/uploads\/2021\/03\/Volkswagen_Phideon_2020_Black_02.jpg\" alt=\"\" width=\"990\" height=\"658\" srcset=\"https:\/\/www.paudimodel.com\/wp-content\/uploads\/2021\/03\/Volkswagen_Phideon_2020_Black_02.jpg 990w, https:\/\/www.paudimodel.com\/wp-content\/uploads\/2021\/03\/Volkswagen_Phideon_2020_Black_02-300x199.jpg 300w, https:\/\/www.paudimodel.com\/wp-content\/uploads\/2021\/03\/Volkswagen_Phideon_2020_Black_02-450x299.jpg 450w, https:\/\/www.paudimodel.com\/wp-content\/uploads\/2021\/03\/Volkswagen_Phideon_2020_Black_02-768x510.jpg 768w, https:\/\/www.paudimodel.com\/wp-content\/uploads\/2021\/03\/Volkswagen_Phideon_2020_Black_02-705x469.jpg 705w\" sizes=\"auto, (max-width: 990px) 100vw, 990px\" \/> <img loading=\"lazy\" decoding=\"async\" class=\"size-full wp-image-70150 aligncenter\" src=\"https:\/\/www.paudimodel.com\/wp-content\/uploads\/2021\/03\/Volkswagen_Phideon_2020_Black_19.jpg\" alt=\"\" width=\"990\" height=\"658\" srcset=\"https:\/\/www.paudimodel.com\/wp-content\/uploads\/2021\/03\/Volkswagen_Phideon_2020_Black_19.jpg 990w, https:\/\/www.paudimodel.com\/wp-content\/uploads\/2021\/03\/Volkswagen_Phideon_2020_Black_19-300x199.jpg 300w, https:\/\/www.paudimodel.com\/wp-content\/uploads\/2021\/03\/Volkswagen_Phideon_2020_Black_19-450x299.jpg 450w, https:\/\/www.paudimodel.com\/wp-content\/uploads\/2021\/03\/Volkswagen_Phideon_2020_Black_19-768x510.jpg 768w, https:\/\/www.paudimodel.com\/wp-content\/uploads\/2021\/03\/Volkswagen_Phideon_2020_Black_19-705x469.jpg 705w\" sizes=\"auto, (max-width: 990px) 100vw, 990px\" \/> <img loading=\"lazy\" decoding=\"async\" class=\"size-full wp-image-70147 aligncenter\" src=\"https:\/\/www.paudimodel.com\/wp-content\/uploads\/2021\/03\/Volkswagen_Phideon_2020_Black_18.jpg\" alt=\"\" width=\"990\" height=\"658\" srcset=\"https:\/\/www.paudimodel.com\/wp-content\/uploads\/2021\/03\/Volkswagen_Phideon_2020_Black_18.jpg 990w, https:\/\/www.paudimodel.com\/wp-content\/uploads\/2021\/03\/Volkswagen_Phideon_2020_Black_18-300x199.jpg 300w, https:\/\/www.paudimodel.com\/wp-content\/uploads\/2021\/03\/Volkswagen_Phideon_2020_Black_18-450x299.jpg 450w, https:\/\/www.paudimodel.com\/wp-content\/uploads\/2021\/03\/Volkswagen_Phideon_2020_Black_18-768x510.jpg 768w, https:\/\/www.paudimodel.com\/wp-content\/uploads\/2021\/03\/Volkswagen_Phideon_2020_Black_18-705x469.jpg 705w\" sizes=\"auto, (max-width: 990px) 100vw, 990px\" \/> <img loading=\"lazy\" decoding=\"async\" class=\"size-full wp-image-70144 aligncenter\" src=\"https:\/\/www.paudimodel.com\/wp-content\/uploads\/2021\/03\/Volkswagen_Phideon_2020_Black_17.jpg\" alt=\"\" width=\"990\" height=\"658\" srcset=\"https:\/\/www.paudimodel.com\/wp-content\/uploads\/2021\/03\/Volkswagen_Phideon_2020_Black_17.jpg 990w, https:\/\/www.paudimodel.com\/wp-content\/uploads\/2021\/03\/Volkswagen_Phideon_2020_Black_17-300x199.jpg 300w, https:\/\/www.paudimodel.com\/wp-content\/uploads\/2021\/03\/Volkswagen_Phideon_2020_Black_17-450x299.jpg 450w, https:\/\/www.paudimodel.com\/wp-content\/uploads\/2021\/03\/Volkswagen_Phideon_2020_Black_17-768x510.jpg 768w, https:\/\/www.paudimodel.com\/wp-content\/uploads\/2021\/03\/Volkswagen_Phideon_2020_Black_17-705x469.jpg 705w\" sizes=\"auto, (max-width: 990px) 100vw, 990px\" \/><\/p>","protected":false},"excerpt":{"rendered":"<p>Produktcode: 2536BL, 2536GL Farbe: Schwarz, Gold. Dieses Produkt basiert auf den VW-Modellen von Phideon und wurde verkleinert gefertigt. Das Modellauto im Ma\u00dfstab 1:18 ist ein hochwertiges Diecast-Modell aus der VW-Modellauto-Serie. Es besteht aus einer Zinklegierung und ist dreifach elektrostatisch lackiert. [\u2026]<\/p>","protected":false},"featured_media":70138,"comment_status":"open","ping_status":"closed","template":"","meta":[],"product_brand":[],"product_cat":[466,147],"product_tag":[2478,715],"class_list":{"0":"post-70134","1":"product","2":"type-product","3":"status-publish","4":"has-post-thumbnail","6":"product_cat-1-18-scale","7":"product_cat-volkswagen","8":"product_tag-1-18","9":"product_tag-volkswagen","10":"pa_color-blackcolor","11":"pa_color-gold","12":"pa_material-zinc-alloy-abs-variety-of-composite-materials","13":"pa_scale-34","15":"first","16":"instock","17":"taxable","18":"shipping-taxable","19":"purchasable","20":"product-type-variable"},"yoast_head":"<!-- This site is optimized with the Yoast SEO Premium plugin v25.6 (Yoast SEO v26.7) - https:\/\/yoast.com\/wordpress\/plugins\/seo\/ -->\n<title>VW Volkswagen Phideon 2020 1\/18 Scale Diecast Model Car - Paudi Model | High Quality Diecast Model<\/title>\n<meta name=\"description\" content=\"The VW Phideon Miniature adopts zinc alloy material and parts as many as hundreds, is the best choice for collectibles and gifts.\" \/>\n<meta name=\"robots\" content=\"index, follow, max-snippet:-1, max-image-preview:large, max-video-preview:-1\" \/>\n<link rel=\"canonical\" href=\"https:\/\/www.paudimodel.com\/de\/produkt\/vw-volkswagen-phideon-2020-1-18-scale-diecast-model-car-wholesale\/\" \/>\n<meta property=\"og:locale\" content=\"de_DE\" \/>\n<meta property=\"og:type\" content=\"article\" \/>\n<meta property=\"og:title\" content=\"VW Volkswagen Phideon 2020 1\/18 Scale Diecast Model Car\" \/>\n<meta property=\"og:description\" content=\"The VW Phideon Miniature adopts zinc alloy material and parts as many as hundreds, is the best choice for collectibles and gifts.\" \/>\n<meta property=\"og:url\" content=\"https:\/\/www.paudimodel.com\/de\/produkt\/vw-volkswagen-phideon-2020-1-18-scale-diecast-model-car-wholesale\/\" \/>\n<meta property=\"og:site_name\" content=\"Paudi Model | High Quality Diecast Model\" \/>\n<meta property=\"article:publisher\" content=\"https:\/\/www.facebook\/paudimodel\" \/>\n<meta property=\"article:modified_time\" content=\"2021-05-08T11:19:13+00:00\" \/>\n<meta property=\"og:image\" content=\"https:\/\/www.paudimodel.com\/wp-content\/uploads\/2021\/03\/Volkswagen_Phideon_2020_Black_01.jpg\" \/>\n\t<meta property=\"og:image:width\" content=\"990\" \/>\n\t<meta property=\"og:image:height\" content=\"658\" \/>\n\t<meta property=\"og:image:type\" content=\"image\/jpeg\" \/>\n<meta name=\"twitter:card\" content=\"summary_large_image\" \/>\n<meta name=\"twitter:site\" content=\"@paudimodel\" \/>\n<script type=\"application\/ld+json\" class=\"yoast-schema-graph\">{\"@context\":\"https:\/\/schema.org\",\"@graph\":[{\"@type\":\"WebPage\",\"@id\":\"https:\/\/www.paudimodel.com\/product\/vw-volkswagen-phideon-2020-1-18-scale-diecast-model-car-wholesale\/\",\"url\":\"https:\/\/www.paudimodel.com\/product\/vw-volkswagen-phideon-2020-1-18-scale-diecast-model-car-wholesale\/\",\"name\":\"VW Volkswagen Phideon 2020 1\/18 Scale Diecast Model Car - Paudi Model | High Quality Diecast Model\",\"isPartOf\":{\"@id\":\"https:\/\/www.paudimodel.com\/#website\"},\"primaryImageOfPage\":{\"@id\":\"https:\/\/www.paudimodel.com\/product\/vw-volkswagen-phideon-2020-1-18-scale-diecast-model-car-wholesale\/#primaryimage\"},\"image\":{\"@id\":\"https:\/\/www.paudimodel.com\/product\/vw-volkswagen-phideon-2020-1-18-scale-diecast-model-car-wholesale\/#primaryimage\"},\"thumbnailUrl\":\"https:\/\/www.paudimodel.com\/wp-content\/uploads\/2021\/03\/Volkswagen_Phideon_2020_Black_01.jpg\",\"datePublished\":\"2021-03-13T07:43:44+00:00\",\"dateModified\":\"2021-05-08T11:19:13+00:00\",\"description\":\"The VW Phideon Miniature adopts zinc alloy material and parts as many as hundreds, is the best choice for collectibles and gifts.\",\"breadcrumb\":{\"@id\":\"https:\/\/www.paudimodel.com\/product\/vw-volkswagen-phideon-2020-1-18-scale-diecast-model-car-wholesale\/#breadcrumb\"},\"inLanguage\":\"de\",\"potentialAction\":[{\"@type\":\"ReadAction\",\"target\":[\"https:\/\/www.paudimodel.com\/product\/vw-volkswagen-phideon-2020-1-18-scale-diecast-model-car-wholesale\/\"]}]},{\"@type\":\"ImageObject\",\"inLanguage\":\"de\",\"@id\":\"https:\/\/www.paudimodel.com\/product\/vw-volkswagen-phideon-2020-1-18-scale-diecast-model-car-wholesale\/#primaryimage\",\"url\":\"https:\/\/www.paudimodel.com\/wp-content\/uploads\/2021\/03\/Volkswagen_Phideon_2020_Black_01.jpg\",\"contentUrl\":\"https:\/\/www.paudimodel.com\/wp-content\/uploads\/2021\/03\/Volkswagen_Phideon_2020_Black_01.jpg\",\"width\":990,\"height\":658},{\"@type\":\"BreadcrumbList\",\"@id\":\"https:\/\/www.paudimodel.com\/product\/vw-volkswagen-phideon-2020-1-18-scale-diecast-model-car-wholesale\/#breadcrumb\",\"itemListElement\":[{\"@type\":\"ListItem\",\"position\":1,\"name\":\"Home\",\"item\":\"https:\/\/www.paudimodel.com\/\"},{\"@type\":\"ListItem\",\"position\":2,\"name\":\"Products\",\"item\":\"https:\/\/www.paudimodel.com\/products\/\"},{\"@type\":\"ListItem\",\"position\":3,\"name\":\"VW Volkswagen Phideon 2020 1\/18 Scale Diecast Model Car\"}]},{\"@type\":\"WebSite\",\"@id\":\"https:\/\/www.paudimodel.com\/#website\",\"url\":\"https:\/\/www.paudimodel.com\/\",\"name\":\"Paudi Model | High Quality Diecast Model\",\"description\":\"Shop For Diecast Models From Top-Rated Brands Like Dealer Edition, Paudi, Kyosho, Autoart &amp; More. Low Online Prices. Super-Detailed Models.Find Your Make &amp; Model.Huge Selection. Satisfaction Guaranteed. Types: Diecast Model Cars, Diecast Model Trucks.\",\"publisher\":{\"@id\":\"https:\/\/www.paudimodel.com\/#organization\"},\"alternateName\":\"Scale model design, development and production\",\"potentialAction\":[{\"@type\":\"SearchAction\",\"target\":{\"@type\":\"EntryPoint\",\"urlTemplate\":\"https:\/\/www.paudimodel.com\/?s={search_term_string}\"},\"query-input\":{\"@type\":\"PropertyValueSpecification\",\"valueRequired\":true,\"valueName\":\"search_term_string\"}}],\"inLanguage\":\"de\"},{\"@type\":\"Organization\",\"@id\":\"https:\/\/www.paudimodel.com\/#organization\",\"name\":\"Guangzhou Paudi Model Technology Ltd.\",\"url\":\"https:\/\/www.paudimodel.com\/\",\"logo\":{\"@type\":\"ImageObject\",\"inLanguage\":\"de\",\"@id\":\"https:\/\/www.paudimodel.com\/#\/schema\/logo\/image\/\",\"url\":\"https:\/\/www.paudimodel.com\/wp-content\/uploads\/2023\/02\/696x696.png\",\"contentUrl\":\"https:\/\/www.paudimodel.com\/wp-content\/uploads\/2023\/02\/696x696.png\",\"width\":696,\"height\":696,\"caption\":\"Guangzhou Paudi Model Technology Ltd.\"},\"image\":{\"@id\":\"https:\/\/www.paudimodel.com\/#\/schema\/logo\/image\/\"},\"sameAs\":[\"https:\/\/www.facebook\/paudimodel\",\"https:\/\/x.com\/paudimodel\"]}]}<\/script>\n<!-- \/ Yoast SEO Premium plugin. -->","yoast_head_json":{"title":"VW Volkswagen Phideon 2020, Ma\u00dfstab 1:18, Diecast-Modellauto \u2013 Paudi-Modell | Hochwertiges Diecast-Modell","description":"Der VW Phideon Miniature besteht aus einer Zinklegierung und Hunderten von Teilen und ist die beste Wahl f\u00fcr Sammler und als Geschenk.","robots":{"index":"index","follow":"follow","max-snippet":"max-snippet:-1","max-image-preview":"max-image-preview:large","max-video-preview":"max-video-preview:-1"},"canonical":"https:\/\/www.paudimodel.com\/de\/produkt\/vw-volkswagen-phideon-2020-1-18-scale-diecast-model-car-wholesale\/","og_locale":"de_DE","og_type":"article","og_title":"VW Volkswagen Phideon 2020 1\/18 Scale Diecast Model Car","og_description":"The VW Phideon Miniature adopts zinc alloy material and parts as many as hundreds, is the best choice for collectibles and gifts.","og_url":"https:\/\/www.paudimodel.com\/de\/produkt\/vw-volkswagen-phideon-2020-1-18-scale-diecast-model-car-wholesale\/","og_site_name":"Paudi Model | High Quality Diecast Model","article_publisher":"https:\/\/www.facebook\/paudimodel","article_modified_time":"2021-05-08T11:19:13+00:00","og_image":[{"width":990,"height":658,"url":"https:\/\/www.paudimodel.com\/wp-content\/uploads\/2021\/03\/Volkswagen_Phideon_2020_Black_01.jpg","type":"image\/jpeg"}],"twitter_card":"summary_large_image","twitter_site":"@paudimodel","schema":{"@context":"https:\/\/schema.org","@graph":[{"@type":"WebPage","@id":"https:\/\/www.paudimodel.com\/product\/vw-volkswagen-phideon-2020-1-18-scale-diecast-model-car-wholesale\/","url":"https:\/\/www.paudimodel.com\/product\/vw-volkswagen-phideon-2020-1-18-scale-diecast-model-car-wholesale\/","name":"VW Volkswagen Phideon 2020, Ma\u00dfstab 1:18, Diecast-Modellauto \u2013 Paudi-Modell | Hochwertiges Diecast-Modell","isPartOf":{"@id":"https:\/\/www.paudimodel.com\/#website"},"primaryImageOfPage":{"@id":"https:\/\/www.paudimodel.com\/product\/vw-volkswagen-phideon-2020-1-18-scale-diecast-model-car-wholesale\/#primaryimage"},"image":{"@id":"https:\/\/www.paudimodel.com\/product\/vw-volkswagen-phideon-2020-1-18-scale-diecast-model-car-wholesale\/#primaryimage"},"thumbnailUrl":"https:\/\/www.paudimodel.com\/wp-content\/uploads\/2021\/03\/Volkswagen_Phideon_2020_Black_01.jpg","datePublished":"2021-03-13T07:43:44+00:00","dateModified":"2021-05-08T11:19:13+00:00","description":"Der VW Phideon Miniature besteht aus einer Zinklegierung und Hunderten von Teilen und ist die beste Wahl f\u00fcr Sammler und als Geschenk.","breadcrumb":{"@id":"https:\/\/www.paudimodel.com\/product\/vw-volkswagen-phideon-2020-1-18-scale-diecast-model-car-wholesale\/#breadcrumb"},"inLanguage":"de","potentialAction":[{"@type":"ReadAction","target":["https:\/\/www.paudimodel.com\/product\/vw-volkswagen-phideon-2020-1-18-scale-diecast-model-car-wholesale\/"]}]},{"@type":"ImageObject","inLanguage":"de","@id":"https:\/\/www.paudimodel.com\/product\/vw-volkswagen-phideon-2020-1-18-scale-diecast-model-car-wholesale\/#primaryimage","url":"https:\/\/www.paudimodel.com\/wp-content\/uploads\/2021\/03\/Volkswagen_Phideon_2020_Black_01.jpg","contentUrl":"https:\/\/www.paudimodel.com\/wp-content\/uploads\/2021\/03\/Volkswagen_Phideon_2020_Black_01.jpg","width":990,"height":658},{"@type":"BreadcrumbList","@id":"https:\/\/www.paudimodel.com\/product\/vw-volkswagen-phideon-2020-1-18-scale-diecast-model-car-wholesale\/#breadcrumb","itemListElement":[{"@type":"ListItem","position":1,"name":"Home","item":"https:\/\/www.paudimodel.com\/"},{"@type":"ListItem","position":2,"name":"Products","item":"https:\/\/www.paudimodel.com\/products\/"},{"@type":"ListItem","position":3,"name":"VW Volkswagen Phideon 2020 1\/18 Scale Diecast Model Car"}]},{"@type":"WebSite","@id":"https:\/\/www.paudimodel.com\/#website","url":"https:\/\/www.paudimodel.com\/","name":"Paudi-Modell | Hochwertiges Druckgussmodell","description":"Kaufen Sie Druckgussmodelle von Top-Marken wie Dealer Edition, Paudi, Kyosho, Autoart und mehr. G\u00fcnstige Online-Preise. Superdetaillierte Modelle. Finden Sie Ihre Marke und Ihr Modell. Riesige Auswahl. Zufriedenheitsgarantie. Typen: Druckguss-Modellautos, Druckguss-Modell-LKWs.","publisher":{"@id":"https:\/\/www.paudimodel.com\/#organization"},"alternateName":"Scale model design, development and production","potentialAction":[{"@type":"SearchAction","target":{"@type":"EntryPoint","urlTemplate":"https:\/\/www.paudimodel.com\/?s={search_term_string}"},"query-input":{"@type":"PropertyValueSpecification","valueRequired":true,"valueName":"search_term_string"}}],"inLanguage":"de"},{"@type":"Organization","@id":"https:\/\/www.paudimodel.com\/#organization","name":"Guangzhou Paudi Model Technology Ltd.","url":"https:\/\/www.paudimodel.com\/","logo":{"@type":"ImageObject","inLanguage":"de","@id":"https:\/\/www.paudimodel.com\/#\/schema\/logo\/image\/","url":"https:\/\/www.paudimodel.com\/wp-content\/uploads\/2023\/02\/696x696.png","contentUrl":"https:\/\/www.paudimodel.com\/wp-content\/uploads\/2023\/02\/696x696.png","width":696,"height":696,"caption":"Guangzhou Paudi Model Technology Ltd."},"image":{"@id":"https:\/\/www.paudimodel.com\/#\/schema\/logo\/image\/"},"sameAs":["https:\/\/www.facebook\/paudimodel","https:\/\/x.com\/paudimodel"]}]}},"_links":{"self":[{"href":"https:\/\/www.paudimodel.com\/de\/wp-json\/wp\/v2\/product\/70134","targetHints":{"allow":["GET"]}}],"collection":[{"href":"https:\/\/www.paudimodel.com\/de\/wp-json\/wp\/v2\/product"}],"about":[{"href":"https:\/\/www.paudimodel.com\/de\/wp-json\/wp\/v2\/types\/product"}],"replies":[{"embeddable":true,"href":"https:\/\/www.paudimodel.com\/de\/wp-json\/wp\/v2\/comments?post=70134"}],"wp:featuredmedia":[{"embeddable":true,"href":"https:\/\/www.paudimodel.com\/de\/wp-json\/wp\/v2\/media\/70138"}],"wp:attachment":[{"href":"https:\/\/www.paudimodel.com\/de\/wp-json\/wp\/v2\/media?parent=70134"}],"wp:term":[{"taxonomy":"product_brand","embeddable":true,"href":"https:\/\/www.paudimodel.com\/de\/wp-json\/wp\/v2\/product_brand?post=70134"},{"taxonomy":"product_cat","embeddable":true,"href":"https:\/\/www.paudimodel.com\/de\/wp-json\/wp\/v2\/product_cat?post=70134"},{"taxonomy":"product_tag","embeddable":true,"href":"https:\/\/www.paudimodel.com\/de\/wp-json\/wp\/v2\/product_tag?post=70134"}],"curies":[{"name":"wp","href":"https:\/\/api.w.org\/{rel}","templated":true}]}}