{"id":70437,"date":"2022-05-01T09:23:45","date_gmt":"2022-05-01T09:23:45","guid":{"rendered":"https:\/\/www.paudimodel.com\/?post_type=product&#038;p=70437"},"modified":"2025-11-27T10:59:48","modified_gmt":"2025-11-27T10:59:48","slug":"118-nissan-patrol","status":"publish","type":"product","link":"https:\/\/www.paudimodel.com\/de\/produkt\/118-nissan-patrol\/","title":{"rendered":"1:18 2018 Nissan Patrol (Y62) V5.6"},"content":{"rendered":"<p>Die komplett neue sechste Generation des Nissan Patrol, die Baureihe Y62, wurde am 13. Februar 2010 in Abu Dhabi vorgestellt.<sup id=\"cite_ref-9\" class=\"reference\"><\/sup>\u00a0Eine Luxusversion (Z62) wurde ab 2010 als Infiniti QX56 verkauft (das erste Mal seit 1969, dass ein auf dem Patrol basierendes Fahrzeug in Nordamerika angeboten wurde), der sp\u00e4ter umbenannt wurde.\u00a0<a title=\"Infiniti QX80\" href=\"https:\/\/www.infinitiusa.com\/vehicles\/suvs\/qx80.html\">Infiniti QX80<\/a>\u00a0Der Y62 wurde 2013 vorgestellt. In Nordamerika wurde er 2016 unter dem Namen Armada f\u00fcr das Modelljahr 2017 eingef\u00fchrt. Er wurde als Nachfolger der ersten, auf dem Titan basierenden Generation pr\u00e4sentiert.\u00a0<a href=\"https:\/\/www.nissanusa.com\/vehicles\/crossovers-suvs\/armada.html\">Nissan Armada<\/a> (WA60).<\/p>\n<p>Seit 2017 wird der Y62 entweder von einem 4,0-Liter-VQ40DE-V6-Motor mit 275 PS (205 kW) \/ 394 Nm Drehmoment f\u00fcr die Basisversionen XE und SE oder von einem st\u00e4rkeren 5,6-Liter-VK56VD-V8-Motor mit 400 PS (298 kW) \/ 560 Nm Drehmoment f\u00fcr die h\u00f6heren Ausstattungsvarianten angetrieben. Die NISMO-Edition verf\u00fcgt \u00fcber eine getunte Version des 5,6-Liter-V8-Motors mit 28 PS mehr Leistung. Vor der Einf\u00fchrung des 4,0-Liter-V6-Motors war f\u00fcr die Basisversionen ein leistungsschw\u00e4cherer 5,6-Liter-VK56DE-V8-Motor mit 317 PS (236 kW) \/ 526 Nm Drehmoment vorgesehen.<\/p>\n<p>Seit 2017 sind alle Modelle mit einem 7-Gang-Automatikgetriebe ausgestattet, obwohl Nissan zuvor f\u00fcr die Basisversion auch ein 5-Gang-Automatikgetriebe und ein 6-Gang-Schaltgetriebe angeboten hatte. Ein variables 4x4-Fahrmodus-Paket erm\u00f6glicht die Auswahl zwischen vier Fahrmodi: Sand, Stra\u00dfe, Fels und Schnee. Ein hydraulisches Fahrdynamikregelungssystem ist ebenfalls verf\u00fcgbar. Zur Ausstattung geh\u00f6ren ein elektronisch sperrbares Hinterachsdifferenzial, Berganfahr- und Bergabfahrhilfe sowie Spurhalteassistent, computergest\u00fctztes Bremsen und Stabilit\u00e4tskontrolle. Die Infiniti-Version wurde 2010 in den USA eingef\u00fchrt und war der erste dort verkaufte Patrol seit der 60er-Serie. Der Nissan Patrol kam Anfang 2013 in Australien auf den Markt.<sup id=\"cite_ref-y62aus1_8-1\" class=\"reference\"><\/sup><\/p>\n<p>Der Nissan Patrol wird im Nahen Osten in verschiedenen Ausstattungsvarianten angeboten: XE, SE, SE-Platinum City, LE, LE-Titanium, LE-Platinum City und NISMO Edition. In Australien sind die Ausstattungsvarianten Ti und Ti-L erh\u00e4ltlich.<\/p>\n<p>Im Jahr 2014 erfolgte ein umfassendes Facelift mit \u00fcberarbeiteten R\u00fcckleuchten inklusive roter Elemente, kugelf\u00f6rmigen Geh\u00e4usen und integrierten LED-Scheinwerfern. Au\u00dferdem wurde eine neue beige Innenausstattung und neue Felgen eingef\u00fchrt.<\/p>\n<p>Nissan brachte eine limitierte Patrol Black Special Edition in einer Auflage von 200 Einheiten auf den Markt. Diese Fahrzeuge bieten diverse Verbesserungen wie rote Sitze, Chromdetails und eine mattschwarze Au\u00dfenlackierung.<\/p>\n<p>&nbsp;<\/p>\n<p>Unsere sorgf\u00e4ltig gefertigten <a href=\"https:\/\/www.paudimodel.com\/product-category\/1-18-scale\/\">Ma\u00dfstab 1:18<\/a> Das Nissan Patrol Miniaturmodell wird aus einer Legierung gefertigt. Es verf\u00fcgt \u00fcber vier zu \u00f6ffnende T\u00fcren. Unter der Motorhaube ist der V5.6-Motor sichtbar. Die Details im Fahrerhaus sind wundersch\u00f6n nachgebildet. Die R\u00fccksitze lassen sich wie beim Originalfahrzeug flach umklappen.<\/p>\n\n<style type=\"text\/css\" data-created_by=\"avia_inline_auto\" id=\"style-css-av-voaw4l-c9f3961044fff24cc8e7074af6975f42\">\n.avia-video.av-voaw4l-c9f3961044fff24cc8e7074af6975f42{\nbackground-image:url(https:\/\/www.paudimodel.com\/wp-content\/uploads\/2021\/05\/DSC0001-1.jpg);\n}\n<\/style>\n<div  class='avia-video av-voaw4l-c9f3961044fff24cc8e7074af6975f42 avia-video-16-9 av-preview-image avia-video-load-always av-lazyload-immediate av-lazyload-video-embed'  itemprop=\"video\" itemtype=\"https:\/\/schema.org\/VideoObject\"  data-original_url='https:\/\/youtu.be\/qIDmqTYmTmU'><script type='text\/html' class='av-video-tmpl'><div class='avia-iframe-wrap'><iframe loading=\"lazy\" title=\"1:18 Scale Nissan Patrol V5.6 Y62 Diecast Miniature Car By Paudi Model\" width=\"1500\" height=\"844\" src=\"https:\/\/www.youtube.com\/embed\/qIDmqTYmTmU?feature=oembed&autoplay=0&loop=0&controls=1&mute=0\" frameborder=\"0\" allow=\"accelerometer; autoplay; clipboard-write; encrypted-media; gyroscope; picture-in-picture\" allowfullscreen><\/iframe><\/div><\/script><div class='av-click-to-play-overlay'><div class=\"avia_playpause_icon\"><\/div><\/div><\/div>\n<p><img loading=\"lazy\" decoding=\"async\" class=\"aligncenter size-full wp-image-70984\" src=\"https:\/\/www.paudimodel.com\/wp-content\/uploads\/2021\/05\/s01.jpg\" alt=\"\" width=\"950\" height=\"1500\" srcset=\"https:\/\/www.paudimodel.com\/wp-content\/uploads\/2021\/05\/s01.jpg 950w, https:\/\/www.paudimodel.com\/wp-content\/uploads\/2021\/05\/s01-450x711.jpg 450w, https:\/\/www.paudimodel.com\/wp-content\/uploads\/2021\/05\/s01-190x300.jpg 190w, https:\/\/www.paudimodel.com\/wp-content\/uploads\/2021\/05\/s01-652x1030.jpg 652w, https:\/\/www.paudimodel.com\/wp-content\/uploads\/2021\/05\/s01-768x1213.jpg 768w, https:\/\/www.paudimodel.com\/wp-content\/uploads\/2021\/05\/s01-447x705.jpg 447w, https:\/\/www.paudimodel.com\/wp-content\/uploads\/2021\/05\/s01-300x474.jpg 300w, https:\/\/www.paudimodel.com\/wp-content\/uploads\/2021\/05\/s01-20x32.jpg 20w\" sizes=\"auto, (max-width: 950px) 100vw, 950px\" \/><\/p>\n<p><img loading=\"lazy\" decoding=\"async\" class=\"alignnone size-full wp-image-73206\" src=\"https:\/\/www.paudimodel.com\/wp-content\/uploads\/2021\/05\/nissan-patrol-w_010.jpg\" alt=\"\" width=\"900\" height=\"598\" srcset=\"https:\/\/www.paudimodel.com\/wp-content\/uploads\/2021\/05\/nissan-patrol-w_010.jpg 900w, https:\/\/www.paudimodel.com\/wp-content\/uploads\/2021\/05\/nissan-patrol-w_010-300x199.jpg 300w, https:\/\/www.paudimodel.com\/wp-content\/uploads\/2021\/05\/nissan-patrol-w_010-450x299.jpg 450w, https:\/\/www.paudimodel.com\/wp-content\/uploads\/2021\/05\/nissan-patrol-w_010-768x510.jpg 768w, https:\/\/www.paudimodel.com\/wp-content\/uploads\/2021\/05\/nissan-patrol-w_010-705x468.jpg 705w, https:\/\/www.paudimodel.com\/wp-content\/uploads\/2021\/05\/nissan-patrol-w_010-32x21.jpg 32w\" sizes=\"auto, (max-width: 900px) 100vw, 900px\" \/> <img loading=\"lazy\" decoding=\"async\" class=\"alignnone size-full wp-image-73209\" src=\"https:\/\/www.paudimodel.com\/wp-content\/uploads\/2021\/05\/nissan-patrol-w_011.jpg\" alt=\"\" width=\"900\" height=\"598\" srcset=\"https:\/\/www.paudimodel.com\/wp-content\/uploads\/2021\/05\/nissan-patrol-w_011.jpg 900w, https:\/\/www.paudimodel.com\/wp-content\/uploads\/2021\/05\/nissan-patrol-w_011-300x199.jpg 300w, https:\/\/www.paudimodel.com\/wp-content\/uploads\/2021\/05\/nissan-patrol-w_011-450x299.jpg 450w, https:\/\/www.paudimodel.com\/wp-content\/uploads\/2021\/05\/nissan-patrol-w_011-768x510.jpg 768w, https:\/\/www.paudimodel.com\/wp-content\/uploads\/2021\/05\/nissan-patrol-w_011-705x468.jpg 705w, https:\/\/www.paudimodel.com\/wp-content\/uploads\/2021\/05\/nissan-patrol-w_011-32x21.jpg 32w\" sizes=\"auto, (max-width: 900px) 100vw, 900px\" \/> <img loading=\"lazy\" decoding=\"async\" class=\"alignnone size-full wp-image-73212\" src=\"https:\/\/www.paudimodel.com\/wp-content\/uploads\/2021\/05\/nissan-patrol-w_012.jpg\" alt=\"\" width=\"900\" height=\"598\" srcset=\"https:\/\/www.paudimodel.com\/wp-content\/uploads\/2021\/05\/nissan-patrol-w_012.jpg 900w, https:\/\/www.paudimodel.com\/wp-content\/uploads\/2021\/05\/nissan-patrol-w_012-300x199.jpg 300w, https:\/\/www.paudimodel.com\/wp-content\/uploads\/2021\/05\/nissan-patrol-w_012-450x299.jpg 450w, https:\/\/www.paudimodel.com\/wp-content\/uploads\/2021\/05\/nissan-patrol-w_012-768x510.jpg 768w, https:\/\/www.paudimodel.com\/wp-content\/uploads\/2021\/05\/nissan-patrol-w_012-705x468.jpg 705w, https:\/\/www.paudimodel.com\/wp-content\/uploads\/2021\/05\/nissan-patrol-w_012-32x21.jpg 32w\" sizes=\"auto, (max-width: 900px) 100vw, 900px\" \/> <img loading=\"lazy\" decoding=\"async\" class=\"alignnone size-full wp-image-73227\" src=\"https:\/\/www.paudimodel.com\/wp-content\/uploads\/2021\/05\/nissan-patrol-w_017.jpg\" alt=\"\" width=\"900\" height=\"598\" srcset=\"https:\/\/www.paudimodel.com\/wp-content\/uploads\/2021\/05\/nissan-patrol-w_017.jpg 900w, https:\/\/www.paudimodel.com\/wp-content\/uploads\/2021\/05\/nissan-patrol-w_017-300x199.jpg 300w, https:\/\/www.paudimodel.com\/wp-content\/uploads\/2021\/05\/nissan-patrol-w_017-450x299.jpg 450w, https:\/\/www.paudimodel.com\/wp-content\/uploads\/2021\/05\/nissan-patrol-w_017-768x510.jpg 768w, https:\/\/www.paudimodel.com\/wp-content\/uploads\/2021\/05\/nissan-patrol-w_017-705x468.jpg 705w, https:\/\/www.paudimodel.com\/wp-content\/uploads\/2021\/05\/nissan-patrol-w_017-32x21.jpg 32w\" sizes=\"auto, (max-width: 900px) 100vw, 900px\" \/><\/p>\n<p><img loading=\"lazy\" decoding=\"async\" class=\"alignnone size-full wp-image-73406\" src=\"https:\/\/www.paudimodel.com\/wp-content\/uploads\/2021\/05\/nissan-patrol-w_06.1.jpg\" alt=\"\" width=\"900\" height=\"598\" srcset=\"https:\/\/www.paudimodel.com\/wp-content\/uploads\/2021\/05\/nissan-patrol-w_06.1.jpg 900w, https:\/\/www.paudimodel.com\/wp-content\/uploads\/2021\/05\/nissan-patrol-w_06.1-300x199.jpg 300w, https:\/\/www.paudimodel.com\/wp-content\/uploads\/2021\/05\/nissan-patrol-w_06.1-450x299.jpg 450w, https:\/\/www.paudimodel.com\/wp-content\/uploads\/2021\/05\/nissan-patrol-w_06.1-768x510.jpg 768w, https:\/\/www.paudimodel.com\/wp-content\/uploads\/2021\/05\/nissan-patrol-w_06.1-705x468.jpg 705w, https:\/\/www.paudimodel.com\/wp-content\/uploads\/2021\/05\/nissan-patrol-w_06.1-32x21.jpg 32w\" sizes=\"auto, (max-width: 900px) 100vw, 900px\" \/> <img loading=\"lazy\" decoding=\"async\" class=\"alignnone size-full wp-image-73215\" src=\"https:\/\/www.paudimodel.com\/wp-content\/uploads\/2021\/05\/nissan-patrol-w_013.jpg\" alt=\"\" width=\"900\" height=\"598\" srcset=\"https:\/\/www.paudimodel.com\/wp-content\/uploads\/2021\/05\/nissan-patrol-w_013.jpg 900w, https:\/\/www.paudimodel.com\/wp-content\/uploads\/2021\/05\/nissan-patrol-w_013-300x199.jpg 300w, https:\/\/www.paudimodel.com\/wp-content\/uploads\/2021\/05\/nissan-patrol-w_013-450x299.jpg 450w, https:\/\/www.paudimodel.com\/wp-content\/uploads\/2021\/05\/nissan-patrol-w_013-768x510.jpg 768w, https:\/\/www.paudimodel.com\/wp-content\/uploads\/2021\/05\/nissan-patrol-w_013-705x468.jpg 705w, https:\/\/www.paudimodel.com\/wp-content\/uploads\/2021\/05\/nissan-patrol-w_013-32x21.jpg 32w\" sizes=\"auto, (max-width: 900px) 100vw, 900px\" \/> <img loading=\"lazy\" decoding=\"async\" class=\"alignnone size-full wp-image-73221\" src=\"https:\/\/www.paudimodel.com\/wp-content\/uploads\/2021\/05\/nissan-patrol-w_015.jpg\" alt=\"\" width=\"900\" height=\"598\" srcset=\"https:\/\/www.paudimodel.com\/wp-content\/uploads\/2021\/05\/nissan-patrol-w_015.jpg 900w, https:\/\/www.paudimodel.com\/wp-content\/uploads\/2021\/05\/nissan-patrol-w_015-300x199.jpg 300w, https:\/\/www.paudimodel.com\/wp-content\/uploads\/2021\/05\/nissan-patrol-w_015-450x299.jpg 450w, https:\/\/www.paudimodel.com\/wp-content\/uploads\/2021\/05\/nissan-patrol-w_015-768x510.jpg 768w, https:\/\/www.paudimodel.com\/wp-content\/uploads\/2021\/05\/nissan-patrol-w_015-705x468.jpg 705w, https:\/\/www.paudimodel.com\/wp-content\/uploads\/2021\/05\/nissan-patrol-w_015-32x21.jpg 32w\" sizes=\"auto, (max-width: 900px) 100vw, 900px\" \/> <img loading=\"lazy\" decoding=\"async\" class=\"alignnone size-full wp-image-73224\" src=\"https:\/\/www.paudimodel.com\/wp-content\/uploads\/2021\/05\/nissan-patrol-w_016.jpg\" alt=\"\" width=\"900\" height=\"598\" srcset=\"https:\/\/www.paudimodel.com\/wp-content\/uploads\/2021\/05\/nissan-patrol-w_016.jpg 900w, https:\/\/www.paudimodel.com\/wp-content\/uploads\/2021\/05\/nissan-patrol-w_016-300x199.jpg 300w, https:\/\/www.paudimodel.com\/wp-content\/uploads\/2021\/05\/nissan-patrol-w_016-450x299.jpg 450w, https:\/\/www.paudimodel.com\/wp-content\/uploads\/2021\/05\/nissan-patrol-w_016-768x510.jpg 768w, https:\/\/www.paudimodel.com\/wp-content\/uploads\/2021\/05\/nissan-patrol-w_016-705x468.jpg 705w, https:\/\/www.paudimodel.com\/wp-content\/uploads\/2021\/05\/nissan-patrol-w_016-32x21.jpg 32w\" sizes=\"auto, (max-width: 900px) 100vw, 900px\" \/><\/p>","protected":false},"excerpt":{"rendered":"<p>Die komplett neue, sechste Generation des Nissan Patrol (Baureihe Y62) wurde am 13. Februar 2010 in Abu Dhabi vorgestellt. Eine Luxusversion (Z62) wurde ab 2010 als Infiniti QX56 angeboten (erstmals seit 1969 wurde damit wieder ein auf dem Patrol basierendes Fahrzeug in Nordamerika verkauft) und 2013 in Infiniti QX80 umbenannt. Die Einf\u00fchrung des Y62 in Nordamerika erfolgte unter [\u2026]<\/p>","protected":false},"featured_media":76523,"comment_status":"open","ping_status":"closed","template":"","meta":[],"product_brand":[2606],"product_cat":[466,127],"product_tag":[2478,820,2541],"class_list":{"0":"post-70437","1":"product","2":"type-product","3":"status-publish","4":"has-post-thumbnail","6":"product_brand-paudimodel","7":"product_cat-1-18-scale","8":"product_cat-nissan","9":"product_tag-1-18","10":"product_tag-nissan","11":"product_tag-y62","12":"pa_color-whitecolor","13":"pa_material-zinc-alloy-abs-variety-of-composite-materials","14":"pa_scale-34","16":"first","17":"instock","18":"sale","19":"taxable","20":"shipping-taxable","21":"purchasable","22":"product-type-variable","23":"has-default-attributes"},"yoast_head":"<!-- This site is optimized with the Yoast SEO Premium plugin v25.6 (Yoast SEO v26.7) - https:\/\/yoast.com\/wordpress\/plugins\/seo\/ -->\n<title>1:18 2018 Nissan Patrol (Y62) V5.6 - Paudi Model | High Quality Diecast Model<\/title>\n<meta name=\"description\" content=\"The 1:18 Nissan Patrol Y62 model has four doors that can be opened. Open the hood to see the V5.6 engine structure. Get it now!\" \/>\n<meta name=\"robots\" content=\"index, follow, max-snippet:-1, max-image-preview:large, max-video-preview:-1\" \/>\n<link rel=\"canonical\" href=\"https:\/\/www.paudimodel.com\/de\/produkt\/118-nissan-patrol\/\" \/>\n<meta property=\"og:locale\" content=\"de_DE\" \/>\n<meta property=\"og:type\" content=\"article\" \/>\n<meta property=\"og:title\" content=\"1:18 2018 Nissan Patrol (Y62) V5.6\" \/>\n<meta property=\"og:description\" content=\"The Nissan Patrol Y62 model has four doors that can be opened. Open the hood to see the V5.6 engine structure, the details in the cab are beautifully reflected. The rear seats can be folded flat like a real vehicle.\" \/>\n<meta property=\"og:url\" content=\"https:\/\/www.paudimodel.com\/de\/produkt\/118-nissan-patrol\/\" \/>\n<meta property=\"og:site_name\" content=\"Paudi Model | High Quality Diecast Model\" \/>\n<meta property=\"article:publisher\" content=\"https:\/\/www.facebook\/paudimodel\" \/>\n<meta property=\"article:modified_time\" content=\"2025-11-27T10:59:48+00:00\" \/>\n<meta property=\"og:image\" content=\"https:\/\/www.paudimodel.com\/wp-content\/uploads\/2021\/05\/nissan_patrol_W_01.jpg\" \/>\n\t<meta property=\"og:image:width\" content=\"900\" \/>\n\t<meta property=\"og:image:height\" content=\"600\" \/>\n\t<meta property=\"og:image:type\" content=\"image\/jpeg\" \/>\n<meta name=\"twitter:card\" content=\"summary_large_image\" \/>\n<meta name=\"twitter:description\" content=\"The Nissan Patrol Y62 model has four doors that can be opened. Open the hood to see the V5.6 engine structure, the details in the cab are beautifully reflected. The rear seats can be folded flat like a real vehicle.\" \/>\n<meta name=\"twitter:image\" content=\"https:\/\/www.paudimodel.com\/wp-content\/uploads\/2021\/05\/nissan-patrol-w_017.jpg\" \/>\n<meta name=\"twitter:site\" content=\"@paudimodel\" \/>\n<meta name=\"twitter:label1\" content=\"Gesch\u00e4tzte Lesezeit\" \/>\n\t<meta name=\"twitter:data1\" content=\"4\u00a0Minuten\" \/>\n<script type=\"application\/ld+json\" class=\"yoast-schema-graph\">{\"@context\":\"https:\/\/schema.org\",\"@graph\":[{\"@type\":\"WebPage\",\"@id\":\"https:\/\/www.paudimodel.com\/product\/118-nissan-patrol\/\",\"url\":\"https:\/\/www.paudimodel.com\/product\/118-nissan-patrol\/\",\"name\":\"1:18 2018 Nissan Patrol (Y62) V5.6 - Paudi Model | High Quality Diecast Model\",\"isPartOf\":{\"@id\":\"https:\/\/www.paudimodel.com\/#website\"},\"primaryImageOfPage\":{\"@id\":\"https:\/\/www.paudimodel.com\/product\/118-nissan-patrol\/#primaryimage\"},\"image\":{\"@id\":\"https:\/\/www.paudimodel.com\/product\/118-nissan-patrol\/#primaryimage\"},\"thumbnailUrl\":\"https:\/\/www.paudimodel.com\/wp-content\/uploads\/2022\/05\/Nissan_patrol_white.jpg\",\"datePublished\":\"2022-05-01T09:23:45+00:00\",\"dateModified\":\"2025-11-27T10:59:48+00:00\",\"description\":\"The 1:18 Nissan Patrol Y62 model has four doors that can be opened. Open the hood to see the V5.6 engine structure. Get it now!\",\"breadcrumb\":{\"@id\":\"https:\/\/www.paudimodel.com\/product\/118-nissan-patrol\/#breadcrumb\"},\"inLanguage\":\"de\",\"potentialAction\":[{\"@type\":\"ReadAction\",\"target\":[\"https:\/\/www.paudimodel.com\/product\/118-nissan-patrol\/\"]}]},{\"@type\":\"ImageObject\",\"inLanguage\":\"de\",\"@id\":\"https:\/\/www.paudimodel.com\/product\/118-nissan-patrol\/#primaryimage\",\"url\":\"https:\/\/www.paudimodel.com\/wp-content\/uploads\/2022\/05\/Nissan_patrol_white.jpg\",\"contentUrl\":\"https:\/\/www.paudimodel.com\/wp-content\/uploads\/2022\/05\/Nissan_patrol_white.jpg\",\"width\":900,\"height\":600},{\"@type\":\"BreadcrumbList\",\"@id\":\"https:\/\/www.paudimodel.com\/product\/118-nissan-patrol\/#breadcrumb\",\"itemListElement\":[{\"@type\":\"ListItem\",\"position\":1,\"name\":\"Home\",\"item\":\"https:\/\/www.paudimodel.com\/\"},{\"@type\":\"ListItem\",\"position\":2,\"name\":\"Products\",\"item\":\"https:\/\/www.paudimodel.com\/products\/\"},{\"@type\":\"ListItem\",\"position\":3,\"name\":\"1:18 2018 Nissan Patrol (Y62) V5.6\"}]},{\"@type\":\"WebSite\",\"@id\":\"https:\/\/www.paudimodel.com\/#website\",\"url\":\"https:\/\/www.paudimodel.com\/\",\"name\":\"Paudi Model | High Quality Diecast Model\",\"description\":\"Shop For Diecast Models From Top-Rated Brands Like Dealer Edition, Paudi, Kyosho, Autoart &amp; More. Low Online Prices. Super-Detailed Models.Find Your Make &amp; Model.Huge Selection. Satisfaction Guaranteed. Types: Diecast Model Cars, Diecast Model Trucks.\",\"publisher\":{\"@id\":\"https:\/\/www.paudimodel.com\/#organization\"},\"alternateName\":\"Scale model design, development and production\",\"potentialAction\":[{\"@type\":\"SearchAction\",\"target\":{\"@type\":\"EntryPoint\",\"urlTemplate\":\"https:\/\/www.paudimodel.com\/?s={search_term_string}\"},\"query-input\":{\"@type\":\"PropertyValueSpecification\",\"valueRequired\":true,\"valueName\":\"search_term_string\"}}],\"inLanguage\":\"de\"},{\"@type\":\"Organization\",\"@id\":\"https:\/\/www.paudimodel.com\/#organization\",\"name\":\"Guangzhou Paudi Model Technology Ltd.\",\"url\":\"https:\/\/www.paudimodel.com\/\",\"logo\":{\"@type\":\"ImageObject\",\"inLanguage\":\"de\",\"@id\":\"https:\/\/www.paudimodel.com\/#\/schema\/logo\/image\/\",\"url\":\"https:\/\/www.paudimodel.com\/wp-content\/uploads\/2023\/02\/696x696.png\",\"contentUrl\":\"https:\/\/www.paudimodel.com\/wp-content\/uploads\/2023\/02\/696x696.png\",\"width\":696,\"height\":696,\"caption\":\"Guangzhou Paudi Model Technology Ltd.\"},\"image\":{\"@id\":\"https:\/\/www.paudimodel.com\/#\/schema\/logo\/image\/\"},\"sameAs\":[\"https:\/\/www.facebook\/paudimodel\",\"https:\/\/x.com\/paudimodel\"]}]}<\/script>\n<!-- \/ Yoast SEO Premium plugin. -->","yoast_head_json":{"title":"1:18 2018 Nissan Patrol (Y62) V5.6 - Paudi Modell | Hochwertiges Diecast-Modell","description":"Das Nissan Patrol Y62 Modell im Ma\u00dfstab 1:18 verf\u00fcgt \u00fcber vier zu \u00f6ffnende T\u00fcren. \u00d6ffnen Sie die Motorhaube, um den V5.6-Motor zu bewundern. Jetzt zugreifen!","robots":{"index":"index","follow":"follow","max-snippet":"max-snippet:-1","max-image-preview":"max-image-preview:large","max-video-preview":"max-video-preview:-1"},"canonical":"https:\/\/www.paudimodel.com\/de\/produkt\/118-nissan-patrol\/","og_locale":"de_DE","og_type":"article","og_title":"1:18 2018 Nissan Patrol (Y62) V5.6","og_description":"The Nissan Patrol Y62 model has four doors that can be opened. Open the hood to see the V5.6 engine structure, the details in the cab are beautifully reflected. The rear seats can be folded flat like a real vehicle.","og_url":"https:\/\/www.paudimodel.com\/de\/produkt\/118-nissan-patrol\/","og_site_name":"Paudi Model | High Quality Diecast Model","article_publisher":"https:\/\/www.facebook\/paudimodel","article_modified_time":"2025-11-27T10:59:48+00:00","og_image":[{"width":900,"height":600,"url":"https:\/\/www.paudimodel.com\/wp-content\/uploads\/2021\/05\/nissan_patrol_W_01.jpg","type":"image\/jpeg"}],"twitter_card":"summary_large_image","twitter_description":"The Nissan Patrol Y62 model has four doors that can be opened. Open the hood to see the V5.6 engine structure, the details in the cab are beautifully reflected. The rear seats can be folded flat like a real vehicle.","twitter_image":"https:\/\/www.paudimodel.com\/wp-content\/uploads\/2021\/05\/nissan-patrol-w_017.jpg","twitter_site":"@paudimodel","twitter_misc":{"Gesch\u00e4tzte Lesezeit":"4\u00a0Minuten"},"schema":{"@context":"https:\/\/schema.org","@graph":[{"@type":"WebPage","@id":"https:\/\/www.paudimodel.com\/product\/118-nissan-patrol\/","url":"https:\/\/www.paudimodel.com\/product\/118-nissan-patrol\/","name":"1:18 2018 Nissan Patrol (Y62) V5.6 - Paudi Modell | Hochwertiges Diecast-Modell","isPartOf":{"@id":"https:\/\/www.paudimodel.com\/#website"},"primaryImageOfPage":{"@id":"https:\/\/www.paudimodel.com\/product\/118-nissan-patrol\/#primaryimage"},"image":{"@id":"https:\/\/www.paudimodel.com\/product\/118-nissan-patrol\/#primaryimage"},"thumbnailUrl":"https:\/\/www.paudimodel.com\/wp-content\/uploads\/2022\/05\/Nissan_patrol_white.jpg","datePublished":"2022-05-01T09:23:45+00:00","dateModified":"2025-11-27T10:59:48+00:00","description":"Das Nissan Patrol Y62 Modell im Ma\u00dfstab 1:18 verf\u00fcgt \u00fcber vier zu \u00f6ffnende T\u00fcren. \u00d6ffnen Sie die Motorhaube, um den V5.6-Motor zu bewundern. Jetzt zugreifen!","breadcrumb":{"@id":"https:\/\/www.paudimodel.com\/product\/118-nissan-patrol\/#breadcrumb"},"inLanguage":"de","potentialAction":[{"@type":"ReadAction","target":["https:\/\/www.paudimodel.com\/product\/118-nissan-patrol\/"]}]},{"@type":"ImageObject","inLanguage":"de","@id":"https:\/\/www.paudimodel.com\/product\/118-nissan-patrol\/#primaryimage","url":"https:\/\/www.paudimodel.com\/wp-content\/uploads\/2022\/05\/Nissan_patrol_white.jpg","contentUrl":"https:\/\/www.paudimodel.com\/wp-content\/uploads\/2022\/05\/Nissan_patrol_white.jpg","width":900,"height":600},{"@type":"BreadcrumbList","@id":"https:\/\/www.paudimodel.com\/product\/118-nissan-patrol\/#breadcrumb","itemListElement":[{"@type":"ListItem","position":1,"name":"Home","item":"https:\/\/www.paudimodel.com\/"},{"@type":"ListItem","position":2,"name":"Products","item":"https:\/\/www.paudimodel.com\/products\/"},{"@type":"ListItem","position":3,"name":"1:18 2018 Nissan Patrol (Y62) V5.6"}]},{"@type":"WebSite","@id":"https:\/\/www.paudimodel.com\/#website","url":"https:\/\/www.paudimodel.com\/","name":"Paudi-Modell | Hochwertiges Druckgussmodell","description":"Kaufen Sie Druckgussmodelle von Top-Marken wie Dealer Edition, Paudi, Kyosho, Autoart und mehr. G\u00fcnstige Online-Preise. Superdetaillierte Modelle. Finden Sie Ihre Marke und Ihr Modell. Riesige Auswahl. Zufriedenheitsgarantie. Typen: Druckguss-Modellautos, Druckguss-Modell-LKWs.","publisher":{"@id":"https:\/\/www.paudimodel.com\/#organization"},"alternateName":"Scale model design, development and production","potentialAction":[{"@type":"SearchAction","target":{"@type":"EntryPoint","urlTemplate":"https:\/\/www.paudimodel.com\/?s={search_term_string}"},"query-input":{"@type":"PropertyValueSpecification","valueRequired":true,"valueName":"search_term_string"}}],"inLanguage":"de"},{"@type":"Organization","@id":"https:\/\/www.paudimodel.com\/#organization","name":"Guangzhou Paudi Model Technology Ltd.","url":"https:\/\/www.paudimodel.com\/","logo":{"@type":"ImageObject","inLanguage":"de","@id":"https:\/\/www.paudimodel.com\/#\/schema\/logo\/image\/","url":"https:\/\/www.paudimodel.com\/wp-content\/uploads\/2023\/02\/696x696.png","contentUrl":"https:\/\/www.paudimodel.com\/wp-content\/uploads\/2023\/02\/696x696.png","width":696,"height":696,"caption":"Guangzhou Paudi Model Technology Ltd."},"image":{"@id":"https:\/\/www.paudimodel.com\/#\/schema\/logo\/image\/"},"sameAs":["https:\/\/www.facebook\/paudimodel","https:\/\/x.com\/paudimodel"]}]}},"_links":{"self":[{"href":"https:\/\/www.paudimodel.com\/de\/wp-json\/wp\/v2\/product\/70437","targetHints":{"allow":["GET"]}}],"collection":[{"href":"https:\/\/www.paudimodel.com\/de\/wp-json\/wp\/v2\/product"}],"about":[{"href":"https:\/\/www.paudimodel.com\/de\/wp-json\/wp\/v2\/types\/product"}],"replies":[{"embeddable":true,"href":"https:\/\/www.paudimodel.com\/de\/wp-json\/wp\/v2\/comments?post=70437"}],"wp:featuredmedia":[{"embeddable":true,"href":"https:\/\/www.paudimodel.com\/de\/wp-json\/wp\/v2\/media\/76523"}],"wp:attachment":[{"href":"https:\/\/www.paudimodel.com\/de\/wp-json\/wp\/v2\/media?parent=70437"}],"wp:term":[{"taxonomy":"product_brand","embeddable":true,"href":"https:\/\/www.paudimodel.com\/de\/wp-json\/wp\/v2\/product_brand?post=70437"},{"taxonomy":"product_cat","embeddable":true,"href":"https:\/\/www.paudimodel.com\/de\/wp-json\/wp\/v2\/product_cat?post=70437"},{"taxonomy":"product_tag","embeddable":true,"href":"https:\/\/www.paudimodel.com\/de\/wp-json\/wp\/v2\/product_tag?post=70437"}],"curies":[{"name":"wp","href":"https:\/\/api.w.org\/{rel}","templated":true}]}}