{"id":72622,"date":"2021-12-08T03:11:07","date_gmt":"2021-12-08T03:11:07","guid":{"rendered":"https:\/\/www.paudimodel.com\/?post_type=product&#038;p=72622"},"modified":"2024-09-02T07:11:39","modified_gmt":"2024-09-02T07:11:39","slug":"volkswagen-id4-x-1-18-scale-diecast-model-car","status":"publish","type":"product","link":"https:\/\/www.paudimodel.com\/de\/produkt\/volkswagen-id4-x-1-18-scale-diecast-model-car\/","title":{"rendered":"Volkswagen ID4.X Druckguss-Modellauto im Ma\u00dfstab 1:18"},"content":{"rendered":"<p><img loading=\"lazy\" decoding=\"async\" class=\"size-full wp-image-72649 aligncenter\" src=\"https:\/\/www.paudimodel.com\/wp-content\/uploads\/2021\/12\/Volkswagen_ID4X_Yellow_10.gif\" alt=\"Volkswagen ID4.X Yellow\" width=\"900\" height=\"598\" \/> <img loading=\"lazy\" decoding=\"async\" class=\"size-full wp-image-72652 aligncenter\" src=\"https:\/\/www.paudimodel.com\/wp-content\/uploads\/2021\/12\/Volkswagen_ID4X_Yellow_12.gif\" alt=\"Volkswagen ID4.X Yellow\" width=\"990\" height=\"658\" \/> <img loading=\"lazy\" decoding=\"async\" class=\"size-full wp-image-72631 aligncenter\" src=\"https:\/\/www.paudimodel.com\/wp-content\/uploads\/2021\/12\/Volkswagen_ID4X_Yellow_18.gif\" alt=\"Volkswagen ID4.X Yellow\" width=\"990\" height=\"658\" \/> <img loading=\"lazy\" decoding=\"async\" class=\"size-full wp-image-72628 aligncenter\" src=\"https:\/\/www.paudimodel.com\/wp-content\/uploads\/2021\/12\/Volkswagen_ID4X_Yellow_17.gif\" alt=\"Volkswagen ID4.X Yellow\" width=\"990\" height=\"658\" \/> <img loading=\"lazy\" decoding=\"async\" class=\"size-full wp-image-72634 aligncenter\" src=\"https:\/\/www.paudimodel.com\/wp-content\/uploads\/2021\/12\/Volkswagen_ID4X_Yellow_19.gif\" alt=\"Volkswagen ID4.X Yellow\" width=\"990\" height=\"658\" \/><\/p>","protected":false},"excerpt":{"rendered":"<p>Paudi hat das Druckguss-Modellauto im Ma\u00dfstab 1:18 nach dem Vorbild des Originals hergestellt und dabei die traditionelle hohe Qualit\u00e4t von Paudi beibehalten. Das Modellauto weist viele Details auf, wie z. B. Sicherheitszeichen auf dem Glas, echte Gummireifen usw.<\/p>\n<p>Die Funktionen des Modellautos sind wie folgt:<br \/>\n1. Dieses Druckgussfahrzeug hat zu \u00f6ffnende Vorder- und Hintert\u00fcren. Nach dem \u00d6ffnen werden Sie eine erstaunliche Menge an Details auf dem Armaturenbrett sehen.<br \/>\n2. Alle vier R\u00e4der sind drehbar und verf\u00fcgen \u00fcber (Sto\u00dfd\u00e4mpfer).<br \/>\n3. Durch das \u00d6ffnen der Motorhaube wird ein sehr detaillierter Motorraum sichtbar.<br \/>\n4. Lenkrad, das die Vorderr\u00e4der drehen kann.<br \/>\n5. Fahrerhaussitz nach vorne verschiebbar<br \/>\n6. Frontlichter k\u00f6nnen eingeschaltet sein<\/p>","protected":false},"featured_media":72701,"comment_status":"open","ping_status":"closed","template":"","meta":[],"product_brand":[],"product_cat":[466,147],"product_tag":[2535],"class_list":{"0":"post-72622","1":"product","2":"type-product","3":"status-publish","4":"has-post-thumbnail","6":"product_cat-1-18-scale","7":"product_cat-volkswagen","8":"product_tag-suv","9":"pa_color-redcolor","10":"pa_color-yellowcolor","11":"pa_material-diecast-model-car","12":"pa_material-zinc-alloy-abs-variety-of-composite-materials","13":"pa_scale-34","15":"first","16":"instock","17":"taxable","18":"shipping-taxable","19":"purchasable","20":"product-type-variable"},"yoast_head":"<!-- This site is optimized with the Yoast SEO Premium plugin v25.6 (Yoast SEO v26.7) - https:\/\/yoast.com\/wordpress\/plugins\/seo\/ -->\n<title>Volkswagen ID4.X 1\/18 Scale Diecast Model Car - Paudi Model | High Quality Diecast Model<\/title>\n<meta name=\"description\" content=\"The model car showed many details, such as safety signs on the glass, real rubber tires, front lights on, etc.\" \/>\n<meta name=\"robots\" content=\"index, follow, max-snippet:-1, max-image-preview:large, max-video-preview:-1\" \/>\n<link rel=\"canonical\" href=\"https:\/\/www.paudimodel.com\/de\/produkt\/volkswagen-id4-x-1-18-scale-diecast-model-car\/\" \/>\n<meta property=\"og:locale\" content=\"de_DE\" \/>\n<meta property=\"og:type\" content=\"article\" \/>\n<meta property=\"og:title\" content=\"Volkswagen ID4.X 1\/18 Scale Diecast Model Car\" \/>\n<meta property=\"og:description\" content=\"The model car showed many details, such as safety signs on the glass, real rubber tires, front lights on, etc.\" \/>\n<meta property=\"og:url\" content=\"https:\/\/www.paudimodel.com\/de\/produkt\/volkswagen-id4-x-1-18-scale-diecast-model-car\/\" \/>\n<meta property=\"og:site_name\" content=\"Paudi Model | High Quality Diecast Model\" \/>\n<meta property=\"article:publisher\" content=\"https:\/\/www.facebook\/paudimodel\" \/>\n<meta property=\"article:modified_time\" content=\"2024-09-02T07:11:39+00:00\" \/>\n<meta property=\"og:image\" content=\"https:\/\/www.paudimodel.com\/wp-content\/uploads\/2021\/12\/Volkswagen_ID4X_Yellow_01-1.jpg\" \/>\n\t<meta property=\"og:image:width\" content=\"990\" \/>\n\t<meta property=\"og:image:height\" content=\"658\" \/>\n\t<meta property=\"og:image:type\" content=\"image\/jpeg\" \/>\n<meta name=\"twitter:card\" content=\"summary_large_image\" \/>\n<meta name=\"twitter:site\" content=\"@paudimodel\" \/>\n<meta name=\"twitter:label1\" content=\"Gesch\u00e4tzte Lesezeit\" \/>\n\t<meta name=\"twitter:data1\" content=\"1\u00a0Minute\" \/>\n<script type=\"application\/ld+json\" class=\"yoast-schema-graph\">{\"@context\":\"https:\/\/schema.org\",\"@graph\":[{\"@type\":\"WebPage\",\"@id\":\"https:\/\/www.paudimodel.com\/product\/volkswagen-id4-x-1-18-scale-diecast-model-car\/\",\"url\":\"https:\/\/www.paudimodel.com\/product\/volkswagen-id4-x-1-18-scale-diecast-model-car\/\",\"name\":\"Volkswagen ID4.X 1\/18 Scale Diecast Model Car - Paudi Model | High Quality Diecast Model\",\"isPartOf\":{\"@id\":\"https:\/\/www.paudimodel.com\/#website\"},\"primaryImageOfPage\":{\"@id\":\"https:\/\/www.paudimodel.com\/product\/volkswagen-id4-x-1-18-scale-diecast-model-car\/#primaryimage\"},\"image\":{\"@id\":\"https:\/\/www.paudimodel.com\/product\/volkswagen-id4-x-1-18-scale-diecast-model-car\/#primaryimage\"},\"thumbnailUrl\":\"https:\/\/www.paudimodel.com\/wp-content\/uploads\/2021\/12\/Volkswagen_ID4X_Yellow_01-1.jpg\",\"datePublished\":\"2021-12-08T03:11:07+00:00\",\"dateModified\":\"2024-09-02T07:11:39+00:00\",\"description\":\"The model car showed many details, such as safety signs on the glass, real rubber tires, front lights on, etc.\",\"breadcrumb\":{\"@id\":\"https:\/\/www.paudimodel.com\/product\/volkswagen-id4-x-1-18-scale-diecast-model-car\/#breadcrumb\"},\"inLanguage\":\"de\",\"potentialAction\":[{\"@type\":\"ReadAction\",\"target\":[\"https:\/\/www.paudimodel.com\/product\/volkswagen-id4-x-1-18-scale-diecast-model-car\/\"]}]},{\"@type\":\"ImageObject\",\"inLanguage\":\"de\",\"@id\":\"https:\/\/www.paudimodel.com\/product\/volkswagen-id4-x-1-18-scale-diecast-model-car\/#primaryimage\",\"url\":\"https:\/\/www.paudimodel.com\/wp-content\/uploads\/2021\/12\/Volkswagen_ID4X_Yellow_01-1.jpg\",\"contentUrl\":\"https:\/\/www.paudimodel.com\/wp-content\/uploads\/2021\/12\/Volkswagen_ID4X_Yellow_01-1.jpg\",\"width\":990,\"height\":658,\"caption\":\"Volkswagen ID4.X Yellow\"},{\"@type\":\"BreadcrumbList\",\"@id\":\"https:\/\/www.paudimodel.com\/product\/volkswagen-id4-x-1-18-scale-diecast-model-car\/#breadcrumb\",\"itemListElement\":[{\"@type\":\"ListItem\",\"position\":1,\"name\":\"Home\",\"item\":\"https:\/\/www.paudimodel.com\/\"},{\"@type\":\"ListItem\",\"position\":2,\"name\":\"Products\",\"item\":\"https:\/\/www.paudimodel.com\/products\/\"},{\"@type\":\"ListItem\",\"position\":3,\"name\":\"Volkswagen ID4.X 1\/18 Scale Diecast Model Car\"}]},{\"@type\":\"WebSite\",\"@id\":\"https:\/\/www.paudimodel.com\/#website\",\"url\":\"https:\/\/www.paudimodel.com\/\",\"name\":\"Paudi Model | High Quality Diecast Model\",\"description\":\"Shop For Diecast Models From Top-Rated Brands Like Dealer Edition, Paudi, Kyosho, Autoart &amp; More. Low Online Prices. Super-Detailed Models.Find Your Make &amp; Model.Huge Selection. Satisfaction Guaranteed. Types: Diecast Model Cars, Diecast Model Trucks.\",\"publisher\":{\"@id\":\"https:\/\/www.paudimodel.com\/#organization\"},\"alternateName\":\"Scale model design, development and production\",\"potentialAction\":[{\"@type\":\"SearchAction\",\"target\":{\"@type\":\"EntryPoint\",\"urlTemplate\":\"https:\/\/www.paudimodel.com\/?s={search_term_string}\"},\"query-input\":{\"@type\":\"PropertyValueSpecification\",\"valueRequired\":true,\"valueName\":\"search_term_string\"}}],\"inLanguage\":\"de\"},{\"@type\":\"Organization\",\"@id\":\"https:\/\/www.paudimodel.com\/#organization\",\"name\":\"Guangzhou Paudi Model Technology Ltd.\",\"url\":\"https:\/\/www.paudimodel.com\/\",\"logo\":{\"@type\":\"ImageObject\",\"inLanguage\":\"de\",\"@id\":\"https:\/\/www.paudimodel.com\/#\/schema\/logo\/image\/\",\"url\":\"https:\/\/www.paudimodel.com\/wp-content\/uploads\/2023\/02\/696x696.png\",\"contentUrl\":\"https:\/\/www.paudimodel.com\/wp-content\/uploads\/2023\/02\/696x696.png\",\"width\":696,\"height\":696,\"caption\":\"Guangzhou Paudi Model Technology Ltd.\"},\"image\":{\"@id\":\"https:\/\/www.paudimodel.com\/#\/schema\/logo\/image\/\"},\"sameAs\":[\"https:\/\/www.facebook\/paudimodel\",\"https:\/\/x.com\/paudimodel\"]}]}<\/script>\n<!-- \/ Yoast SEO Premium plugin. -->","yoast_head_json":{"title":"Volkswagen ID4.X 1:18 Modellauto aus Druckguss \u2013 Paudi-Modell | Hochwertiges Druckgussmodell","description":"Das Modellauto wies viele Details auf, wie zum Beispiel Sicherheitshinweise auf dem Glas, echte Gummireifen, eingeschaltete Frontscheinwerfer usw.","robots":{"index":"index","follow":"follow","max-snippet":"max-snippet:-1","max-image-preview":"max-image-preview:large","max-video-preview":"max-video-preview:-1"},"canonical":"https:\/\/www.paudimodel.com\/de\/produkt\/volkswagen-id4-x-1-18-scale-diecast-model-car\/","og_locale":"de_DE","og_type":"article","og_title":"Volkswagen ID4.X 1\/18 Scale Diecast Model Car","og_description":"The model car showed many details, such as safety signs on the glass, real rubber tires, front lights on, etc.","og_url":"https:\/\/www.paudimodel.com\/de\/produkt\/volkswagen-id4-x-1-18-scale-diecast-model-car\/","og_site_name":"Paudi Model | High Quality Diecast Model","article_publisher":"https:\/\/www.facebook\/paudimodel","article_modified_time":"2024-09-02T07:11:39+00:00","og_image":[{"width":990,"height":658,"url":"https:\/\/www.paudimodel.com\/wp-content\/uploads\/2021\/12\/Volkswagen_ID4X_Yellow_01-1.jpg","type":"image\/jpeg"}],"twitter_card":"summary_large_image","twitter_site":"@paudimodel","twitter_misc":{"Gesch\u00e4tzte Lesezeit":"1\u00a0Minute"},"schema":{"@context":"https:\/\/schema.org","@graph":[{"@type":"WebPage","@id":"https:\/\/www.paudimodel.com\/product\/volkswagen-id4-x-1-18-scale-diecast-model-car\/","url":"https:\/\/www.paudimodel.com\/product\/volkswagen-id4-x-1-18-scale-diecast-model-car\/","name":"Volkswagen ID4.X 1:18 Modellauto aus Druckguss \u2013 Paudi-Modell | Hochwertiges Druckgussmodell","isPartOf":{"@id":"https:\/\/www.paudimodel.com\/#website"},"primaryImageOfPage":{"@id":"https:\/\/www.paudimodel.com\/product\/volkswagen-id4-x-1-18-scale-diecast-model-car\/#primaryimage"},"image":{"@id":"https:\/\/www.paudimodel.com\/product\/volkswagen-id4-x-1-18-scale-diecast-model-car\/#primaryimage"},"thumbnailUrl":"https:\/\/www.paudimodel.com\/wp-content\/uploads\/2021\/12\/Volkswagen_ID4X_Yellow_01-1.jpg","datePublished":"2021-12-08T03:11:07+00:00","dateModified":"2024-09-02T07:11:39+00:00","description":"Das Modellauto wies viele Details auf, wie zum Beispiel Sicherheitshinweise auf dem Glas, echte Gummireifen, eingeschaltete Frontscheinwerfer usw.","breadcrumb":{"@id":"https:\/\/www.paudimodel.com\/product\/volkswagen-id4-x-1-18-scale-diecast-model-car\/#breadcrumb"},"inLanguage":"de","potentialAction":[{"@type":"ReadAction","target":["https:\/\/www.paudimodel.com\/product\/volkswagen-id4-x-1-18-scale-diecast-model-car\/"]}]},{"@type":"ImageObject","inLanguage":"de","@id":"https:\/\/www.paudimodel.com\/product\/volkswagen-id4-x-1-18-scale-diecast-model-car\/#primaryimage","url":"https:\/\/www.paudimodel.com\/wp-content\/uploads\/2021\/12\/Volkswagen_ID4X_Yellow_01-1.jpg","contentUrl":"https:\/\/www.paudimodel.com\/wp-content\/uploads\/2021\/12\/Volkswagen_ID4X_Yellow_01-1.jpg","width":990,"height":658,"caption":"Volkswagen ID4.X Yellow"},{"@type":"BreadcrumbList","@id":"https:\/\/www.paudimodel.com\/product\/volkswagen-id4-x-1-18-scale-diecast-model-car\/#breadcrumb","itemListElement":[{"@type":"ListItem","position":1,"name":"Home","item":"https:\/\/www.paudimodel.com\/"},{"@type":"ListItem","position":2,"name":"Products","item":"https:\/\/www.paudimodel.com\/products\/"},{"@type":"ListItem","position":3,"name":"Volkswagen ID4.X 1\/18 Scale Diecast Model Car"}]},{"@type":"WebSite","@id":"https:\/\/www.paudimodel.com\/#website","url":"https:\/\/www.paudimodel.com\/","name":"Paudi-Modell | Hochwertiges Druckgussmodell","description":"Kaufen Sie Druckgussmodelle von Top-Marken wie Dealer Edition, Paudi, Kyosho, Autoart und mehr. G\u00fcnstige Online-Preise. Superdetaillierte Modelle. Finden Sie Ihre Marke und Ihr Modell. Riesige Auswahl. Zufriedenheitsgarantie. Typen: Druckguss-Modellautos, Druckguss-Modell-LKWs.","publisher":{"@id":"https:\/\/www.paudimodel.com\/#organization"},"alternateName":"Scale model design, development and production","potentialAction":[{"@type":"SearchAction","target":{"@type":"EntryPoint","urlTemplate":"https:\/\/www.paudimodel.com\/?s={search_term_string}"},"query-input":{"@type":"PropertyValueSpecification","valueRequired":true,"valueName":"search_term_string"}}],"inLanguage":"de"},{"@type":"Organization","@id":"https:\/\/www.paudimodel.com\/#organization","name":"Guangzhou Paudi Model Technology Ltd.","url":"https:\/\/www.paudimodel.com\/","logo":{"@type":"ImageObject","inLanguage":"de","@id":"https:\/\/www.paudimodel.com\/#\/schema\/logo\/image\/","url":"https:\/\/www.paudimodel.com\/wp-content\/uploads\/2023\/02\/696x696.png","contentUrl":"https:\/\/www.paudimodel.com\/wp-content\/uploads\/2023\/02\/696x696.png","width":696,"height":696,"caption":"Guangzhou Paudi Model Technology Ltd."},"image":{"@id":"https:\/\/www.paudimodel.com\/#\/schema\/logo\/image\/"},"sameAs":["https:\/\/www.facebook\/paudimodel","https:\/\/x.com\/paudimodel"]}]}},"_links":{"self":[{"href":"https:\/\/www.paudimodel.com\/de\/wp-json\/wp\/v2\/product\/72622","targetHints":{"allow":["GET"]}}],"collection":[{"href":"https:\/\/www.paudimodel.com\/de\/wp-json\/wp\/v2\/product"}],"about":[{"href":"https:\/\/www.paudimodel.com\/de\/wp-json\/wp\/v2\/types\/product"}],"replies":[{"embeddable":true,"href":"https:\/\/www.paudimodel.com\/de\/wp-json\/wp\/v2\/comments?post=72622"}],"wp:featuredmedia":[{"embeddable":true,"href":"https:\/\/www.paudimodel.com\/de\/wp-json\/wp\/v2\/media\/72701"}],"wp:attachment":[{"href":"https:\/\/www.paudimodel.com\/de\/wp-json\/wp\/v2\/media?parent=72622"}],"wp:term":[{"taxonomy":"product_brand","embeddable":true,"href":"https:\/\/www.paudimodel.com\/de\/wp-json\/wp\/v2\/product_brand?post=72622"},{"taxonomy":"product_cat","embeddable":true,"href":"https:\/\/www.paudimodel.com\/de\/wp-json\/wp\/v2\/product_cat?post=72622"},{"taxonomy":"product_tag","embeddable":true,"href":"https:\/\/www.paudimodel.com\/de\/wp-json\/wp\/v2\/product_tag?post=72622"}],"curies":[{"name":"wp","href":"https:\/\/api.w.org\/{rel}","templated":true}]}}