{"id":78806,"date":"2025-05-28T07:34:45","date_gmt":"2025-05-28T07:34:45","guid":{"rendered":"https:\/\/www.paudimodel.com\/?post_type=product&#038;p=78806"},"modified":"2025-11-27T11:52:00","modified_gmt":"2025-11-27T11:52:00","slug":"118-nissan-n7-diecast-model-car","status":"publish","type":"product","link":"https:\/\/www.paudimodel.com\/de\/produkt\/118-nissan-n7-diecast-model-car\/","title":{"rendered":"1:18 Nissan N7 EV Druckguss-Modellauto"},"content":{"rendered":"<p><strong>Liebe zum Detail | Meisterhafte Handwerkskunst | Hommage an die Innovation<\/strong><\/p>\n<p>Wir pr\u00e4sentieren stolz das brandneue Nissan N7-Modell im Ma\u00dfstab 1:18 \u2013 ein Sammlerst\u00fcck f\u00fcr Modellbauer und Autofans. Jedes Modell basiert auf offiziellen Fahrzeugdaten und gibt die stromlinienf\u00f6rmige Form und die charakteristischen Merkmale des Nissan N7 originalgetreu wieder, um seinen einzigartigen Reiz hervorzuheben.<\/p>\n<p><strong>\u00dcber den N7:<\/strong><br \/>\nDer Nissan N7 ist die brandneue, vollelektrische Mittelklasse-Limousine von Dongfeng Nissan, speziell f\u00fcr chinesische Familien entwickelt. Mit Nissans neuester V-Motion-Designsprache vereint der N7 dynamisches Design mit einem ger\u00e4umigen Innenraum, einem fortschrittlichen Elektroantrieb mit bis zu 625 km CLTC-Reichweite und ultraschneller Ladef\u00e4higkeit. Intelligente Cockpit-Funktionen und fortschrittliche Fahrerassistenzsysteme machen den N7 zu einem aufstrebenden Stern im Markt f\u00fcr Elektrofahrzeuge aus Joint Ventures. Zuk\u00fcnftig wird der N7 auch international erh\u00e4ltlich sein und ein wichtiger Bestandteil von Nissans globaler Elektrifizierungsstrategie werden.<\/p>\n<p><strong>Produkt-Highlights:<\/strong><\/p>\n<p>Exakte Nachbildung des Originalfahrzeugs im Ma\u00dfstab 1:18, sowohl au\u00dfen als auch innen (entwickelt anhand offizieller Fahrzeugdaten)<\/p>\n<p>Konstruktion aus Zinklegierung, dreischichtige Metallic-Lackierung, detailreiche und pr\u00e4zise Ausf\u00fchrung<\/p>\n<p>Vier zu \u00f6ffnende T\u00fcren, funktionsf\u00e4hige Motorhaube und Kofferraumklappe, einklappbare Au\u00dfenspiegel, zu \u00f6ffnende Ladeanschlussabdeckung, lenkbare R\u00e4der mit Gummireifen und funktionierender Federung, funktionsf\u00e4higes Lenkrad<\/p>\n<p>Offizielles Dongfeng Nissan Lizenzprodukt, garantierte Qualit\u00e4t, limitierte Auflage von 2.000 St\u00fcck<\/p>\n<p>Geeignet f\u00fcr Sammler ab 14 Jahren, Modellauto-Fans und als hochwertiges Geschenk<\/p>\n<p>&nbsp;<\/p>\n<p><img loading=\"lazy\" decoding=\"async\" class=\"alignnone size-full wp-image-79718\" src=\"https:\/\/www.paudimodel.com\/wp-content\/uploads\/2025\/05\/Nissan_N7_silver_08-1.jpg\" alt=\"\" width=\"1600\" height=\"1600\" srcset=\"https:\/\/www.paudimodel.com\/wp-content\/uploads\/2025\/05\/Nissan_N7_silver_08-1.jpg 1600w, https:\/\/www.paudimodel.com\/wp-content\/uploads\/2025\/05\/Nissan_N7_silver_08-1-300x300.jpg 300w, https:\/\/www.paudimodel.com\/wp-content\/uploads\/2025\/05\/Nissan_N7_silver_08-1-1030x1030.jpg 1030w, https:\/\/www.paudimodel.com\/wp-content\/uploads\/2025\/05\/Nissan_N7_silver_08-1-80x80.jpg 80w, https:\/\/www.paudimodel.com\/wp-content\/uploads\/2025\/05\/Nissan_N7_silver_08-1-768x768.jpg 768w, https:\/\/www.paudimodel.com\/wp-content\/uploads\/2025\/05\/Nissan_N7_silver_08-1-1536x1536.jpg 1536w, https:\/\/www.paudimodel.com\/wp-content\/uploads\/2025\/05\/Nissan_N7_silver_08-1-12x12.jpg 12w, https:\/\/www.paudimodel.com\/wp-content\/uploads\/2025\/05\/Nissan_N7_silver_08-1-36x36.jpg 36w, https:\/\/www.paudimodel.com\/wp-content\/uploads\/2025\/05\/Nissan_N7_silver_08-1-180x180.jpg 180w, https:\/\/www.paudimodel.com\/wp-content\/uploads\/2025\/05\/Nissan_N7_silver_08-1-1500x1500.jpg 1500w, https:\/\/www.paudimodel.com\/wp-content\/uploads\/2025\/05\/Nissan_N7_silver_08-1-705x705.jpg 705w, https:\/\/www.paudimodel.com\/wp-content\/uploads\/2025\/05\/Nissan_N7_silver_08-1-120x120.jpg 120w, https:\/\/www.paudimodel.com\/wp-content\/uploads\/2025\/05\/Nissan_N7_silver_08-1-450x450.jpg 450w, https:\/\/www.paudimodel.com\/wp-content\/uploads\/2025\/05\/Nissan_N7_silver_08-1-100x100.jpg 100w, https:\/\/www.paudimodel.com\/wp-content\/uploads\/2025\/05\/Nissan_N7_silver_08-1-32x32.jpg 32w\" sizes=\"auto, (max-width: 1600px) 100vw, 1600px\" \/> <img loading=\"lazy\" decoding=\"async\" class=\"alignnone size-full wp-image-79717\" src=\"https:\/\/www.paudimodel.com\/wp-content\/uploads\/2025\/05\/Nissan_N7_silver_04.jpg\" alt=\"\" width=\"1600\" height=\"1600\" srcset=\"https:\/\/www.paudimodel.com\/wp-content\/uploads\/2025\/05\/Nissan_N7_silver_04.jpg 1600w, https:\/\/www.paudimodel.com\/wp-content\/uploads\/2025\/05\/Nissan_N7_silver_04-300x300.jpg 300w, https:\/\/www.paudimodel.com\/wp-content\/uploads\/2025\/05\/Nissan_N7_silver_04-1030x1030.jpg 1030w, https:\/\/www.paudimodel.com\/wp-content\/uploads\/2025\/05\/Nissan_N7_silver_04-80x80.jpg 80w, https:\/\/www.paudimodel.com\/wp-content\/uploads\/2025\/05\/Nissan_N7_silver_04-768x768.jpg 768w, https:\/\/www.paudimodel.com\/wp-content\/uploads\/2025\/05\/Nissan_N7_silver_04-1536x1536.jpg 1536w, https:\/\/www.paudimodel.com\/wp-content\/uploads\/2025\/05\/Nissan_N7_silver_04-12x12.jpg 12w, https:\/\/www.paudimodel.com\/wp-content\/uploads\/2025\/05\/Nissan_N7_silver_04-36x36.jpg 36w, https:\/\/www.paudimodel.com\/wp-content\/uploads\/2025\/05\/Nissan_N7_silver_04-180x180.jpg 180w, https:\/\/www.paudimodel.com\/wp-content\/uploads\/2025\/05\/Nissan_N7_silver_04-1500x1500.jpg 1500w, https:\/\/www.paudimodel.com\/wp-content\/uploads\/2025\/05\/Nissan_N7_silver_04-705x705.jpg 705w, https:\/\/www.paudimodel.com\/wp-content\/uploads\/2025\/05\/Nissan_N7_silver_04-120x120.jpg 120w, https:\/\/www.paudimodel.com\/wp-content\/uploads\/2025\/05\/Nissan_N7_silver_04-450x450.jpg 450w, https:\/\/www.paudimodel.com\/wp-content\/uploads\/2025\/05\/Nissan_N7_silver_04-100x100.jpg 100w, https:\/\/www.paudimodel.com\/wp-content\/uploads\/2025\/05\/Nissan_N7_silver_04-32x32.jpg 32w\" sizes=\"auto, (max-width: 1600px) 100vw, 1600px\" \/> <img loading=\"lazy\" decoding=\"async\" class=\"alignnone size-full wp-image-79715\" src=\"https:\/\/www.paudimodel.com\/wp-content\/uploads\/2025\/05\/Nissan_N7_silver_10-1.jpg\" alt=\"\" width=\"1600\" height=\"1600\" srcset=\"https:\/\/www.paudimodel.com\/wp-content\/uploads\/2025\/05\/Nissan_N7_silver_10-1.jpg 1600w, https:\/\/www.paudimodel.com\/wp-content\/uploads\/2025\/05\/Nissan_N7_silver_10-1-300x300.jpg 300w, https:\/\/www.paudimodel.com\/wp-content\/uploads\/2025\/05\/Nissan_N7_silver_10-1-1030x1030.jpg 1030w, https:\/\/www.paudimodel.com\/wp-content\/uploads\/2025\/05\/Nissan_N7_silver_10-1-80x80.jpg 80w, https:\/\/www.paudimodel.com\/wp-content\/uploads\/2025\/05\/Nissan_N7_silver_10-1-768x768.jpg 768w, https:\/\/www.paudimodel.com\/wp-content\/uploads\/2025\/05\/Nissan_N7_silver_10-1-1536x1536.jpg 1536w, https:\/\/www.paudimodel.com\/wp-content\/uploads\/2025\/05\/Nissan_N7_silver_10-1-12x12.jpg 12w, https:\/\/www.paudimodel.com\/wp-content\/uploads\/2025\/05\/Nissan_N7_silver_10-1-36x36.jpg 36w, https:\/\/www.paudimodel.com\/wp-content\/uploads\/2025\/05\/Nissan_N7_silver_10-1-180x180.jpg 180w, https:\/\/www.paudimodel.com\/wp-content\/uploads\/2025\/05\/Nissan_N7_silver_10-1-1500x1500.jpg 1500w, https:\/\/www.paudimodel.com\/wp-content\/uploads\/2025\/05\/Nissan_N7_silver_10-1-705x705.jpg 705w, https:\/\/www.paudimodel.com\/wp-content\/uploads\/2025\/05\/Nissan_N7_silver_10-1-120x120.jpg 120w, https:\/\/www.paudimodel.com\/wp-content\/uploads\/2025\/05\/Nissan_N7_silver_10-1-450x450.jpg 450w, https:\/\/www.paudimodel.com\/wp-content\/uploads\/2025\/05\/Nissan_N7_silver_10-1-100x100.jpg 100w, https:\/\/www.paudimodel.com\/wp-content\/uploads\/2025\/05\/Nissan_N7_silver_10-1-32x32.jpg 32w\" sizes=\"auto, (max-width: 1600px) 100vw, 1600px\" \/><img loading=\"lazy\" decoding=\"async\" class=\"alignnone size-full wp-image-79260\" src=\"https:\/\/www.paudimodel.com\/wp-content\/uploads\/2025\/05\/Nissan_N7_silver_21.jpg\" alt=\"\" width=\"1600\" height=\"1600\" srcset=\"https:\/\/www.paudimodel.com\/wp-content\/uploads\/2025\/05\/Nissan_N7_silver_21.jpg 1600w, https:\/\/www.paudimodel.com\/wp-content\/uploads\/2025\/05\/Nissan_N7_silver_21-300x300.jpg 300w, https:\/\/www.paudimodel.com\/wp-content\/uploads\/2025\/05\/Nissan_N7_silver_21-1030x1030.jpg 1030w, https:\/\/www.paudimodel.com\/wp-content\/uploads\/2025\/05\/Nissan_N7_silver_21-80x80.jpg 80w, https:\/\/www.paudimodel.com\/wp-content\/uploads\/2025\/05\/Nissan_N7_silver_21-768x768.jpg 768w, https:\/\/www.paudimodel.com\/wp-content\/uploads\/2025\/05\/Nissan_N7_silver_21-1536x1536.jpg 1536w, https:\/\/www.paudimodel.com\/wp-content\/uploads\/2025\/05\/Nissan_N7_silver_21-36x36.jpg 36w, https:\/\/www.paudimodel.com\/wp-content\/uploads\/2025\/05\/Nissan_N7_silver_21-180x180.jpg 180w, https:\/\/www.paudimodel.com\/wp-content\/uploads\/2025\/05\/Nissan_N7_silver_21-1500x1500.jpg 1500w, https:\/\/www.paudimodel.com\/wp-content\/uploads\/2025\/05\/Nissan_N7_silver_21-705x705.jpg 705w, https:\/\/www.paudimodel.com\/wp-content\/uploads\/2025\/05\/Nissan_N7_silver_21-120x120.jpg 120w, https:\/\/www.paudimodel.com\/wp-content\/uploads\/2025\/05\/Nissan_N7_silver_21-450x450.jpg 450w, https:\/\/www.paudimodel.com\/wp-content\/uploads\/2025\/05\/Nissan_N7_silver_21-100x100.jpg 100w, https:\/\/www.paudimodel.com\/wp-content\/uploads\/2025\/05\/Nissan_N7_silver_21-32x32.jpg 32w\" sizes=\"auto, (max-width: 1600px) 100vw, 1600px\" \/><\/p>","protected":false},"excerpt":{"rendered":"<p>Sorgf\u00e4ltige Detailtreue | Meisterhafte Handwerkskunst | Hommage an die Innovation. Wir pr\u00e4sentieren stolz das brandneue Nissan N7-Modell im Ma\u00dfstab 1:18 \u2013 ein Sammlerst\u00fcck f\u00fcr Modellbauer und Automobilbegeisterte. Jedes Modell basiert auf offiziellen Fahrzeugdaten und gibt die stromlinienf\u00f6rmige Form und die charakteristischen Merkmale des Nissan N7 originalgetreu wieder, um seinen einzigartigen Reiz zu unterstreichen. [\u2026]<\/p>","protected":false},"featured_media":79716,"comment_status":"open","ping_status":"closed","template":"","meta":[],"product_brand":[2608],"product_cat":[466,127],"product_tag":[820],"class_list":{"0":"post-78806","1":"product","2":"type-product","3":"status-publish","4":"has-post-thumbnail","6":"product_brand-dongfeng-nissan","7":"product_cat-1-18-scale","8":"product_cat-nissan","9":"product_tag-nissan","10":"pa_color-silver","11":"pa_material-zinc-alloy-abs-variety-of-composite-materials","12":"pa_scale-34","14":"first","15":"instock","16":"featured","17":"taxable","18":"shipping-taxable","19":"purchasable","20":"product-type-simple"},"yoast_head":"<!-- This site is optimized with the Yoast SEO Premium plugin v25.6 (Yoast SEO v26.7) - https:\/\/yoast.com\/wordpress\/plugins\/seo\/ -->\n<title>1:18 Nissan N7 EV Diecast Model Car - Paudi Model | High Quality Diecast Model<\/title>\n<meta name=\"robots\" content=\"index, follow, max-snippet:-1, max-image-preview:large, max-video-preview:-1\" \/>\n<link rel=\"canonical\" href=\"https:\/\/www.paudimodel.com\/de\/produkt\/118-nissan-n7-diecast-model-car\/\" \/>\n<meta property=\"og:locale\" content=\"de_DE\" \/>\n<meta property=\"og:type\" content=\"article\" \/>\n<meta property=\"og:title\" content=\"1:18 Nissan N7 EV Diecast Model Car\" \/>\n<meta property=\"og:url\" content=\"https:\/\/www.paudimodel.com\/de\/produkt\/118-nissan-n7-diecast-model-car\/\" \/>\n<meta property=\"og:site_name\" content=\"Paudi Model | High Quality Diecast Model\" \/>\n<meta property=\"article:publisher\" content=\"https:\/\/www.facebook\/paudimodel\" \/>\n<meta property=\"article:modified_time\" content=\"2025-11-27T11:52:00+00:00\" \/>\n<meta property=\"og:image\" content=\"https:\/\/www.paudimodel.com\/wp-content\/uploads\/2025\/05\/Nissan_N7_silver_01-1.jpg\" \/>\n\t<meta property=\"og:image:width\" content=\"1600\" \/>\n\t<meta property=\"og:image:height\" content=\"1600\" \/>\n\t<meta property=\"og:image:type\" content=\"image\/jpeg\" \/>\n<meta name=\"twitter:card\" content=\"summary_large_image\" \/>\n<meta name=\"twitter:site\" content=\"@paudimodel\" \/>\n<meta name=\"twitter:label1\" content=\"Gesch\u00e4tzte Lesezeit\" \/>\n\t<meta name=\"twitter:data1\" content=\"2\u00a0Minuten\" \/>\n<script type=\"application\/ld+json\" class=\"yoast-schema-graph\">{\"@context\":\"https:\/\/schema.org\",\"@graph\":[{\"@type\":\"WebPage\",\"@id\":\"https:\/\/www.paudimodel.com\/product\/118-nissan-n7-diecast-model-car\/\",\"url\":\"https:\/\/www.paudimodel.com\/product\/118-nissan-n7-diecast-model-car\/\",\"name\":\"1:18 Nissan N7 EV Diecast Model Car - Paudi Model | High Quality Diecast Model\",\"isPartOf\":{\"@id\":\"https:\/\/www.paudimodel.com\/#website\"},\"primaryImageOfPage\":{\"@id\":\"https:\/\/www.paudimodel.com\/product\/118-nissan-n7-diecast-model-car\/#primaryimage\"},\"image\":{\"@id\":\"https:\/\/www.paudimodel.com\/product\/118-nissan-n7-diecast-model-car\/#primaryimage\"},\"thumbnailUrl\":\"https:\/\/www.paudimodel.com\/wp-content\/uploads\/2025\/05\/Nissan_N7_silver_01-1.jpg\",\"datePublished\":\"2025-05-28T07:34:45+00:00\",\"dateModified\":\"2025-11-27T11:52:00+00:00\",\"breadcrumb\":{\"@id\":\"https:\/\/www.paudimodel.com\/product\/118-nissan-n7-diecast-model-car\/#breadcrumb\"},\"inLanguage\":\"de\",\"potentialAction\":[{\"@type\":\"ReadAction\",\"target\":[\"https:\/\/www.paudimodel.com\/product\/118-nissan-n7-diecast-model-car\/\"]}]},{\"@type\":\"ImageObject\",\"inLanguage\":\"de\",\"@id\":\"https:\/\/www.paudimodel.com\/product\/118-nissan-n7-diecast-model-car\/#primaryimage\",\"url\":\"https:\/\/www.paudimodel.com\/wp-content\/uploads\/2025\/05\/Nissan_N7_silver_01-1.jpg\",\"contentUrl\":\"https:\/\/www.paudimodel.com\/wp-content\/uploads\/2025\/05\/Nissan_N7_silver_01-1.jpg\",\"width\":1600,\"height\":1600},{\"@type\":\"BreadcrumbList\",\"@id\":\"https:\/\/www.paudimodel.com\/product\/118-nissan-n7-diecast-model-car\/#breadcrumb\",\"itemListElement\":[{\"@type\":\"ListItem\",\"position\":1,\"name\":\"Home\",\"item\":\"https:\/\/www.paudimodel.com\/\"},{\"@type\":\"ListItem\",\"position\":2,\"name\":\"Products\",\"item\":\"https:\/\/www.paudimodel.com\/products\/\"},{\"@type\":\"ListItem\",\"position\":3,\"name\":\"1:18 Nissan N7 EV Diecast Model Car\"}]},{\"@type\":\"WebSite\",\"@id\":\"https:\/\/www.paudimodel.com\/#website\",\"url\":\"https:\/\/www.paudimodel.com\/\",\"name\":\"Paudi Model | High Quality Diecast Model\",\"description\":\"Shop For Diecast Models From Top-Rated Brands Like Dealer Edition, Paudi, Kyosho, Autoart &amp; More. Low Online Prices. Super-Detailed Models.Find Your Make &amp; Model.Huge Selection. Satisfaction Guaranteed. Types: Diecast Model Cars, Diecast Model Trucks.\",\"publisher\":{\"@id\":\"https:\/\/www.paudimodel.com\/#organization\"},\"alternateName\":\"Scale model design, development and production\",\"potentialAction\":[{\"@type\":\"SearchAction\",\"target\":{\"@type\":\"EntryPoint\",\"urlTemplate\":\"https:\/\/www.paudimodel.com\/?s={search_term_string}\"},\"query-input\":{\"@type\":\"PropertyValueSpecification\",\"valueRequired\":true,\"valueName\":\"search_term_string\"}}],\"inLanguage\":\"de\"},{\"@type\":\"Organization\",\"@id\":\"https:\/\/www.paudimodel.com\/#organization\",\"name\":\"Guangzhou Paudi Model Technology Ltd.\",\"url\":\"https:\/\/www.paudimodel.com\/\",\"logo\":{\"@type\":\"ImageObject\",\"inLanguage\":\"de\",\"@id\":\"https:\/\/www.paudimodel.com\/#\/schema\/logo\/image\/\",\"url\":\"https:\/\/www.paudimodel.com\/wp-content\/uploads\/2023\/02\/696x696.png\",\"contentUrl\":\"https:\/\/www.paudimodel.com\/wp-content\/uploads\/2023\/02\/696x696.png\",\"width\":696,\"height\":696,\"caption\":\"Guangzhou Paudi Model Technology Ltd.\"},\"image\":{\"@id\":\"https:\/\/www.paudimodel.com\/#\/schema\/logo\/image\/\"},\"sameAs\":[\"https:\/\/www.facebook\/paudimodel\",\"https:\/\/x.com\/paudimodel\"]}]}<\/script>\n<!-- \/ Yoast SEO Premium plugin. -->","yoast_head_json":{"title":"Nissan N7 EV Modellauto im Ma\u00dfstab 1:18 \u2013 Paudi-Modell | Hochwertiges Diecast-Modell","robots":{"index":"index","follow":"follow","max-snippet":"max-snippet:-1","max-image-preview":"max-image-preview:large","max-video-preview":"max-video-preview:-1"},"canonical":"https:\/\/www.paudimodel.com\/de\/produkt\/118-nissan-n7-diecast-model-car\/","og_locale":"de_DE","og_type":"article","og_title":"1:18 Nissan N7 EV Diecast Model Car","og_url":"https:\/\/www.paudimodel.com\/de\/produkt\/118-nissan-n7-diecast-model-car\/","og_site_name":"Paudi Model | High Quality Diecast Model","article_publisher":"https:\/\/www.facebook\/paudimodel","article_modified_time":"2025-11-27T11:52:00+00:00","og_image":[{"width":1600,"height":1600,"url":"https:\/\/www.paudimodel.com\/wp-content\/uploads\/2025\/05\/Nissan_N7_silver_01-1.jpg","type":"image\/jpeg"}],"twitter_card":"summary_large_image","twitter_site":"@paudimodel","twitter_misc":{"Gesch\u00e4tzte Lesezeit":"2\u00a0Minuten"},"schema":{"@context":"https:\/\/schema.org","@graph":[{"@type":"WebPage","@id":"https:\/\/www.paudimodel.com\/product\/118-nissan-n7-diecast-model-car\/","url":"https:\/\/www.paudimodel.com\/product\/118-nissan-n7-diecast-model-car\/","name":"Nissan N7 EV Modellauto im Ma\u00dfstab 1:18 \u2013 Paudi-Modell | Hochwertiges Diecast-Modell","isPartOf":{"@id":"https:\/\/www.paudimodel.com\/#website"},"primaryImageOfPage":{"@id":"https:\/\/www.paudimodel.com\/product\/118-nissan-n7-diecast-model-car\/#primaryimage"},"image":{"@id":"https:\/\/www.paudimodel.com\/product\/118-nissan-n7-diecast-model-car\/#primaryimage"},"thumbnailUrl":"https:\/\/www.paudimodel.com\/wp-content\/uploads\/2025\/05\/Nissan_N7_silver_01-1.jpg","datePublished":"2025-05-28T07:34:45+00:00","dateModified":"2025-11-27T11:52:00+00:00","breadcrumb":{"@id":"https:\/\/www.paudimodel.com\/product\/118-nissan-n7-diecast-model-car\/#breadcrumb"},"inLanguage":"de","potentialAction":[{"@type":"ReadAction","target":["https:\/\/www.paudimodel.com\/product\/118-nissan-n7-diecast-model-car\/"]}]},{"@type":"ImageObject","inLanguage":"de","@id":"https:\/\/www.paudimodel.com\/product\/118-nissan-n7-diecast-model-car\/#primaryimage","url":"https:\/\/www.paudimodel.com\/wp-content\/uploads\/2025\/05\/Nissan_N7_silver_01-1.jpg","contentUrl":"https:\/\/www.paudimodel.com\/wp-content\/uploads\/2025\/05\/Nissan_N7_silver_01-1.jpg","width":1600,"height":1600},{"@type":"BreadcrumbList","@id":"https:\/\/www.paudimodel.com\/product\/118-nissan-n7-diecast-model-car\/#breadcrumb","itemListElement":[{"@type":"ListItem","position":1,"name":"Home","item":"https:\/\/www.paudimodel.com\/"},{"@type":"ListItem","position":2,"name":"Products","item":"https:\/\/www.paudimodel.com\/products\/"},{"@type":"ListItem","position":3,"name":"1:18 Nissan N7 EV Diecast Model Car"}]},{"@type":"WebSite","@id":"https:\/\/www.paudimodel.com\/#website","url":"https:\/\/www.paudimodel.com\/","name":"Paudi-Modell | Hochwertiges Druckgussmodell","description":"Kaufen Sie Druckgussmodelle von Top-Marken wie Dealer Edition, Paudi, Kyosho, Autoart und mehr. G\u00fcnstige Online-Preise. Superdetaillierte Modelle. Finden Sie Ihre Marke und Ihr Modell. Riesige Auswahl. Zufriedenheitsgarantie. Typen: Druckguss-Modellautos, Druckguss-Modell-LKWs.","publisher":{"@id":"https:\/\/www.paudimodel.com\/#organization"},"alternateName":"Scale model design, development and production","potentialAction":[{"@type":"SearchAction","target":{"@type":"EntryPoint","urlTemplate":"https:\/\/www.paudimodel.com\/?s={search_term_string}"},"query-input":{"@type":"PropertyValueSpecification","valueRequired":true,"valueName":"search_term_string"}}],"inLanguage":"de"},{"@type":"Organization","@id":"https:\/\/www.paudimodel.com\/#organization","name":"Guangzhou Paudi Model Technology Ltd.","url":"https:\/\/www.paudimodel.com\/","logo":{"@type":"ImageObject","inLanguage":"de","@id":"https:\/\/www.paudimodel.com\/#\/schema\/logo\/image\/","url":"https:\/\/www.paudimodel.com\/wp-content\/uploads\/2023\/02\/696x696.png","contentUrl":"https:\/\/www.paudimodel.com\/wp-content\/uploads\/2023\/02\/696x696.png","width":696,"height":696,"caption":"Guangzhou Paudi Model Technology Ltd."},"image":{"@id":"https:\/\/www.paudimodel.com\/#\/schema\/logo\/image\/"},"sameAs":["https:\/\/www.facebook\/paudimodel","https:\/\/x.com\/paudimodel"]}]}},"_links":{"self":[{"href":"https:\/\/www.paudimodel.com\/de\/wp-json\/wp\/v2\/product\/78806","targetHints":{"allow":["GET"]}}],"collection":[{"href":"https:\/\/www.paudimodel.com\/de\/wp-json\/wp\/v2\/product"}],"about":[{"href":"https:\/\/www.paudimodel.com\/de\/wp-json\/wp\/v2\/types\/product"}],"replies":[{"embeddable":true,"href":"https:\/\/www.paudimodel.com\/de\/wp-json\/wp\/v2\/comments?post=78806"}],"wp:featuredmedia":[{"embeddable":true,"href":"https:\/\/www.paudimodel.com\/de\/wp-json\/wp\/v2\/media\/79716"}],"wp:attachment":[{"href":"https:\/\/www.paudimodel.com\/de\/wp-json\/wp\/v2\/media?parent=78806"}],"wp:term":[{"taxonomy":"product_brand","embeddable":true,"href":"https:\/\/www.paudimodel.com\/de\/wp-json\/wp\/v2\/product_brand?post=78806"},{"taxonomy":"product_cat","embeddable":true,"href":"https:\/\/www.paudimodel.com\/de\/wp-json\/wp\/v2\/product_cat?post=78806"},{"taxonomy":"product_tag","embeddable":true,"href":"https:\/\/www.paudimodel.com\/de\/wp-json\/wp\/v2\/product_tag?post=78806"}],"curies":[{"name":"wp","href":"https:\/\/api.w.org\/{rel}","templated":true}]}}